{"id":1109,"date":"2022-06-30T02:14:42","date_gmt":"2022-06-30T00:14:42","guid":{"rendered":"https:\/\/tps.travel\/tps-touroperators\/"},"modified":"2023-08-05T08:30:44","modified_gmt":"2023-08-05T06:30:44","slug":"tps-voyagistes","status":"publish","type":"page","link":"https:\/\/dev.tps.travel\/fr\/tps-voyagistes\/","title":{"rendered":"Groupement d&rsquo;int\u00e9r\u00eat des voyagistes (GI-TO-TPS)"},"content":{"rendered":"<section class=\"wpb-content-wrapper\"><p>[vc_section css=\u00a0\u00bb.vc_custom_1656015367971{padding-bottom: 0px !important;}\u00a0\u00bb][vc_row full_width=\u00a0\u00bbstretch_row_content_no_spaces\u00a0\u00bb][vc_column]<div class=\"custom-top-banner img-box \" style=\"background-image: url(https:\/\/dev.tps.travel\/wp-content\/uploads\/2022\/06\/banner-touroperators.jpg)\"><div class=\"container relative\"><div class=\"text-box align-center\"><h1>Groupement d&rsquo;int\u00e9r\u00eat des voyagistes (GI-TO-TPS)<\/h1><\/div><\/div><\/div>[\/vc_column][\/vc_row][\/vc_section][vc_section el_class=\u00a0\u00bbbg-9&Prime; css=\u00a0\u00bb.vc_custom_1656016243963{padding-top: 30px !important;}\u00a0\u00bb][vc_row][vc_column]<div class=\"breadcrumbs\"><label><\/label> <a href=\"https:\/\/dev.tps.travel\/fr\/\">Home<\/a><\/div>[vc_column_text]De A, comme l&rsquo;Antarctique, \u00e0 Z, comme Zanzibar, les voyagistes du groupement d&rsquo;int\u00e9r\u00eat TPS-Touroperator (IG-TO-TPS) disposent d&rsquo;un savoir-faire \u00e9tendu en mati\u00e8re de destinations dans leurs domaines de sp\u00e9cialisation respectifs. En combinaison avec une qualit\u00e9 de service \u00e9lev\u00e9e, ils sont le partenaire B2B id\u00e9al pour les voyages individuels et de groupe. L&rsquo;apparence commune de l&rsquo;IG-TO-TPS comprend un mod\u00e8le de commission, des vitrines et des \u00e9v\u00e9nements B2B.<\/p>\n<h3><a href=\"https:\/\/tpstravel.sharepoint.com\/:b:\/s\/TPSCompanyData\/Ec-zuxT814VXmcMsG1uLqC0BBHIPtJJAFboq3Ub1eF2ZbA?e=b4MSFe\" target=\"_blank\" rel=\"noopener\">Vous pouvez trouver le formulaire de collaboration ici.<\/a><\/h3>\n<h3><a href=\"https:\/\/tpstravel.sharepoint.com\/:b:\/s\/TPSCompanyData\/EaKA9aeBIZFRp0XBMyzwsoEBZ6AzDITBnUnb9xZ5CcECPg?e=iP9Wx1\" target=\"_blank\" rel=\"noopener\">Vous trouverez ici le mod\u00e8le de commissions et de service pour 2023<\/a><\/h3>\n<h3><a href=\"https:\/\/tpstravel.sharepoint.com\/:b:\/s\/TPSCompanyData\/EXquD4mktjRctb1jqE-4kIwBlJUVrT3V077KTAV3EM6SEw?e=XixN7A\" target=\"_blank\" rel=\"noopener\">Vous trouverez ici le plan de d\u00e9bit 2023<\/a><\/h3>\n<p>[\/vc_column_text][\/vc_column][\/vc_row][vc_row][vc_column]<div class=\"text-center providers-wrapper wpb_content_element\"><div id=\"all-providers\" class=\"all-providers no-filters\" data-term=\"59\" data-visible=\"0\">        <div id=\"post-5219\" class=\"anbieter post-5219 type-anbieter status-publish hentry anbieter_tag-partenaire-de-voyage anbieter_tag-partenaire-privilegie anbieter_tag-voyagistes-tps-groupe-dinteret\">\n                    <div class=\"img-wrap no-logo\">\n                            <\/div>\n                    <div class=\"text-box\">\n                <div>\n                    <h4 class=\"entry-title\"><a href=\"https:\/\/dev.tps.travel\/fr\/anbieter\/baumeler-reisen-ag\/\">Baumeler Reisen AG<\/a><\/h4>\n                                                                        <div class=\"post-meta\">\n                                <i class=\"icon-language\"><\/i>\n                                <ul class=\"lang-list\">\n                                                                    <li>de<i>, <\/i><\/li>\n                                                                <\/ul>\n                            <\/div>\n                                                            <\/div>\n\n                                    <p>\n                        *** TPS &#8211; PLATIN &#8211; PARTNER ***\n.                        <a href=\"https:\/\/dev.tps.travel\/fr\/anbieter\/baumeler-reisen-ag\/\" class=\"more-link\">D\u00e9tails<\/a>\n                    <\/p>\n                \n                <ul class=\"terms-list\"><li><span>Partenaire de voyage<\/span><\/li><li><span>Partenaire privil\u00e9gi\u00e9<\/span><\/li><li><span>Voyagistes (TPS groupe d'int\u00e9r\u00eat)<\/span><\/li><\/ul>            <\/div>\n        <\/div>\n        <div id=\"post-6549\" class=\"anbieter post-6549 type-anbieter status-publish hentry anbieter_tag-touroperator anbieter_tag-voyagistes-tps-groupe-dinteret\">\n                    <div class=\"img-wrap \">\n                                    <a href=\"https:\/\/dev.tps.travel\/fr\/anbieter\/knecht-reisen-ag\/\">\n                        <img src=\"https:\/\/dev.tps.travel\/wp-content\/uploads\/2022\/09\/Knechtreisen_RGB_Claim_pos_V-scaled.jpg\" alt=\"knecht reisen ag\">\n                    <\/a>\n                            <\/div>\n                    <div class=\"text-box\">\n                <div>\n                    <h4 class=\"entry-title\"><a href=\"https:\/\/dev.tps.travel\/fr\/anbieter\/knecht-reisen-ag\/\">knecht reisen ag<\/a><\/h4>\n                                                                        <div class=\"post-meta\">\n                                <i class=\"icon-language\"><\/i>\n                                <ul class=\"lang-list\">\n                                                                    <li>de<i>, <\/i><\/li>\n                                                                <\/ul>\n                            <\/div>\n                                                            <\/div>\n\n                                    <p>\n                        *** TPS &#8211; PLATIN &#8211; PARTNER ***\u00a0\n.                        <a href=\"https:\/\/dev.tps.travel\/fr\/anbieter\/knecht-reisen-ag\/\" class=\"more-link\">D\u00e9tails<\/a>\n                    <\/p>\n                \n                <ul class=\"terms-list\"><li><span>Tour Operator<\/span><\/li><li><span>Voyagistes (TPS groupe d'int\u00e9r\u00eat)<\/span><\/li><\/ul>            <\/div>\n        <\/div>\n        <div id=\"post-8289\" class=\"anbieter post-8289 type-anbieter status-publish hentry anbieter_tag-touroperator anbieter_tag-voyagistes-tps-groupe-dinteret\">\n                    <div class=\"img-wrap \">\n                                    <a href=\"https:\/\/dev.tps.travel\/fr\/anbieter\/latino-travel\/\">\n                        <img src=\"https:\/\/dev.tps.travel\/wp-content\/uploads\/2022\/11\/image-7.png\" alt=\"Latino Travel\">\n                    <\/a>\n                            <\/div>\n                    <div class=\"text-box\">\n                <div>\n                    <h4 class=\"entry-title\"><a href=\"https:\/\/dev.tps.travel\/fr\/anbieter\/latino-travel\/\">Latino Travel<\/a><\/h4>\n                                                                        <div class=\"post-meta\">\n                                <i class=\"icon-language\"><\/i>\n                                <ul class=\"lang-list\">\n                                                                    <li>de<i>, <\/i><\/li>\n                                                                <\/ul>\n                            <\/div>\n                                                            <\/div>\n\n                                    <p>\n                        *** TPS &#8211; PLATIN &#8211; PARTNER ***\u00a0\n.                        <a href=\"https:\/\/dev.tps.travel\/fr\/anbieter\/latino-travel\/\" class=\"more-link\">D\u00e9tails<\/a>\n                    <\/p>\n                \n                <ul class=\"terms-list\"><li><span>Tour Operator<\/span><\/li><li><span>Voyagistes (TPS groupe d'int\u00e9r\u00eat)<\/span><\/li><\/ul>            <\/div>\n        <\/div>\n        <div id=\"post-8247\" class=\"anbieter post-8247 type-anbieter status-publish has-post-thumbnail hentry anbieter_tag-voyagistes-tps-groupe-dinteret\">\n                    <div class=\"img-wrap \">\n                                    <a href=\"https:\/\/dev.tps.travel\/fr\/anbieter\/lets-go-tours-ag\/\">\n                        <img src=\"https:\/\/dev.tps.travel\/wp-content\/uploads\/2022\/11\/image-2.png\" alt=\"Let&rsquo;s go Tours AG\">\n                    <\/a>\n                            <\/div>\n                    <div class=\"text-box\">\n                <div>\n                    <h4 class=\"entry-title\"><a href=\"https:\/\/dev.tps.travel\/fr\/anbieter\/lets-go-tours-ag\/\">Let&rsquo;s go Tours AG<\/a><\/h4>\n                                                                        <div class=\"post-meta\">\n                                <i class=\"icon-language\"><\/i>\n                                <ul class=\"lang-list\">\n                                                                    <li>de<i>, <\/i><\/li>\n                                                                    <li>fr<i>, <\/i><\/li>\n                                                                <\/ul>\n                            <\/div>\n                                                            <\/div>\n\n                                    <p>\n                        *** TPS &#8211; PLATIN &#8211; PARTNER ***\u00a0\nDepuis 1994, votre tour-op\u00e9rateur sp\u00e9cialis\u00e9 dans l&rsquo;Oc\u00e9an Indien, l&rsquo;Afrique et l&rsquo;Arabie.\nLa combinaison d&rsquo;une.                        <a href=\"https:\/\/dev.tps.travel\/fr\/anbieter\/lets-go-tours-ag\/\" class=\"more-link\">D\u00e9tails<\/a>\n                    <\/p>\n                \n                <ul class=\"terms-list\"><li><span>Voyagistes (TPS groupe d'int\u00e9r\u00eat)<\/span><\/li><\/ul>            <\/div>\n        <\/div>\n        <div id=\"post-4740\" class=\"anbieter post-4740 type-anbieter status-publish hentry anbieter_tag-agences-de-voyages-d-ch anbieter_tag-partenaire-de-voyage anbieter_tag-partenaire-privilegie anbieter_tag-voyagistes anbieter_tag-voyagistes-tps-groupe-dinteret\">\n                    <div class=\"img-wrap \">\n                                    <a href=\"https:\/\/dev.tps.travel\/fr\/anbieter\/rolf-meier-reisen-ag\/\">\n                        <img src=\"https:\/\/dev.tps.travel\/wp-content\/uploads\/2022\/08\/grafik-2.png\" alt=\"Rolf Meier Reisen AG\">\n                    <\/a>\n                            <\/div>\n                    <div class=\"text-box\">\n                <div>\n                    <h4 class=\"entry-title\"><a href=\"https:\/\/dev.tps.travel\/fr\/anbieter\/rolf-meier-reisen-ag\/\">Rolf Meier Reisen AG<\/a><\/h4>\n                                                                        <div class=\"post-meta\">\n                                <i class=\"icon-language\"><\/i>\n                                <ul class=\"lang-list\">\n                                                                    <li>de<i>, <\/i><\/li>\n                                                                <\/ul>\n                            <\/div>\n                                                            <\/div>\n\n                                    <p>\n                        *** TPS - PLATIN - PARTNER ***\r\n\r\nSpezialisierter Reiseveranstalter f\u00fcr Irland, Nordirland, England, Wales, die Kanalinseln (Jersey, Guernsey, Sark, Alderney,.                        <a href=\"https:\/\/dev.tps.travel\/fr\/anbieter\/rolf-meier-reisen-ag\/\" class=\"more-link\">D\u00e9tails<\/a>\n                    <\/p>\n                \n                <ul class=\"terms-list\"><li><span>Agences de voyages D-CH<\/span><\/li><li><span>Partenaire de voyage<\/span><\/li><li><span>Partenaire privil\u00e9gi\u00e9<\/span><\/li><li><span>Voyagistes<\/span><\/li><li><span>\u2026<\/span><\/li><\/ul>            <\/div>\n        <\/div>\n        <div id=\"post-6222\" class=\"anbieter post-6222 type-anbieter status-publish has-post-thumbnail hentry anbieter_tag-agences-de-voyages-d-ch anbieter_tag-partenaire-de-voyage anbieter_tag-voyagistes-tps-groupe-dinteret\">\n                    <div class=\"img-wrap \">\n                                    <a href=\"https:\/\/dev.tps.travel\/fr\/anbieter\/smeraldo-tours\/\">\n                        <img src=\"https:\/\/dev.tps.travel\/wp-content\/uploads\/2022\/09\/Logo_Smeraldo-ohne-Schriftzug.jpg\" alt=\"Smeraldo Tours\">\n                    <\/a>\n                            <\/div>\n                    <div class=\"text-box\">\n                <div>\n                    <h4 class=\"entry-title\"><a href=\"https:\/\/dev.tps.travel\/fr\/anbieter\/smeraldo-tours\/\">Smeraldo Tours<\/a><\/h4>\n                                                                        <div class=\"post-meta\">\n                                <i class=\"icon-language\"><\/i>\n                                <ul class=\"lang-list\">\n                                                                    <li>de<i>, <\/i><\/li>\n                                                                <\/ul>\n                            <\/div>\n                                                            <\/div>\n\n                                    <p>\n                        *** TPS - PLATIN - PARTNER ***\r\n\r\nSpezialist f\u00fcr Italien und die Kanaren\r\n\r\nMassgeschneiderte Rundreisen, unvergessliche Badeferien oder einzigartige Incentive-Reisen, wir.                        <a href=\"https:\/\/dev.tps.travel\/fr\/anbieter\/smeraldo-tours\/\" class=\"more-link\">D\u00e9tails<\/a>\n                    <\/p>\n                \n                <ul class=\"terms-list\"><li><span>Agences de voyages D-CH<\/span><\/li><li><span>Partenaire de voyage<\/span><\/li><li><span>Voyagistes (TPS groupe d'int\u00e9r\u00eat)<\/span><\/li><\/ul>            <\/div>\n        <\/div>\n        <div id=\"post-5568\" class=\"anbieter post-5568 type-anbieter status-publish hentry anbieter_tag-voyagistes-tps-groupe-dinteret\">\n                    <div class=\"img-wrap \">\n                                    <a href=\"https:\/\/dev.tps.travel\/fr\/anbieter\/tourasia\/\">\n                        <img src=\"https:\/\/dev.tps.travel\/wp-content\/uploads\/2022\/09\/logo-farbig-ohne-schriftzug-transparent.png\" alt=\"tourasia\">\n                    <\/a>\n                            <\/div>\n                    <div class=\"text-box\">\n                <div>\n                    <h4 class=\"entry-title\"><a href=\"https:\/\/dev.tps.travel\/fr\/anbieter\/tourasia\/\">tourasia<\/a><\/h4>\n                                                                        <div class=\"post-meta\">\n                                <i class=\"icon-language\"><\/i>\n                                <ul class=\"lang-list\">\n                                                                    <li>de<i>, <\/i><\/li>\n                                                                    <li>fr<i>, <\/i><\/li>\n                                                                <\/ul>\n                            <\/div>\n                                                            <\/div>\n\n                                    <p>\n                        TPS &#8211; PLATIN &#8211; PARTNER\nbienvenue chez tourasia\ntourasia est synonyme de comp\u00e9tence, d&rsquo;exp\u00e9rience et de qualit\u00e9 avec la garantie du.                        <a href=\"https:\/\/dev.tps.travel\/fr\/anbieter\/tourasia\/\" class=\"more-link\">D\u00e9tails<\/a>\n                    <\/p>\n                \n                <ul class=\"terms-list\"><li><span>Voyagistes (TPS groupe d'int\u00e9r\u00eat)<\/span><\/li><\/ul>            <\/div>\n        <\/div>\n        <div id=\"post-8255\" class=\"anbieter post-8255 type-anbieter status-publish hentry anbieter_tag-agences-de-voyages-f-ch anbieter_tag-partenaire-de-voyage anbieter_tag-partenaire-privilegie anbieter_tag-voyagistes-tps-groupe-dinteret\">\n                    <div class=\"img-wrap \">\n                                    <a href=\"https:\/\/dev.tps.travel\/fr\/anbieter\/voyageplan\/\">\n                        <img src=\"https:\/\/dev.tps.travel\/wp-content\/uploads\/2022\/11\/image-3.png\" alt=\"Voyageplan\">\n                    <\/a>\n                            <\/div>\n                    <div class=\"text-box\">\n                <div>\n                    <h4 class=\"entry-title\"><a href=\"https:\/\/dev.tps.travel\/fr\/anbieter\/voyageplan\/\">Voyageplan<\/a><\/h4>\n                                                                        <div class=\"post-meta\">\n                                <i class=\"icon-language\"><\/i>\n                                <ul class=\"lang-list\">\n                                                                    <li>fr<i>, <\/i><\/li>\n                                                                <\/ul>\n                            <\/div>\n                                                            <\/div>\n\n                                    <p>\n                        *** TPS &#8211; PLATIN &#8211; PARTNER ***\u00a0\n.                        <a href=\"https:\/\/dev.tps.travel\/fr\/anbieter\/voyageplan\/\" class=\"more-link\">D\u00e9tails<\/a>\n                    <\/p>\n                \n                <ul class=\"terms-list\"><li><span>Agences de voyages F-CH<\/span><\/li><li><span>Partenaire de voyage<\/span><\/li><li><span>Partenaire privil\u00e9gi\u00e9<\/span><\/li><li><span>Voyagistes (TPS groupe d'int\u00e9r\u00eat)<\/span><\/li><li><span>\u2026<\/span><\/li><\/ul>            <\/div>\n        <\/div>\n\n<\/div><div class=\"not-found text_center\"><h3>Keine Anbieter gefunden<\/h3><\/div><i class=\"preloader\"><\/i><\/div>[\/vc_column][\/vc_row][\/vc_section]<\/p>\n<\/section>","protected":false},"excerpt":{"rendered":"<p>[vc_section css=\u00a0\u00bb.vc_custom_1656015367971{padding-bottom: 0px !important;}\u00a0\u00bb][vc_row full_width=\u00a0\u00bbstretch_row_content_no_spaces\u00a0\u00bb][vc_column][\/vc_column][\/vc_row][\/vc_section][vc_section el_class=\u00a0\u00bbbg-9&Prime; css=\u00a0\u00bb.vc_custom_1656016243963{padding-top: 30px !important;}\u00a0\u00bb][vc_row][vc_column][vc_column_text]De A, comme l&rsquo;Antarctique, \u00e0 Z, comme Zanzibar, les voyagistes du groupement d&rsquo;int\u00e9r\u00eat TPS-Touroperator (IG-TO-TPS) disposent d&rsquo;un savoir-faire \u00e9tendu en mati\u00e8re de destinations dans leurs domaines de sp\u00e9cialisation respectifs. En combinaison avec une qualit\u00e9 de service \u00e9lev\u00e9e, ils sont le partenaire B2B id\u00e9al pour les voyages individuels [&hellip;]<\/p>\n","protected":false},"author":1,"featured_media":0,"parent":0,"menu_order":0,"comment_status":"closed","ping_status":"closed","template":"","meta":{"footnotes":""},"acf":[],"yoast_head":"<!-- This site is optimized with the Yoast SEO plugin v21.1 - https:\/\/yoast.com\/wordpress\/plugins\/seo\/ -->\n<title>Groupement d&#039;int\u00e9r\u00eat des voyagistes (GI-TO-TPS) &ndash; TPS<\/title>\n<meta name=\"robots\" content=\"noindex, follow, max-snippet:-1, max-image-preview:large, max-video-preview:-1\" \/>\n<meta property=\"og:locale\" content=\"fr_FR\" \/>\n<meta property=\"og:type\" content=\"article\" \/>\n<meta property=\"og:title\" content=\"Groupement d&#039;int\u00e9r\u00eat des voyagistes (GI-TO-TPS) &ndash; TPS\" \/>\n<meta property=\"og:description\" content=\"[vc_section css=\u00a0\u00bb.vc_custom_1656015367971{padding-bottom: 0px !important;}\u00a0\u00bb][vc_row full_width=\u00a0\u00bbstretch_row_content_no_spaces\u00a0\u00bb][vc_column][\/vc_column][\/vc_row][\/vc_section][vc_section el_class=\u00a0\u00bbbg-9&Prime; css=\u00a0\u00bb.vc_custom_1656016243963{padding-top: 30px !important;}\u00a0\u00bb][vc_row][vc_column][vc_column_text]De A, comme l&rsquo;Antarctique, \u00e0 Z, comme Zanzibar, les voyagistes du groupement d&rsquo;int\u00e9r\u00eat TPS-Touroperator (IG-TO-TPS) disposent d&rsquo;un savoir-faire \u00e9tendu en mati\u00e8re de destinations dans leurs domaines de sp\u00e9cialisation respectifs. En combinaison avec une qualit\u00e9 de service \u00e9lev\u00e9e, ils sont le partenaire B2B id\u00e9al pour les voyages individuels [&hellip;]\" \/>\n<meta property=\"og:url\" content=\"https:\/\/dev.tps.travel\/fr\/tps-voyagistes\/\" \/>\n<meta property=\"og:site_name\" content=\"TPS\" \/>\n<meta property=\"article:modified_time\" content=\"2023-08-05T06:30:44+00:00\" \/>\n<meta property=\"og:image\" content=\"https:\/\/dev.tps.travel\/wp-content\/uploads\/2022\/06\/logo-blau.jpg\" \/>\n\t<meta property=\"og:image:width\" content=\"580\" \/>\n\t<meta property=\"og:image:height\" content=\"380\" \/>\n\t<meta property=\"og:image:type\" content=\"image\/jpeg\" \/>\n<meta name=\"twitter:card\" content=\"summary_large_image\" \/>\n<meta name=\"twitter:label1\" content=\"Dur\u00e9e de lecture estim\u00e9e\" \/>\n\t<meta name=\"twitter:data1\" content=\"1 minute\" \/>\n<script type=\"application\/ld+json\" class=\"yoast-schema-graph\">{\"@context\":\"https:\/\/schema.org\",\"@graph\":[{\"@type\":\"WebPage\",\"@id\":\"https:\/\/dev.tps.travel\/fr\/tps-voyagistes\/\",\"url\":\"https:\/\/dev.tps.travel\/fr\/tps-voyagistes\/\",\"name\":\"Groupement d'int\u00e9r\u00eat des voyagistes (GI-TO-TPS) &ndash; TPS\",\"isPartOf\":{\"@id\":\"https:\/\/dev.tps.travel\/fr\/#website\"},\"datePublished\":\"2022-06-30T00:14:42+00:00\",\"dateModified\":\"2023-08-05T06:30:44+00:00\",\"breadcrumb\":{\"@id\":\"https:\/\/dev.tps.travel\/fr\/tps-voyagistes\/#breadcrumb\"},\"inLanguage\":\"fr-FR\",\"potentialAction\":[{\"@type\":\"ReadAction\",\"target\":[\"https:\/\/dev.tps.travel\/fr\/tps-voyagistes\/\"]}]},{\"@type\":\"BreadcrumbList\",\"@id\":\"https:\/\/dev.tps.travel\/fr\/tps-voyagistes\/#breadcrumb\",\"itemListElement\":[{\"@type\":\"ListItem\",\"position\":1,\"name\":\"Home\",\"item\":\"https:\/\/dev.tps.travel\/fr\/\"},{\"@type\":\"ListItem\",\"position\":2,\"name\":\"Groupement d&#8217;int\u00e9r\u00eat des voyagistes (GI-TO-TPS)\"}]},{\"@type\":\"WebSite\",\"@id\":\"https:\/\/dev.tps.travel\/fr\/#website\",\"url\":\"https:\/\/dev.tps.travel\/fr\/\",\"name\":\"TPS\",\"description\":\"TRAVEL PROFESSIONALS SWITZERLAND\",\"publisher\":{\"@id\":\"https:\/\/dev.tps.travel\/fr\/#organization\"},\"potentialAction\":[{\"@type\":\"SearchAction\",\"target\":{\"@type\":\"EntryPoint\",\"urlTemplate\":\"https:\/\/dev.tps.travel\/fr\/?s={search_term_string}\"},\"query-input\":\"required name=search_term_string\"}],\"inLanguage\":\"fr-FR\"},{\"@type\":\"Organization\",\"@id\":\"https:\/\/dev.tps.travel\/fr\/#organization\",\"name\":\"TRAVEL PROFESSIONALS SWITZERLAND\",\"url\":\"https:\/\/dev.tps.travel\/fr\/\",\"logo\":{\"@type\":\"ImageObject\",\"inLanguage\":\"fr-FR\",\"@id\":\"https:\/\/dev.tps.travel\/fr\/#\/schema\/logo\/image\/\",\"url\":\"https:\/\/dev.tps.travel\/wp-content\/uploads\/2022\/06\/logo-blau.jpg\",\"contentUrl\":\"https:\/\/dev.tps.travel\/wp-content\/uploads\/2022\/06\/logo-blau.jpg\",\"width\":580,\"height\":380,\"caption\":\"TRAVEL PROFESSIONALS SWITZERLAND\"},\"image\":{\"@id\":\"https:\/\/dev.tps.travel\/fr\/#\/schema\/logo\/image\/\"}}]}<\/script>\n<!-- \/ Yoast SEO plugin. -->","yoast_head_json":{"title":"Groupement d'int\u00e9r\u00eat des voyagistes (GI-TO-TPS) &ndash; TPS","robots":{"index":"noindex","follow":"follow","max-snippet":"max-snippet:-1","max-image-preview":"max-image-preview:large","max-video-preview":"max-video-preview:-1"},"og_locale":"fr_FR","og_type":"article","og_title":"Groupement d'int\u00e9r\u00eat des voyagistes (GI-TO-TPS) &ndash; TPS","og_description":"[vc_section css=\u00a0\u00bb.vc_custom_1656015367971{padding-bottom: 0px !important;}\u00a0\u00bb][vc_row full_width=\u00a0\u00bbstretch_row_content_no_spaces\u00a0\u00bb][vc_column][\/vc_column][\/vc_row][\/vc_section][vc_section el_class=\u00a0\u00bbbg-9&Prime; css=\u00a0\u00bb.vc_custom_1656016243963{padding-top: 30px !important;}\u00a0\u00bb][vc_row][vc_column][vc_column_text]De A, comme l&rsquo;Antarctique, \u00e0 Z, comme Zanzibar, les voyagistes du groupement d&rsquo;int\u00e9r\u00eat TPS-Touroperator (IG-TO-TPS) disposent d&rsquo;un savoir-faire \u00e9tendu en mati\u00e8re de destinations dans leurs domaines de sp\u00e9cialisation respectifs. En combinaison avec une qualit\u00e9 de service \u00e9lev\u00e9e, ils sont le partenaire B2B id\u00e9al pour les voyages individuels [&hellip;]","og_url":"https:\/\/dev.tps.travel\/fr\/tps-voyagistes\/","og_site_name":"TPS","article_modified_time":"2023-08-05T06:30:44+00:00","og_image":[{"width":580,"height":380,"url":"https:\/\/dev.tps.travel\/wp-content\/uploads\/2022\/06\/logo-blau.jpg","type":"image\/jpeg"}],"twitter_card":"summary_large_image","twitter_misc":{"Dur\u00e9e de lecture estim\u00e9e":"1 minute"},"schema":{"@context":"https:\/\/schema.org","@graph":[{"@type":"WebPage","@id":"https:\/\/dev.tps.travel\/fr\/tps-voyagistes\/","url":"https:\/\/dev.tps.travel\/fr\/tps-voyagistes\/","name":"Groupement d'int\u00e9r\u00eat des voyagistes (GI-TO-TPS) &ndash; TPS","isPartOf":{"@id":"https:\/\/dev.tps.travel\/fr\/#website"},"datePublished":"2022-06-30T00:14:42+00:00","dateModified":"2023-08-05T06:30:44+00:00","breadcrumb":{"@id":"https:\/\/dev.tps.travel\/fr\/tps-voyagistes\/#breadcrumb"},"inLanguage":"fr-FR","potentialAction":[{"@type":"ReadAction","target":["https:\/\/dev.tps.travel\/fr\/tps-voyagistes\/"]}]},{"@type":"BreadcrumbList","@id":"https:\/\/dev.tps.travel\/fr\/tps-voyagistes\/#breadcrumb","itemListElement":[{"@type":"ListItem","position":1,"name":"Home","item":"https:\/\/dev.tps.travel\/fr\/"},{"@type":"ListItem","position":2,"name":"Groupement d&#8217;int\u00e9r\u00eat des voyagistes (GI-TO-TPS)"}]},{"@type":"WebSite","@id":"https:\/\/dev.tps.travel\/fr\/#website","url":"https:\/\/dev.tps.travel\/fr\/","name":"TPS","description":"TRAVEL PROFESSIONALS SWITZERLAND","publisher":{"@id":"https:\/\/dev.tps.travel\/fr\/#organization"},"potentialAction":[{"@type":"SearchAction","target":{"@type":"EntryPoint","urlTemplate":"https:\/\/dev.tps.travel\/fr\/?s={search_term_string}"},"query-input":"required name=search_term_string"}],"inLanguage":"fr-FR"},{"@type":"Organization","@id":"https:\/\/dev.tps.travel\/fr\/#organization","name":"TRAVEL PROFESSIONALS SWITZERLAND","url":"https:\/\/dev.tps.travel\/fr\/","logo":{"@type":"ImageObject","inLanguage":"fr-FR","@id":"https:\/\/dev.tps.travel\/fr\/#\/schema\/logo\/image\/","url":"https:\/\/dev.tps.travel\/wp-content\/uploads\/2022\/06\/logo-blau.jpg","contentUrl":"https:\/\/dev.tps.travel\/wp-content\/uploads\/2022\/06\/logo-blau.jpg","width":580,"height":380,"caption":"TRAVEL PROFESSIONALS SWITZERLAND"},"image":{"@id":"https:\/\/dev.tps.travel\/fr\/#\/schema\/logo\/image\/"}}]}},"_links":{"self":[{"href":"https:\/\/dev.tps.travel\/fr\/wp-json\/wp\/v2\/pages\/1109"}],"collection":[{"href":"https:\/\/dev.tps.travel\/fr\/wp-json\/wp\/v2\/pages"}],"about":[{"href":"https:\/\/dev.tps.travel\/fr\/wp-json\/wp\/v2\/types\/page"}],"author":[{"embeddable":true,"href":"https:\/\/dev.tps.travel\/fr\/wp-json\/wp\/v2\/users\/1"}],"replies":[{"embeddable":true,"href":"https:\/\/dev.tps.travel\/fr\/wp-json\/wp\/v2\/comments?post=1109"}],"version-history":[{"count":20,"href":"https:\/\/dev.tps.travel\/fr\/wp-json\/wp\/v2\/pages\/1109\/revisions"}],"predecessor-version":[{"id":16363,"href":"https:\/\/dev.tps.travel\/fr\/wp-json\/wp\/v2\/pages\/1109\/revisions\/16363"}],"wp:attachment":[{"href":"https:\/\/dev.tps.travel\/fr\/wp-json\/wp\/v2\/media?parent=1109"}],"curies":[{"name":"wp","href":"https:\/\/api.w.org\/{rel}","templated":true}]}}