{"id":1363,"date":"2022-07-14T23:49:50","date_gmt":"2022-07-14T21:49:50","guid":{"rendered":"https:\/\/tps.travel\/vorteile-fuer-reisebueros-und-touroperators\/"},"modified":"2022-07-18T12:36:51","modified_gmt":"2022-07-18T10:36:51","slug":"avantages-pour-les-agences-de-voyages-et-les-tour-operateurs","status":"publish","type":"page","link":"https:\/\/dev.tps.travel\/fr\/avantages-pour-les-agences-de-voyages-et-les-tour-operateurs\/","title":{"rendered":"Avantages pour les agences de voyages et les tour-op\u00e9rateurs"},"content":{"rendered":"<section class=\"wpb-content-wrapper\"><p>[vc_section css=\u00a0\u00bb.vc_custom_1656015367971{padding-bottom: 0px !important;}\u00a0\u00bb][vc_row full_width=\u00a0\u00bbstretch_row_content_no_spaces\u00a0\u00bb][vc_column]<div class=\"custom-top-banner img-box \" style=\"background-image: url(https:\/\/dev.tps.travel\/wp-content\/uploads\/2022\/07\/Vorteile.jpg)\"><div class=\"container relative\"><div class=\"text-box align-center\"><h1>Avantages pour les agences de voyages et les tour-op\u00e9rateurs<\/h1><\/div><\/div><\/div>[\/vc_column][\/vc_row][\/vc_section][vc_section el_class=\u00a0\u00bbbg-9&Prime; css=\u00a0\u00bb.vc_custom_1656016243963{padding-top: 30px !important;}\u00a0\u00bb][vc_row][vc_column]<div class=\"breadcrumbs\"><label><\/label> <a href=\"https:\/\/dev.tps.travel\/fr\/\">Home<\/a><\/div>[vc_row_inner][vc_column_inner offset=\u00a0\u00bbvc_col-lg-offset-2 vc_col-lg-8 vc_col-md-offset-1 vc_col-md-10&Prime;]<div class=\"no-image accordion wpb_content_element\"><div class=\"accordion-box\"><div class=\"box-toggle\"><div class=\"head-toggle\"><span class=\"icon\"><\/span><h5>Un bon retour sur investissement<\/h5><\/div><div class=\"content-toggle\">Frais annuels mod\u00e9r\u00e9s - Conditions favorables avec les fournisseurs et prestataires externes Plateforme de services avec market place pour de nombreuses offres - Partage de connaissances, de comp\u00e9tences et de ressources - Conseil et accompagnement juridique, comptable, informatique, marketing - Tour op\u00e9rateur sp\u00e9cialis\u00e9 TPS avec un grand savoir-faire.<\/div><\/div><div class=\"box-toggle\"><div class=\"head-toggle\"><span class=\"icon\"><\/span><h5>Cotisation annuelle mod\u00e9r\u00e9e<\/h5><\/div><div class=\"content-toggle\">Une cotisation annuelle de CHF 1000 par an.<\/div><\/div><div class=\"box-toggle\"><div class=\"head-toggle\"><span class=\"icon\"><\/span><h5>Partage de connaissances, de comp\u00e9tences et de ressources<\/h5><\/div><div class=\"content-toggle\">L'adh\u00e9sion \u00e0 TPS n'apporte pas seulement des avantages financiers. L'adh\u00e9sion \u00e0 TPS n'apporte pas seulement des avantages financiers. Les \u00e9changes entre coll\u00e8gues partageant les m\u00eames id\u00e9es et confront\u00e9es \u00e0 des d\u00e9fis similaires dans leur quotidien professionnel permettent de mieux se situer, d'avoir des perspectives nouvelles et d\u00e9bouchent souvent sur des solutions surprenantes.<\/div><\/div><div class=\"box-toggle\"><div class=\"head-toggle\"><span class=\"icon\"><\/span><h5>Plateforme de services avec place de march\u00e9 pour de nombreuses offres<\/h5><\/div><div class=\"content-toggle\">La plateforme de services TPS repr\u00e9sente la place de march\u00e9 interne Vous recherchez une expertise marketing ou financi\u00e8re pour un projet ? Ou avez-vous une p\u00e9nurie de personnel dans un certain domaine de votre entreprise. Vous pouvez soit proposer vos propres services ici, soit les rechercher vous-m\u00eame. C'est l\u00e0 que l'offre et la demande se rencontrent.<\/div><\/div><div class=\"box-toggle\"><div class=\"head-toggle\"><span class=\"icon\"><\/span><h5>\u00c9change de connaissances, de comp\u00e9tences et de ressources<\/h5><\/div><div class=\"content-toggle\">L'adh\u00e9sion \u00e0 TPS n'apporte pas seulement des avantages financiers. L'\u00e9change entre des personnes partageant les m\u00eames id\u00e9es et confront\u00e9s \u00e0 des d\u00e9fis similaires dans leurs activit\u00e9s quotidiennes vous aide \u00e0 classer correctement votre propre attitude ou perspective et conduit souvent \u00e0 des solutions surprenantes.<\/div><\/div><div class=\"box-toggle\"><div class=\"head-toggle\"><span class=\"icon\"><\/span><h5>Conseil et accompagnement juridique, comptable, informatique, marketing<\/h5><\/div><div class=\"content-toggle\">Que vous ayez besoin d'aide pour des questions juridiques ou que vous souhaitiez consulter un expert financier, marketing ou informatique, nos partenaires sont l\u00e0 pour vous et vous proposent leurs services rapidement et efficacement.<\/div><\/div><div class=\"box-toggle\"><div class=\"head-toggle\"><span class=\"icon\"><\/span><h5>Des Tour op\u00e9rateurs TPS sp\u00e9cialis\u00e9s avec un grand savoir-faire<\/h5><\/div><div class=\"content-toggle\">Nos tour-op\u00e9rateurs TPS garantissent une qualit\u00e9 de service \u00e9lev\u00e9e et une connaissance exceptionnelle des destinations dans lesquelles ils sont sp\u00e9cialis\u00e9s. Leurs nombreuses ann\u00e9es d'exp\u00e9rience et leur professionnalisme se traduisent par des conseils de qualit\u00e9 et des clients satisfaits.<\/div><\/div><\/div><\/div>[\/vc_column_inner][\/vc_row_inner][\/vc_column][\/vc_row][vc_row][vc_column]<div class=\"text-center wpb_content_element\"><a href=\"https:\/\/tps.travel\/fr\/comment-adherer\/\" target=\"_self\" class=\"custom-btn alt\">Comment adh\u00e9rer<\/a><\/div>[\/vc_column][\/vc_row][\/vc_section]<\/p>\n<\/section>","protected":false},"excerpt":{"rendered":"<p>[vc_section css=\u00a0\u00bb.vc_custom_1656015367971{padding-bottom: 0px !important;}\u00a0\u00bb][vc_row full_width=\u00a0\u00bbstretch_row_content_no_spaces\u00a0\u00bb][vc_column][\/vc_column][\/vc_row][\/vc_section][vc_section el_class=\u00a0\u00bbbg-9&Prime; css=\u00a0\u00bb.vc_custom_1656016243963{padding-top: 30px !important;}\u00a0\u00bb][vc_row][vc_column][vc_row_inner][vc_column_inner offset=\u00a0\u00bbvc_col-lg-offset-2 vc_col-lg-8 vc_col-md-offset-1 vc_col-md-10&Prime;][\/vc_column_inner][\/vc_row_inner][\/vc_column][\/vc_row][vc_row][vc_column][\/vc_column][\/vc_row][\/vc_section]<\/p>\n","protected":false},"author":167,"featured_media":0,"parent":0,"menu_order":0,"comment_status":"closed","ping_status":"closed","template":"","meta":{"footnotes":""},"acf":[],"yoast_head":"<!-- This site is optimized with the Yoast SEO plugin v21.1 - https:\/\/yoast.com\/wordpress\/plugins\/seo\/ -->\n<title>Avantages pour les agences de voyages et les tour-op\u00e9rateurs &ndash; TPS<\/title>\n<meta name=\"robots\" content=\"noindex, follow, max-snippet:-1, max-image-preview:large, max-video-preview:-1\" \/>\n<meta property=\"og:locale\" content=\"fr_FR\" \/>\n<meta property=\"og:type\" content=\"article\" \/>\n<meta property=\"og:title\" content=\"Avantages pour les agences de voyages et les tour-op\u00e9rateurs &ndash; TPS\" \/>\n<meta property=\"og:description\" content=\"[vc_section css=\u00a0\u00bb.vc_custom_1656015367971{padding-bottom: 0px !important;}\u00a0\u00bb][vc_row full_width=\u00a0\u00bbstretch_row_content_no_spaces\u00a0\u00bb][vc_column][\/vc_column][\/vc_row][\/vc_section][vc_section el_class=\u00a0\u00bbbg-9&Prime; css=\u00a0\u00bb.vc_custom_1656016243963{padding-top: 30px !important;}\u00a0\u00bb][vc_row][vc_column][vc_row_inner][vc_column_inner offset=\u00a0\u00bbvc_col-lg-offset-2 vc_col-lg-8 vc_col-md-offset-1 vc_col-md-10&Prime;][\/vc_column_inner][\/vc_row_inner][\/vc_column][\/vc_row][vc_row][vc_column][\/vc_column][\/vc_row][\/vc_section]\" \/>\n<meta property=\"og:url\" content=\"https:\/\/dev.tps.travel\/fr\/avantages-pour-les-agences-de-voyages-et-les-tour-operateurs\/\" \/>\n<meta property=\"og:site_name\" content=\"TPS\" \/>\n<meta property=\"article:modified_time\" content=\"2022-07-18T10:36:51+00:00\" \/>\n<meta property=\"og:image\" content=\"https:\/\/dev.tps.travel\/wp-content\/uploads\/2022\/06\/logo-blau.jpg\" \/>\n\t<meta property=\"og:image:width\" content=\"580\" \/>\n\t<meta property=\"og:image:height\" content=\"380\" \/>\n\t<meta property=\"og:image:type\" content=\"image\/jpeg\" \/>\n<meta name=\"twitter:card\" content=\"summary_large_image\" \/>\n<meta name=\"twitter:label1\" content=\"Dur\u00e9e de lecture estim\u00e9e\" \/>\n\t<meta name=\"twitter:data1\" content=\"1 minute\" \/>\n<script type=\"application\/ld+json\" class=\"yoast-schema-graph\">{\"@context\":\"https:\/\/schema.org\",\"@graph\":[{\"@type\":\"WebPage\",\"@id\":\"https:\/\/dev.tps.travel\/fr\/avantages-pour-les-agences-de-voyages-et-les-tour-operateurs\/\",\"url\":\"https:\/\/dev.tps.travel\/fr\/avantages-pour-les-agences-de-voyages-et-les-tour-operateurs\/\",\"name\":\"Avantages pour les agences de voyages et les tour-op\u00e9rateurs &ndash; TPS\",\"isPartOf\":{\"@id\":\"https:\/\/dev.tps.travel\/fr\/#website\"},\"datePublished\":\"2022-07-14T21:49:50+00:00\",\"dateModified\":\"2022-07-18T10:36:51+00:00\",\"breadcrumb\":{\"@id\":\"https:\/\/dev.tps.travel\/fr\/avantages-pour-les-agences-de-voyages-et-les-tour-operateurs\/#breadcrumb\"},\"inLanguage\":\"fr-FR\",\"potentialAction\":[{\"@type\":\"ReadAction\",\"target\":[\"https:\/\/dev.tps.travel\/fr\/avantages-pour-les-agences-de-voyages-et-les-tour-operateurs\/\"]}]},{\"@type\":\"BreadcrumbList\",\"@id\":\"https:\/\/dev.tps.travel\/fr\/avantages-pour-les-agences-de-voyages-et-les-tour-operateurs\/#breadcrumb\",\"itemListElement\":[{\"@type\":\"ListItem\",\"position\":1,\"name\":\"Home\",\"item\":\"https:\/\/dev.tps.travel\/fr\/\"},{\"@type\":\"ListItem\",\"position\":2,\"name\":\"Avantages pour les agences de voyages et les tour-op\u00e9rateurs\"}]},{\"@type\":\"WebSite\",\"@id\":\"https:\/\/dev.tps.travel\/fr\/#website\",\"url\":\"https:\/\/dev.tps.travel\/fr\/\",\"name\":\"TPS\",\"description\":\"TRAVEL PROFESSIONALS SWITZERLAND\",\"publisher\":{\"@id\":\"https:\/\/dev.tps.travel\/fr\/#organization\"},\"potentialAction\":[{\"@type\":\"SearchAction\",\"target\":{\"@type\":\"EntryPoint\",\"urlTemplate\":\"https:\/\/dev.tps.travel\/fr\/?s={search_term_string}\"},\"query-input\":\"required name=search_term_string\"}],\"inLanguage\":\"fr-FR\"},{\"@type\":\"Organization\",\"@id\":\"https:\/\/dev.tps.travel\/fr\/#organization\",\"name\":\"TRAVEL PROFESSIONALS SWITZERLAND\",\"url\":\"https:\/\/dev.tps.travel\/fr\/\",\"logo\":{\"@type\":\"ImageObject\",\"inLanguage\":\"fr-FR\",\"@id\":\"https:\/\/dev.tps.travel\/fr\/#\/schema\/logo\/image\/\",\"url\":\"https:\/\/dev.tps.travel\/wp-content\/uploads\/2022\/06\/logo-blau.jpg\",\"contentUrl\":\"https:\/\/dev.tps.travel\/wp-content\/uploads\/2022\/06\/logo-blau.jpg\",\"width\":580,\"height\":380,\"caption\":\"TRAVEL PROFESSIONALS SWITZERLAND\"},\"image\":{\"@id\":\"https:\/\/dev.tps.travel\/fr\/#\/schema\/logo\/image\/\"}}]}<\/script>\n<!-- \/ Yoast SEO plugin. -->","yoast_head_json":{"title":"Avantages pour les agences de voyages et les tour-op\u00e9rateurs &ndash; TPS","robots":{"index":"noindex","follow":"follow","max-snippet":"max-snippet:-1","max-image-preview":"max-image-preview:large","max-video-preview":"max-video-preview:-1"},"og_locale":"fr_FR","og_type":"article","og_title":"Avantages pour les agences de voyages et les tour-op\u00e9rateurs &ndash; TPS","og_description":"[vc_section css=\u00a0\u00bb.vc_custom_1656015367971{padding-bottom: 0px !important;}\u00a0\u00bb][vc_row full_width=\u00a0\u00bbstretch_row_content_no_spaces\u00a0\u00bb][vc_column][\/vc_column][\/vc_row][\/vc_section][vc_section el_class=\u00a0\u00bbbg-9&Prime; css=\u00a0\u00bb.vc_custom_1656016243963{padding-top: 30px !important;}\u00a0\u00bb][vc_row][vc_column][vc_row_inner][vc_column_inner offset=\u00a0\u00bbvc_col-lg-offset-2 vc_col-lg-8 vc_col-md-offset-1 vc_col-md-10&Prime;][\/vc_column_inner][\/vc_row_inner][\/vc_column][\/vc_row][vc_row][vc_column][\/vc_column][\/vc_row][\/vc_section]","og_url":"https:\/\/dev.tps.travel\/fr\/avantages-pour-les-agences-de-voyages-et-les-tour-operateurs\/","og_site_name":"TPS","article_modified_time":"2022-07-18T10:36:51+00:00","og_image":[{"width":580,"height":380,"url":"https:\/\/dev.tps.travel\/wp-content\/uploads\/2022\/06\/logo-blau.jpg","type":"image\/jpeg"}],"twitter_card":"summary_large_image","twitter_misc":{"Dur\u00e9e de lecture estim\u00e9e":"1 minute"},"schema":{"@context":"https:\/\/schema.org","@graph":[{"@type":"WebPage","@id":"https:\/\/dev.tps.travel\/fr\/avantages-pour-les-agences-de-voyages-et-les-tour-operateurs\/","url":"https:\/\/dev.tps.travel\/fr\/avantages-pour-les-agences-de-voyages-et-les-tour-operateurs\/","name":"Avantages pour les agences de voyages et les tour-op\u00e9rateurs &ndash; TPS","isPartOf":{"@id":"https:\/\/dev.tps.travel\/fr\/#website"},"datePublished":"2022-07-14T21:49:50+00:00","dateModified":"2022-07-18T10:36:51+00:00","breadcrumb":{"@id":"https:\/\/dev.tps.travel\/fr\/avantages-pour-les-agences-de-voyages-et-les-tour-operateurs\/#breadcrumb"},"inLanguage":"fr-FR","potentialAction":[{"@type":"ReadAction","target":["https:\/\/dev.tps.travel\/fr\/avantages-pour-les-agences-de-voyages-et-les-tour-operateurs\/"]}]},{"@type":"BreadcrumbList","@id":"https:\/\/dev.tps.travel\/fr\/avantages-pour-les-agences-de-voyages-et-les-tour-operateurs\/#breadcrumb","itemListElement":[{"@type":"ListItem","position":1,"name":"Home","item":"https:\/\/dev.tps.travel\/fr\/"},{"@type":"ListItem","position":2,"name":"Avantages pour les agences de voyages et les tour-op\u00e9rateurs"}]},{"@type":"WebSite","@id":"https:\/\/dev.tps.travel\/fr\/#website","url":"https:\/\/dev.tps.travel\/fr\/","name":"TPS","description":"TRAVEL PROFESSIONALS SWITZERLAND","publisher":{"@id":"https:\/\/dev.tps.travel\/fr\/#organization"},"potentialAction":[{"@type":"SearchAction","target":{"@type":"EntryPoint","urlTemplate":"https:\/\/dev.tps.travel\/fr\/?s={search_term_string}"},"query-input":"required name=search_term_string"}],"inLanguage":"fr-FR"},{"@type":"Organization","@id":"https:\/\/dev.tps.travel\/fr\/#organization","name":"TRAVEL PROFESSIONALS SWITZERLAND","url":"https:\/\/dev.tps.travel\/fr\/","logo":{"@type":"ImageObject","inLanguage":"fr-FR","@id":"https:\/\/dev.tps.travel\/fr\/#\/schema\/logo\/image\/","url":"https:\/\/dev.tps.travel\/wp-content\/uploads\/2022\/06\/logo-blau.jpg","contentUrl":"https:\/\/dev.tps.travel\/wp-content\/uploads\/2022\/06\/logo-blau.jpg","width":580,"height":380,"caption":"TRAVEL PROFESSIONALS SWITZERLAND"},"image":{"@id":"https:\/\/dev.tps.travel\/fr\/#\/schema\/logo\/image\/"}}]}},"_links":{"self":[{"href":"https:\/\/dev.tps.travel\/fr\/wp-json\/wp\/v2\/pages\/1363"}],"collection":[{"href":"https:\/\/dev.tps.travel\/fr\/wp-json\/wp\/v2\/pages"}],"about":[{"href":"https:\/\/dev.tps.travel\/fr\/wp-json\/wp\/v2\/types\/page"}],"author":[{"embeddable":true,"href":"https:\/\/dev.tps.travel\/fr\/wp-json\/wp\/v2\/users\/167"}],"replies":[{"embeddable":true,"href":"https:\/\/dev.tps.travel\/fr\/wp-json\/wp\/v2\/comments?post=1363"}],"version-history":[{"count":6,"href":"https:\/\/dev.tps.travel\/fr\/wp-json\/wp\/v2\/pages\/1363\/revisions"}],"predecessor-version":[{"id":1421,"href":"https:\/\/dev.tps.travel\/fr\/wp-json\/wp\/v2\/pages\/1363\/revisions\/1421"}],"wp:attachment":[{"href":"https:\/\/dev.tps.travel\/fr\/wp-json\/wp\/v2\/media?parent=1363"}],"curies":[{"name":"wp","href":"https:\/\/api.w.org\/{rel}","templated":true}]}}