{"id":1370,"date":"2022-07-15T00:04:30","date_gmt":"2022-07-14T22:04:30","guid":{"rendered":"https:\/\/tps.travel\/vorteile-fuer-service-partner\/"},"modified":"2023-08-05T09:03:36","modified_gmt":"2023-08-05T07:03:36","slug":"avantages-pour-les-partenaires-de-service","status":"publish","type":"page","link":"https:\/\/dev.tps.travel\/fr\/avantages-pour-les-partenaires-de-service\/","title":{"rendered":"Avantages pour les partenaires de service"},"content":{"rendered":"<section class=\"wpb-content-wrapper\"><p>[vc_section css=\u00a0\u00bb.vc_custom_1656015367971{padding-bottom: 0px !important;}\u00a0\u00bb][vc_row full_width=\u00a0\u00bbstretch_row_content_no_spaces\u00a0\u00bb][vc_column]<div class=\"custom-top-banner img-box \" style=\"background-image: url(https:\/\/dev.tps.travel\/wp-content\/uploads\/2022\/07\/Vorteile-premium.jpg)\"><div class=\"container relative\"><div class=\"text-box align-center\"><h1>Avantages pour les partenaires de service<\/h1><\/div><\/div><\/div>[\/vc_column][\/vc_row][\/vc_section][vc_section el_class=\u00a0\u00bbbg-9&Prime; css=\u00a0\u00bb.vc_custom_1656016243963{padding-top: 30px !important;}\u00a0\u00bb][vc_row][vc_column]<div class=\"breadcrumbs\"><label><\/label> <a href=\"https:\/\/dev.tps.travel\/fr\/\">Home<\/a><\/div>[vc_row_inner][vc_column_inner offset=\u00a0\u00bbvc_col-lg-offset-2 vc_col-lg-8 vc_col-md-offset-1 vc_col-md-10&Prime;]<div class=\"no-image accordion wpb_content_element\"><div class=\"accordion-box\"><div class=\"box-toggle\"><div class=\"head-toggle\"><span class=\"icon\"><\/span><h5>Acc\u00e8s privil\u00e9gi\u00e9 \u00e0 plus de 149 agences de voyages !<\/h5><\/div><div class=\"content-toggle\">Avec 149 membres et plus de 44 succursales \u00e0 votre disposition, vous b\u00e9n\u00e9ficiez en tant que prestataire de services d'un acc\u00e8s privil\u00e9gi\u00e9 \u00e0 un large r\u00e9seau de professionnels du voyage de tous types. Qu\u2019ils soient voyagistes, agences de voyages ou sp\u00e9cialistes du voyage d'affaires, ciblez et adressez-vous directement \u00e0 chacun d\u2019eux.<\/div><\/div><div class=\"box-toggle\"><div class=\"head-toggle\"><span class=\"icon\"><\/span><h5>Une cotisations annuelle mod\u00e9r\u00e9e pour un acc\u00e8s facilit\u00e9 \u00e0 nos membres<\/h5><\/div><div class=\"content-toggle\">La cotisation annuelle mod\u00e9r\u00e9e offre \u00e0 nos partenaires de services un acc\u00e8s direct \u00e0 des clients potentiels. Que ce soit via une newsletter interne ou en vous adressant directement \u00e0 nos membres, entrez en contact avec nos agents de voyage et proposez vos services.<\/div><\/div><div class=\"box-toggle\"><div class=\"head-toggle\"><span class=\"icon\"><\/span><h5>Une plateforme de services avec market place<\/h5><\/div><div class=\"content-toggle\">Notre plate-forme de services offre aux prestataires la possibilit\u00e9 d'offrir facilement leurs services \u00e0 des clients potentiels.<\/div><\/div><div class=\"box-toggle\"><div class=\"head-toggle\"><span class=\"icon\"><\/span><h5>Un chiffre d'affaires consolid\u00e9 de +500 millions de francs suisses<\/h5><\/div><div class=\"content-toggle\">Les membres de TPS ont d\u00e9clar\u00e9 des ventes pr\u00e9-corona consolid\u00e9es de plus de 500 millions de francs. Ne laissez pas passer cette opportunit\u00e9 !<\/div><\/div><\/div><\/div>[\/vc_column_inner][\/vc_row_inner][\/vc_column][\/vc_row][vc_row][vc_column]<div class=\"text-center wpb_content_element\"><a href=\"https:\/\/tps.travel\/fr\/comment-adherer\/\" target=\"_self\" class=\"custom-btn alt\">Comment adh\u00e9rer<\/a><\/div>[\/vc_column][\/vc_row][\/vc_section]<\/p>\n<\/section>","protected":false},"excerpt":{"rendered":"<p>[vc_section css=\u00a0\u00bb.vc_custom_1656015367971{padding-bottom: 0px !important;}\u00a0\u00bb][vc_row full_width=\u00a0\u00bbstretch_row_content_no_spaces\u00a0\u00bb][vc_column][\/vc_column][\/vc_row][\/vc_section][vc_section el_class=\u00a0\u00bbbg-9&Prime; css=\u00a0\u00bb.vc_custom_1656016243963{padding-top: 30px !important;}\u00a0\u00bb][vc_row][vc_column][vc_row_inner][vc_column_inner offset=\u00a0\u00bbvc_col-lg-offset-2 vc_col-lg-8 vc_col-md-offset-1 vc_col-md-10&Prime;][\/vc_column_inner][\/vc_row_inner][\/vc_column][\/vc_row][vc_row][vc_column][\/vc_column][\/vc_row][\/vc_section]<\/p>\n","protected":false},"author":167,"featured_media":0,"parent":0,"menu_order":0,"comment_status":"closed","ping_status":"closed","template":"","meta":{"footnotes":""},"acf":[],"yoast_head":"<!-- This site is optimized with the Yoast SEO plugin v21.1 - https:\/\/yoast.com\/wordpress\/plugins\/seo\/ -->\n<title>Avantages pour les partenaires de service &ndash; TPS<\/title>\n<meta name=\"robots\" content=\"noindex, follow, max-snippet:-1, max-image-preview:large, max-video-preview:-1\" \/>\n<meta property=\"og:locale\" content=\"fr_FR\" \/>\n<meta property=\"og:type\" content=\"article\" \/>\n<meta property=\"og:title\" content=\"Avantages pour les partenaires de service &ndash; TPS\" \/>\n<meta property=\"og:description\" content=\"[vc_section css=\u00a0\u00bb.vc_custom_1656015367971{padding-bottom: 0px !important;}\u00a0\u00bb][vc_row full_width=\u00a0\u00bbstretch_row_content_no_spaces\u00a0\u00bb][vc_column][\/vc_column][\/vc_row][\/vc_section][vc_section el_class=\u00a0\u00bbbg-9&Prime; css=\u00a0\u00bb.vc_custom_1656016243963{padding-top: 30px !important;}\u00a0\u00bb][vc_row][vc_column][vc_row_inner][vc_column_inner offset=\u00a0\u00bbvc_col-lg-offset-2 vc_col-lg-8 vc_col-md-offset-1 vc_col-md-10&Prime;][\/vc_column_inner][\/vc_row_inner][\/vc_column][\/vc_row][vc_row][vc_column][\/vc_column][\/vc_row][\/vc_section]\" \/>\n<meta property=\"og:url\" content=\"https:\/\/dev.tps.travel\/fr\/avantages-pour-les-partenaires-de-service\/\" \/>\n<meta property=\"og:site_name\" content=\"TPS\" \/>\n<meta property=\"article:modified_time\" content=\"2023-08-05T07:03:36+00:00\" \/>\n<meta property=\"og:image\" content=\"https:\/\/dev.tps.travel\/wp-content\/uploads\/2022\/06\/logo-blau.jpg\" \/>\n\t<meta property=\"og:image:width\" content=\"580\" \/>\n\t<meta property=\"og:image:height\" content=\"380\" \/>\n\t<meta property=\"og:image:type\" content=\"image\/jpeg\" \/>\n<meta name=\"twitter:card\" content=\"summary_large_image\" \/>\n<meta name=\"twitter:label1\" content=\"Dur\u00e9e de lecture estim\u00e9e\" \/>\n\t<meta name=\"twitter:data1\" content=\"1 minute\" \/>\n<script type=\"application\/ld+json\" class=\"yoast-schema-graph\">{\"@context\":\"https:\/\/schema.org\",\"@graph\":[{\"@type\":\"WebPage\",\"@id\":\"https:\/\/dev.tps.travel\/fr\/avantages-pour-les-partenaires-de-service\/\",\"url\":\"https:\/\/dev.tps.travel\/fr\/avantages-pour-les-partenaires-de-service\/\",\"name\":\"Avantages pour les partenaires de service &ndash; TPS\",\"isPartOf\":{\"@id\":\"https:\/\/dev.tps.travel\/fr\/#website\"},\"datePublished\":\"2022-07-14T22:04:30+00:00\",\"dateModified\":\"2023-08-05T07:03:36+00:00\",\"breadcrumb\":{\"@id\":\"https:\/\/dev.tps.travel\/fr\/avantages-pour-les-partenaires-de-service\/#breadcrumb\"},\"inLanguage\":\"fr-FR\",\"potentialAction\":[{\"@type\":\"ReadAction\",\"target\":[\"https:\/\/dev.tps.travel\/fr\/avantages-pour-les-partenaires-de-service\/\"]}]},{\"@type\":\"BreadcrumbList\",\"@id\":\"https:\/\/dev.tps.travel\/fr\/avantages-pour-les-partenaires-de-service\/#breadcrumb\",\"itemListElement\":[{\"@type\":\"ListItem\",\"position\":1,\"name\":\"Home\",\"item\":\"https:\/\/dev.tps.travel\/fr\/\"},{\"@type\":\"ListItem\",\"position\":2,\"name\":\"Avantages pour les partenaires de service\"}]},{\"@type\":\"WebSite\",\"@id\":\"https:\/\/dev.tps.travel\/fr\/#website\",\"url\":\"https:\/\/dev.tps.travel\/fr\/\",\"name\":\"TPS\",\"description\":\"TRAVEL PROFESSIONALS SWITZERLAND\",\"publisher\":{\"@id\":\"https:\/\/dev.tps.travel\/fr\/#organization\"},\"potentialAction\":[{\"@type\":\"SearchAction\",\"target\":{\"@type\":\"EntryPoint\",\"urlTemplate\":\"https:\/\/dev.tps.travel\/fr\/?s={search_term_string}\"},\"query-input\":\"required name=search_term_string\"}],\"inLanguage\":\"fr-FR\"},{\"@type\":\"Organization\",\"@id\":\"https:\/\/dev.tps.travel\/fr\/#organization\",\"name\":\"TRAVEL PROFESSIONALS SWITZERLAND\",\"url\":\"https:\/\/dev.tps.travel\/fr\/\",\"logo\":{\"@type\":\"ImageObject\",\"inLanguage\":\"fr-FR\",\"@id\":\"https:\/\/dev.tps.travel\/fr\/#\/schema\/logo\/image\/\",\"url\":\"https:\/\/dev.tps.travel\/wp-content\/uploads\/2022\/06\/logo-blau.jpg\",\"contentUrl\":\"https:\/\/dev.tps.travel\/wp-content\/uploads\/2022\/06\/logo-blau.jpg\",\"width\":580,\"height\":380,\"caption\":\"TRAVEL PROFESSIONALS SWITZERLAND\"},\"image\":{\"@id\":\"https:\/\/dev.tps.travel\/fr\/#\/schema\/logo\/image\/\"}}]}<\/script>\n<!-- \/ Yoast SEO plugin. -->","yoast_head_json":{"title":"Avantages pour les partenaires de service &ndash; TPS","robots":{"index":"noindex","follow":"follow","max-snippet":"max-snippet:-1","max-image-preview":"max-image-preview:large","max-video-preview":"max-video-preview:-1"},"og_locale":"fr_FR","og_type":"article","og_title":"Avantages pour les partenaires de service &ndash; TPS","og_description":"[vc_section css=\u00a0\u00bb.vc_custom_1656015367971{padding-bottom: 0px !important;}\u00a0\u00bb][vc_row full_width=\u00a0\u00bbstretch_row_content_no_spaces\u00a0\u00bb][vc_column][\/vc_column][\/vc_row][\/vc_section][vc_section el_class=\u00a0\u00bbbg-9&Prime; css=\u00a0\u00bb.vc_custom_1656016243963{padding-top: 30px !important;}\u00a0\u00bb][vc_row][vc_column][vc_row_inner][vc_column_inner offset=\u00a0\u00bbvc_col-lg-offset-2 vc_col-lg-8 vc_col-md-offset-1 vc_col-md-10&Prime;][\/vc_column_inner][\/vc_row_inner][\/vc_column][\/vc_row][vc_row][vc_column][\/vc_column][\/vc_row][\/vc_section]","og_url":"https:\/\/dev.tps.travel\/fr\/avantages-pour-les-partenaires-de-service\/","og_site_name":"TPS","article_modified_time":"2023-08-05T07:03:36+00:00","og_image":[{"width":580,"height":380,"url":"https:\/\/dev.tps.travel\/wp-content\/uploads\/2022\/06\/logo-blau.jpg","type":"image\/jpeg"}],"twitter_card":"summary_large_image","twitter_misc":{"Dur\u00e9e de lecture estim\u00e9e":"1 minute"},"schema":{"@context":"https:\/\/schema.org","@graph":[{"@type":"WebPage","@id":"https:\/\/dev.tps.travel\/fr\/avantages-pour-les-partenaires-de-service\/","url":"https:\/\/dev.tps.travel\/fr\/avantages-pour-les-partenaires-de-service\/","name":"Avantages pour les partenaires de service &ndash; TPS","isPartOf":{"@id":"https:\/\/dev.tps.travel\/fr\/#website"},"datePublished":"2022-07-14T22:04:30+00:00","dateModified":"2023-08-05T07:03:36+00:00","breadcrumb":{"@id":"https:\/\/dev.tps.travel\/fr\/avantages-pour-les-partenaires-de-service\/#breadcrumb"},"inLanguage":"fr-FR","potentialAction":[{"@type":"ReadAction","target":["https:\/\/dev.tps.travel\/fr\/avantages-pour-les-partenaires-de-service\/"]}]},{"@type":"BreadcrumbList","@id":"https:\/\/dev.tps.travel\/fr\/avantages-pour-les-partenaires-de-service\/#breadcrumb","itemListElement":[{"@type":"ListItem","position":1,"name":"Home","item":"https:\/\/dev.tps.travel\/fr\/"},{"@type":"ListItem","position":2,"name":"Avantages pour les partenaires de service"}]},{"@type":"WebSite","@id":"https:\/\/dev.tps.travel\/fr\/#website","url":"https:\/\/dev.tps.travel\/fr\/","name":"TPS","description":"TRAVEL PROFESSIONALS SWITZERLAND","publisher":{"@id":"https:\/\/dev.tps.travel\/fr\/#organization"},"potentialAction":[{"@type":"SearchAction","target":{"@type":"EntryPoint","urlTemplate":"https:\/\/dev.tps.travel\/fr\/?s={search_term_string}"},"query-input":"required name=search_term_string"}],"inLanguage":"fr-FR"},{"@type":"Organization","@id":"https:\/\/dev.tps.travel\/fr\/#organization","name":"TRAVEL PROFESSIONALS SWITZERLAND","url":"https:\/\/dev.tps.travel\/fr\/","logo":{"@type":"ImageObject","inLanguage":"fr-FR","@id":"https:\/\/dev.tps.travel\/fr\/#\/schema\/logo\/image\/","url":"https:\/\/dev.tps.travel\/wp-content\/uploads\/2022\/06\/logo-blau.jpg","contentUrl":"https:\/\/dev.tps.travel\/wp-content\/uploads\/2022\/06\/logo-blau.jpg","width":580,"height":380,"caption":"TRAVEL PROFESSIONALS SWITZERLAND"},"image":{"@id":"https:\/\/dev.tps.travel\/fr\/#\/schema\/logo\/image\/"}}]}},"_links":{"self":[{"href":"https:\/\/dev.tps.travel\/fr\/wp-json\/wp\/v2\/pages\/1370"}],"collection":[{"href":"https:\/\/dev.tps.travel\/fr\/wp-json\/wp\/v2\/pages"}],"about":[{"href":"https:\/\/dev.tps.travel\/fr\/wp-json\/wp\/v2\/types\/page"}],"author":[{"embeddable":true,"href":"https:\/\/dev.tps.travel\/fr\/wp-json\/wp\/v2\/users\/167"}],"replies":[{"embeddable":true,"href":"https:\/\/dev.tps.travel\/fr\/wp-json\/wp\/v2\/comments?post=1370"}],"version-history":[{"count":9,"href":"https:\/\/dev.tps.travel\/fr\/wp-json\/wp\/v2\/pages\/1370\/revisions"}],"predecessor-version":[{"id":16378,"href":"https:\/\/dev.tps.travel\/fr\/wp-json\/wp\/v2\/pages\/1370\/revisions\/16378"}],"wp:attachment":[{"href":"https:\/\/dev.tps.travel\/fr\/wp-json\/wp\/v2\/media?parent=1370"}],"curies":[{"name":"wp","href":"https:\/\/api.w.org\/{rel}","templated":true}]}}