{"id":1474,"date":"2022-06-24T16:45:16","date_gmt":"2022-06-24T14:45:16","guid":{"rendered":"https:\/\/tps.travel\/job-boerse\/"},"modified":"2022-10-14T11:54:19","modified_gmt":"2022-10-14T09:54:19","slug":"bourse-demploi","status":"publish","type":"page","link":"https:\/\/dev.tps.travel\/fr\/bourse-demploi\/","title":{"rendered":"Bourse d\u2019emploi"},"content":{"rendered":"<section class=\"wpb-content-wrapper\"><p>[vc_section css=\u00a0\u00bb.vc_custom_1656015367971{padding-bottom: 0px !important;}\u00a0\u00bb][vc_row full_width=\u00a0\u00bbstretch_row_content_no_spaces\u00a0\u00bb][vc_column]<div class=\"custom-top-banner img-box \" style=\"background-image: url(https:\/\/dev.tps.travel\/wp-content\/uploads\/2022\/06\/banner-job_boerse.jpg)\"><div class=\"container relative\"><div class=\"text-box align-center\"><h1>Bourse d\u2019emploi<\/h1><\/div><\/div><\/div>[\/vc_column][\/vc_row][\/vc_section][vc_section el_class=\u00a0\u00bbbg-9&Prime; css=\u00a0\u00bb.vc_custom_1656016243963{padding-top: 30px !important;}\u00a0\u00bb][vc_row][vc_column]<div class=\"breadcrumbs\"><label><\/label> <a href=\"https:\/\/dev.tps.travel\/fr\/\">Home<\/a><\/div>[vc_column_text]Que vous soyez \u00e0 la recherche d&rsquo;un emploi ou d&rsquo;un talent, vous \u00eates au bon endroit ! Par le biais de cette page et via la newsletter et nos diverses publications, nous vous tiendrons inform\u00e9s des derni\u00e8res offres et recherches d&#8217;emplois.<\/p>\n<p>L&rsquo;industrie du voyage garantit la diversit\u00e9 et favorise l&rsquo;esprit de d\u00e9couverte. Nos membres offrent des postes \u00e0 temps plein et \u00e0 temps partiel dans divers secteurs de l&rsquo;entreprise tels que les ventes, la planification ou l&rsquo;organisation. Un emploi chez un membre TPS ouvre de belles opportunit\u00e9s de carri\u00e8re.[\/vc_column_text][\/vc_column][\/vc_row][vc_row disable_element=\u00a0\u00bbyes\u00a0\u00bb][vc_column][\/vc_column][\/vc_row][vc_row][vc_column][\/vc_column][\/vc_row][vc_row][vc_column]<div class=\"text-center wpb_content_element\"><a href=\"https:\/\/tps.travel\/fr\/contact\/\" target=\"_self\" class=\"custom-btn alt\">Contact<\/a><\/div>[\/vc_column][\/vc_row][\/vc_section]<\/p>\n<\/section>","protected":false},"excerpt":{"rendered":"<p>[vc_section css=\u00a0\u00bb.vc_custom_1656015367971{padding-bottom: 0px !important;}\u00a0\u00bb][vc_row full_width=\u00a0\u00bbstretch_row_content_no_spaces\u00a0\u00bb][vc_column][\/vc_column][\/vc_row][\/vc_section][vc_section el_class=\u00a0\u00bbbg-9&Prime; css=\u00a0\u00bb.vc_custom_1656016243963{padding-top: 30px !important;}\u00a0\u00bb][vc_row][vc_column][vc_column_text]Que vous soyez \u00e0 la recherche d&rsquo;un emploi ou d&rsquo;un talent, vous \u00eates au bon endroit ! Par le biais de cette page et via la newsletter et nos diverses publications, nous vous tiendrons inform\u00e9s des derni\u00e8res offres et recherches d&#8217;emplois. L&rsquo;industrie du voyage garantit la diversit\u00e9 [&hellip;]<\/p>\n","protected":false},"author":1,"featured_media":0,"parent":0,"menu_order":0,"comment_status":"closed","ping_status":"closed","template":"","meta":{"footnotes":""},"acf":[],"yoast_head":"<!-- This site is optimized with the Yoast SEO plugin v21.1 - https:\/\/yoast.com\/wordpress\/plugins\/seo\/ -->\n<title>Bourse d\u2019emploi &ndash; TPS<\/title>\n<meta name=\"robots\" content=\"noindex, follow, max-snippet:-1, max-image-preview:large, max-video-preview:-1\" \/>\n<meta property=\"og:locale\" content=\"fr_FR\" \/>\n<meta property=\"og:type\" content=\"article\" \/>\n<meta property=\"og:title\" content=\"Bourse d\u2019emploi &ndash; TPS\" \/>\n<meta property=\"og:description\" content=\"[vc_section css=\u00a0\u00bb.vc_custom_1656015367971{padding-bottom: 0px !important;}\u00a0\u00bb][vc_row full_width=\u00a0\u00bbstretch_row_content_no_spaces\u00a0\u00bb][vc_column][\/vc_column][\/vc_row][\/vc_section][vc_section el_class=\u00a0\u00bbbg-9&Prime; css=\u00a0\u00bb.vc_custom_1656016243963{padding-top: 30px !important;}\u00a0\u00bb][vc_row][vc_column][vc_column_text]Que vous soyez \u00e0 la recherche d&rsquo;un emploi ou d&rsquo;un talent, vous \u00eates au bon endroit ! Par le biais de cette page et via la newsletter et nos diverses publications, nous vous tiendrons inform\u00e9s des derni\u00e8res offres et recherches d&#8217;emplois. L&rsquo;industrie du voyage garantit la diversit\u00e9 [&hellip;]\" \/>\n<meta property=\"og:url\" content=\"https:\/\/dev.tps.travel\/fr\/bourse-demploi\/\" \/>\n<meta property=\"og:site_name\" content=\"TPS\" \/>\n<meta property=\"article:modified_time\" content=\"2022-10-14T09:54:19+00:00\" \/>\n<meta property=\"og:image\" content=\"https:\/\/dev.tps.travel\/wp-content\/uploads\/2022\/06\/logo-blau.jpg\" \/>\n\t<meta property=\"og:image:width\" content=\"580\" \/>\n\t<meta property=\"og:image:height\" content=\"380\" \/>\n\t<meta property=\"og:image:type\" content=\"image\/jpeg\" \/>\n<meta name=\"twitter:card\" content=\"summary_large_image\" \/>\n<meta name=\"twitter:label1\" content=\"Dur\u00e9e de lecture estim\u00e9e\" \/>\n\t<meta name=\"twitter:data1\" content=\"1 minute\" \/>\n<script type=\"application\/ld+json\" class=\"yoast-schema-graph\">{\"@context\":\"https:\/\/schema.org\",\"@graph\":[{\"@type\":\"WebPage\",\"@id\":\"https:\/\/dev.tps.travel\/fr\/bourse-demploi\/\",\"url\":\"https:\/\/dev.tps.travel\/fr\/bourse-demploi\/\",\"name\":\"Bourse d\u2019emploi &ndash; TPS\",\"isPartOf\":{\"@id\":\"https:\/\/dev.tps.travel\/fr\/#website\"},\"datePublished\":\"2022-06-24T14:45:16+00:00\",\"dateModified\":\"2022-10-14T09:54:19+00:00\",\"breadcrumb\":{\"@id\":\"https:\/\/dev.tps.travel\/fr\/bourse-demploi\/#breadcrumb\"},\"inLanguage\":\"fr-FR\",\"potentialAction\":[{\"@type\":\"ReadAction\",\"target\":[\"https:\/\/dev.tps.travel\/fr\/bourse-demploi\/\"]}]},{\"@type\":\"BreadcrumbList\",\"@id\":\"https:\/\/dev.tps.travel\/fr\/bourse-demploi\/#breadcrumb\",\"itemListElement\":[{\"@type\":\"ListItem\",\"position\":1,\"name\":\"Home\",\"item\":\"https:\/\/dev.tps.travel\/fr\/\"},{\"@type\":\"ListItem\",\"position\":2,\"name\":\"Bourse d\u2019emploi\"}]},{\"@type\":\"WebSite\",\"@id\":\"https:\/\/dev.tps.travel\/fr\/#website\",\"url\":\"https:\/\/dev.tps.travel\/fr\/\",\"name\":\"TPS\",\"description\":\"TRAVEL PROFESSIONALS SWITZERLAND\",\"publisher\":{\"@id\":\"https:\/\/dev.tps.travel\/fr\/#organization\"},\"potentialAction\":[{\"@type\":\"SearchAction\",\"target\":{\"@type\":\"EntryPoint\",\"urlTemplate\":\"https:\/\/dev.tps.travel\/fr\/?s={search_term_string}\"},\"query-input\":\"required name=search_term_string\"}],\"inLanguage\":\"fr-FR\"},{\"@type\":\"Organization\",\"@id\":\"https:\/\/dev.tps.travel\/fr\/#organization\",\"name\":\"TRAVEL PROFESSIONALS SWITZERLAND\",\"url\":\"https:\/\/dev.tps.travel\/fr\/\",\"logo\":{\"@type\":\"ImageObject\",\"inLanguage\":\"fr-FR\",\"@id\":\"https:\/\/dev.tps.travel\/fr\/#\/schema\/logo\/image\/\",\"url\":\"https:\/\/dev.tps.travel\/wp-content\/uploads\/2022\/06\/logo-blau.jpg\",\"contentUrl\":\"https:\/\/dev.tps.travel\/wp-content\/uploads\/2022\/06\/logo-blau.jpg\",\"width\":580,\"height\":380,\"caption\":\"TRAVEL PROFESSIONALS SWITZERLAND\"},\"image\":{\"@id\":\"https:\/\/dev.tps.travel\/fr\/#\/schema\/logo\/image\/\"}}]}<\/script>\n<!-- \/ Yoast SEO plugin. -->","yoast_head_json":{"title":"Bourse d\u2019emploi &ndash; TPS","robots":{"index":"noindex","follow":"follow","max-snippet":"max-snippet:-1","max-image-preview":"max-image-preview:large","max-video-preview":"max-video-preview:-1"},"og_locale":"fr_FR","og_type":"article","og_title":"Bourse d\u2019emploi &ndash; TPS","og_description":"[vc_section css=\u00a0\u00bb.vc_custom_1656015367971{padding-bottom: 0px !important;}\u00a0\u00bb][vc_row full_width=\u00a0\u00bbstretch_row_content_no_spaces\u00a0\u00bb][vc_column][\/vc_column][\/vc_row][\/vc_section][vc_section el_class=\u00a0\u00bbbg-9&Prime; css=\u00a0\u00bb.vc_custom_1656016243963{padding-top: 30px !important;}\u00a0\u00bb][vc_row][vc_column][vc_column_text]Que vous soyez \u00e0 la recherche d&rsquo;un emploi ou d&rsquo;un talent, vous \u00eates au bon endroit ! Par le biais de cette page et via la newsletter et nos diverses publications, nous vous tiendrons inform\u00e9s des derni\u00e8res offres et recherches d&#8217;emplois. L&rsquo;industrie du voyage garantit la diversit\u00e9 [&hellip;]","og_url":"https:\/\/dev.tps.travel\/fr\/bourse-demploi\/","og_site_name":"TPS","article_modified_time":"2022-10-14T09:54:19+00:00","og_image":[{"width":580,"height":380,"url":"https:\/\/dev.tps.travel\/wp-content\/uploads\/2022\/06\/logo-blau.jpg","type":"image\/jpeg"}],"twitter_card":"summary_large_image","twitter_misc":{"Dur\u00e9e de lecture estim\u00e9e":"1 minute"},"schema":{"@context":"https:\/\/schema.org","@graph":[{"@type":"WebPage","@id":"https:\/\/dev.tps.travel\/fr\/bourse-demploi\/","url":"https:\/\/dev.tps.travel\/fr\/bourse-demploi\/","name":"Bourse d\u2019emploi &ndash; TPS","isPartOf":{"@id":"https:\/\/dev.tps.travel\/fr\/#website"},"datePublished":"2022-06-24T14:45:16+00:00","dateModified":"2022-10-14T09:54:19+00:00","breadcrumb":{"@id":"https:\/\/dev.tps.travel\/fr\/bourse-demploi\/#breadcrumb"},"inLanguage":"fr-FR","potentialAction":[{"@type":"ReadAction","target":["https:\/\/dev.tps.travel\/fr\/bourse-demploi\/"]}]},{"@type":"BreadcrumbList","@id":"https:\/\/dev.tps.travel\/fr\/bourse-demploi\/#breadcrumb","itemListElement":[{"@type":"ListItem","position":1,"name":"Home","item":"https:\/\/dev.tps.travel\/fr\/"},{"@type":"ListItem","position":2,"name":"Bourse d\u2019emploi"}]},{"@type":"WebSite","@id":"https:\/\/dev.tps.travel\/fr\/#website","url":"https:\/\/dev.tps.travel\/fr\/","name":"TPS","description":"TRAVEL PROFESSIONALS SWITZERLAND","publisher":{"@id":"https:\/\/dev.tps.travel\/fr\/#organization"},"potentialAction":[{"@type":"SearchAction","target":{"@type":"EntryPoint","urlTemplate":"https:\/\/dev.tps.travel\/fr\/?s={search_term_string}"},"query-input":"required name=search_term_string"}],"inLanguage":"fr-FR"},{"@type":"Organization","@id":"https:\/\/dev.tps.travel\/fr\/#organization","name":"TRAVEL PROFESSIONALS SWITZERLAND","url":"https:\/\/dev.tps.travel\/fr\/","logo":{"@type":"ImageObject","inLanguage":"fr-FR","@id":"https:\/\/dev.tps.travel\/fr\/#\/schema\/logo\/image\/","url":"https:\/\/dev.tps.travel\/wp-content\/uploads\/2022\/06\/logo-blau.jpg","contentUrl":"https:\/\/dev.tps.travel\/wp-content\/uploads\/2022\/06\/logo-blau.jpg","width":580,"height":380,"caption":"TRAVEL PROFESSIONALS SWITZERLAND"},"image":{"@id":"https:\/\/dev.tps.travel\/fr\/#\/schema\/logo\/image\/"}}]}},"_links":{"self":[{"href":"https:\/\/dev.tps.travel\/fr\/wp-json\/wp\/v2\/pages\/1474"}],"collection":[{"href":"https:\/\/dev.tps.travel\/fr\/wp-json\/wp\/v2\/pages"}],"about":[{"href":"https:\/\/dev.tps.travel\/fr\/wp-json\/wp\/v2\/types\/page"}],"author":[{"embeddable":true,"href":"https:\/\/dev.tps.travel\/fr\/wp-json\/wp\/v2\/users\/1"}],"replies":[{"embeddable":true,"href":"https:\/\/dev.tps.travel\/fr\/wp-json\/wp\/v2\/comments?post=1474"}],"version-history":[{"count":8,"href":"https:\/\/dev.tps.travel\/fr\/wp-json\/wp\/v2\/pages\/1474\/revisions"}],"predecessor-version":[{"id":3901,"href":"https:\/\/dev.tps.travel\/fr\/wp-json\/wp\/v2\/pages\/1474\/revisions\/3901"}],"wp:attachment":[{"href":"https:\/\/dev.tps.travel\/fr\/wp-json\/wp\/v2\/media?parent=1474"}],"curies":[{"name":"wp","href":"https:\/\/api.w.org\/{rel}","templated":true}]}}