{"id":1475,"date":"2022-06-24T17:41:45","date_gmt":"2022-06-24T15:41:45","guid":{"rendered":"https:\/\/tps.travel\/lehrstellen-praktikas\/"},"modified":"2022-09-30T14:28:43","modified_gmt":"2022-09-30T12:28:43","slug":"stages-et-places-dapprentissage","status":"publish","type":"page","link":"https:\/\/dev.tps.travel\/fr\/stages-et-places-dapprentissage\/","title":{"rendered":"Stages et places d\u2019apprentissage"},"content":{"rendered":"<section class=\"wpb-content-wrapper\"><p>[vc_section css=\u00a0\u00bb.vc_custom_1656015367971{padding-bottom: 0px !important;}\u00a0\u00bb][vc_row full_width=\u00a0\u00bbstretch_row_content_no_spaces\u00a0\u00bb][vc_column]<div class=\"custom-top-banner img-box \" style=\"background-image: url(https:\/\/dev.tps.travel\/wp-content\/uploads\/2022\/06\/banner-praktikas.jpg)\"><div class=\"container relative\"><div class=\"text-box align-center\"><h1>Stages et places d\u2019apprentissage<\/h1><\/div><\/div><\/div>[\/vc_column][\/vc_row][\/vc_section][vc_section el_class=\u00a0\u00bbbg-9&Prime; css=\u00a0\u00bb.vc_custom_1656016243963{padding-top: 30px !important;}\u00a0\u00bb][vc_row][vc_column]<div class=\"breadcrumbs\"><label><\/label> <a href=\"https:\/\/dev.tps.travel\/fr\/\">Home<\/a><\/div>[vc_column_text]<\/p>\n<h2>Talents recherch\u00e9s !<\/h2>\n<p>Les membres de TPS forment des apprentis et ouvrent des parcours professionnels aux nouveaux venus dans l&rsquo;industrie du voyage.<\/p>\n<p>Que ce soit par le biais d&rsquo;un apprentissage commercial de trois ans ou via un programme de reconversion, entrer dans l&rsquo;industrie du voyage en vaut la peine !<\/p>\n<p>En plus d&rsquo;\u00e9largir votre horizon g\u00e9ographique, vous \u00e9voluerez dans un environnement de travail vari\u00e9 et passionnant.[\/vc_column_text][\/vc_column][\/vc_row][vc_row][vc_column][\/vc_column][\/vc_row][vc_row][vc_column]<div class=\"text-center offers-wrapper wpb_content_element\"><div class=\"text-box\"><div><div class=\"filter-box\"><div class=\"flexbox\"><form role=\"search\" method=\"get\" class=\"search-form\" action=\"https:\/\/dev.tps.travel\/fr\/\">\n\t\t\t\t<label>\n\t\t\t\t\t<span class=\"screen-reader-text\">Rechercher\u00a0:<\/span>\n\t\t\t\t\t<input type=\"search\" class=\"search-field\" placeholder=\"Rechercher\u2026\" value=\"\" name=\"s\" \/>\n\t\t\t\t<\/label>\n\t\t\t\t<input type=\"submit\" class=\"search-submit\" value=\"Rechercher\" \/>\n\t\t\t<\/form><div class=\"count-filter\"><select id=\"offer_count\" class=\"custom-select\"><option value=\"3\">3<\/option><option value=\"12\">12<\/option><option value=\"24\">24<\/option><option value=\"36\">36<\/option><\/select><\/div><ul class=\"view-list\" data-box=\"all-offers\"><li hidden><i class=\"icon-grid\" data-view=\"grid\"><\/i><\/li><li><i class=\"icon-list\" data-view=\"list\"><\/i><\/li><\/ul><\/div><\/div><\/div><\/div><div id=\"all-offers\" class=\"all-offers \" data-posts=\"3\" data-author=\"\" data-term=\"\"  data-tag=\"86\" data-visible=\"2\">        <div id=\"post-12794\" class=\"angebote post-12794 type-angebote status-publish hentry angebote_kategorie-recherche angebote_tag-place-dapprentissage\">\n                    <a href=\"https:\/\/dev.tps.travel\/fr\/angebote\/recherche-place-dapprentissage-employe-de-commerce-en-agence-de-voyage\/\">\n                <figure class=\"img-box\" style=\"background-color: #ECF4FC\"><\/figure>\n            <\/a>\n                    <div class=\"text-box\">\n                                    <div class=\"post-meta\">Derni\u00e8re mise \u00e0 jour : 21.03.2023<\/div>\n                                <h4 class=\"entry-title\"><a href=\"https:\/\/dev.tps.travel\/fr\/angebote\/recherche-place-dapprentissage-employe-de-commerce-en-agence-de-voyage\/\">Recherche place d\u2019apprentissage \/employ\u00e9 de commerce en agence de voyage.<\/a><\/h4>\n                                                    \n                                    <p>\n                        Je recherche une place d\u2019apprentissage dans une agence de.                        <a href=\"https:\/\/dev.tps.travel\/fr\/angebote\/recherche-place-dapprentissage-employe-de-commerce-en-agence-de-voyage\/\" class=\"more-link\">D\u00e9tails<\/a>\n                    <\/p>\n\n                <ul class=\"terms-list\"><li class=\"angebote_tag\"><span>Place d&#039;apprentissage<\/span><\/li><li class=\"angebote_kategorie\"><span>Recherche<\/span><\/li><\/ul>\n                            <\/div>\n        <\/div>\n\n<\/div><div class=\"not-found text_center\"><h3>Leider nichts gefunden<\/h3><\/div><i class=\"preloader\"><\/i><\/div>[\/vc_column][\/vc_row][vc_row][vc_column]<div class=\"text-center wpb_content_element\"><a href=\"https:\/\/tps.travel\/fr\/contact\/\" target=\"_self\" class=\"custom-btn alt\">Contact<\/a><\/div>[\/vc_column][\/vc_row][\/vc_section]<\/p>\n<\/section>","protected":false},"excerpt":{"rendered":"<p>[vc_section css=\u00a0\u00bb.vc_custom_1656015367971{padding-bottom: 0px !important;}\u00a0\u00bb][vc_row full_width=\u00a0\u00bbstretch_row_content_no_spaces\u00a0\u00bb][vc_column][\/vc_column][\/vc_row][\/vc_section][vc_section el_class=\u00a0\u00bbbg-9&Prime; css=\u00a0\u00bb.vc_custom_1656016243963{padding-top: 30px !important;}\u00a0\u00bb][vc_row][vc_column][vc_column_text] Talents recherch\u00e9s ! Les membres de TPS forment des apprentis et ouvrent des parcours professionnels aux nouveaux venus dans l&rsquo;industrie du voyage. Que ce soit par le biais d&rsquo;un apprentissage commercial de trois ans ou via un programme de reconversion, entrer dans l&rsquo;industrie du voyage en [&hellip;]<\/p>\n","protected":false},"author":1,"featured_media":0,"parent":0,"menu_order":0,"comment_status":"closed","ping_status":"closed","template":"","meta":{"footnotes":""},"acf":[],"yoast_head":"<!-- This site is optimized with the Yoast SEO plugin v21.1 - https:\/\/yoast.com\/wordpress\/plugins\/seo\/ -->\n<title>Stages et places d\u2019apprentissage &ndash; TPS<\/title>\n<meta name=\"robots\" content=\"noindex, follow, max-snippet:-1, max-image-preview:large, max-video-preview:-1\" \/>\n<meta property=\"og:locale\" content=\"fr_FR\" \/>\n<meta property=\"og:type\" content=\"article\" \/>\n<meta property=\"og:title\" content=\"Stages et places d\u2019apprentissage &ndash; TPS\" \/>\n<meta property=\"og:description\" content=\"[vc_section css=\u00a0\u00bb.vc_custom_1656015367971{padding-bottom: 0px !important;}\u00a0\u00bb][vc_row full_width=\u00a0\u00bbstretch_row_content_no_spaces\u00a0\u00bb][vc_column][\/vc_column][\/vc_row][\/vc_section][vc_section el_class=\u00a0\u00bbbg-9&Prime; css=\u00a0\u00bb.vc_custom_1656016243963{padding-top: 30px !important;}\u00a0\u00bb][vc_row][vc_column][vc_column_text] Talents recherch\u00e9s ! Les membres de TPS forment des apprentis et ouvrent des parcours professionnels aux nouveaux venus dans l&rsquo;industrie du voyage. Que ce soit par le biais d&rsquo;un apprentissage commercial de trois ans ou via un programme de reconversion, entrer dans l&rsquo;industrie du voyage en [&hellip;]\" \/>\n<meta property=\"og:url\" content=\"https:\/\/dev.tps.travel\/fr\/stages-et-places-dapprentissage\/\" \/>\n<meta property=\"og:site_name\" content=\"TPS\" \/>\n<meta property=\"article:modified_time\" content=\"2022-09-30T12:28:43+00:00\" \/>\n<meta property=\"og:image\" content=\"https:\/\/dev.tps.travel\/wp-content\/uploads\/2022\/06\/logo-blau.jpg\" \/>\n\t<meta property=\"og:image:width\" content=\"580\" \/>\n\t<meta property=\"og:image:height\" content=\"380\" \/>\n\t<meta property=\"og:image:type\" content=\"image\/jpeg\" \/>\n<meta name=\"twitter:card\" content=\"summary_large_image\" \/>\n<meta name=\"twitter:label1\" content=\"Dur\u00e9e de lecture estim\u00e9e\" \/>\n\t<meta name=\"twitter:data1\" content=\"1 minute\" \/>\n<script type=\"application\/ld+json\" class=\"yoast-schema-graph\">{\"@context\":\"https:\/\/schema.org\",\"@graph\":[{\"@type\":\"WebPage\",\"@id\":\"https:\/\/dev.tps.travel\/fr\/stages-et-places-dapprentissage\/\",\"url\":\"https:\/\/dev.tps.travel\/fr\/stages-et-places-dapprentissage\/\",\"name\":\"Stages et places d\u2019apprentissage &ndash; TPS\",\"isPartOf\":{\"@id\":\"https:\/\/dev.tps.travel\/fr\/#website\"},\"datePublished\":\"2022-06-24T15:41:45+00:00\",\"dateModified\":\"2022-09-30T12:28:43+00:00\",\"breadcrumb\":{\"@id\":\"https:\/\/dev.tps.travel\/fr\/stages-et-places-dapprentissage\/#breadcrumb\"},\"inLanguage\":\"fr-FR\",\"potentialAction\":[{\"@type\":\"ReadAction\",\"target\":[\"https:\/\/dev.tps.travel\/fr\/stages-et-places-dapprentissage\/\"]}]},{\"@type\":\"BreadcrumbList\",\"@id\":\"https:\/\/dev.tps.travel\/fr\/stages-et-places-dapprentissage\/#breadcrumb\",\"itemListElement\":[{\"@type\":\"ListItem\",\"position\":1,\"name\":\"Home\",\"item\":\"https:\/\/dev.tps.travel\/fr\/\"},{\"@type\":\"ListItem\",\"position\":2,\"name\":\"Stages et places d\u2019apprentissage\"}]},{\"@type\":\"WebSite\",\"@id\":\"https:\/\/dev.tps.travel\/fr\/#website\",\"url\":\"https:\/\/dev.tps.travel\/fr\/\",\"name\":\"TPS\",\"description\":\"TRAVEL PROFESSIONALS SWITZERLAND\",\"publisher\":{\"@id\":\"https:\/\/dev.tps.travel\/fr\/#organization\"},\"potentialAction\":[{\"@type\":\"SearchAction\",\"target\":{\"@type\":\"EntryPoint\",\"urlTemplate\":\"https:\/\/dev.tps.travel\/fr\/?s={search_term_string}\"},\"query-input\":\"required name=search_term_string\"}],\"inLanguage\":\"fr-FR\"},{\"@type\":\"Organization\",\"@id\":\"https:\/\/dev.tps.travel\/fr\/#organization\",\"name\":\"TRAVEL PROFESSIONALS SWITZERLAND\",\"url\":\"https:\/\/dev.tps.travel\/fr\/\",\"logo\":{\"@type\":\"ImageObject\",\"inLanguage\":\"fr-FR\",\"@id\":\"https:\/\/dev.tps.travel\/fr\/#\/schema\/logo\/image\/\",\"url\":\"https:\/\/dev.tps.travel\/wp-content\/uploads\/2022\/06\/logo-blau.jpg\",\"contentUrl\":\"https:\/\/dev.tps.travel\/wp-content\/uploads\/2022\/06\/logo-blau.jpg\",\"width\":580,\"height\":380,\"caption\":\"TRAVEL PROFESSIONALS SWITZERLAND\"},\"image\":{\"@id\":\"https:\/\/dev.tps.travel\/fr\/#\/schema\/logo\/image\/\"}}]}<\/script>\n<!-- \/ Yoast SEO plugin. -->","yoast_head_json":{"title":"Stages et places d\u2019apprentissage &ndash; TPS","robots":{"index":"noindex","follow":"follow","max-snippet":"max-snippet:-1","max-image-preview":"max-image-preview:large","max-video-preview":"max-video-preview:-1"},"og_locale":"fr_FR","og_type":"article","og_title":"Stages et places d\u2019apprentissage &ndash; TPS","og_description":"[vc_section css=\u00a0\u00bb.vc_custom_1656015367971{padding-bottom: 0px !important;}\u00a0\u00bb][vc_row full_width=\u00a0\u00bbstretch_row_content_no_spaces\u00a0\u00bb][vc_column][\/vc_column][\/vc_row][\/vc_section][vc_section el_class=\u00a0\u00bbbg-9&Prime; css=\u00a0\u00bb.vc_custom_1656016243963{padding-top: 30px !important;}\u00a0\u00bb][vc_row][vc_column][vc_column_text] Talents recherch\u00e9s ! Les membres de TPS forment des apprentis et ouvrent des parcours professionnels aux nouveaux venus dans l&rsquo;industrie du voyage. Que ce soit par le biais d&rsquo;un apprentissage commercial de trois ans ou via un programme de reconversion, entrer dans l&rsquo;industrie du voyage en [&hellip;]","og_url":"https:\/\/dev.tps.travel\/fr\/stages-et-places-dapprentissage\/","og_site_name":"TPS","article_modified_time":"2022-09-30T12:28:43+00:00","og_image":[{"width":580,"height":380,"url":"https:\/\/dev.tps.travel\/wp-content\/uploads\/2022\/06\/logo-blau.jpg","type":"image\/jpeg"}],"twitter_card":"summary_large_image","twitter_misc":{"Dur\u00e9e de lecture estim\u00e9e":"1 minute"},"schema":{"@context":"https:\/\/schema.org","@graph":[{"@type":"WebPage","@id":"https:\/\/dev.tps.travel\/fr\/stages-et-places-dapprentissage\/","url":"https:\/\/dev.tps.travel\/fr\/stages-et-places-dapprentissage\/","name":"Stages et places d\u2019apprentissage &ndash; TPS","isPartOf":{"@id":"https:\/\/dev.tps.travel\/fr\/#website"},"datePublished":"2022-06-24T15:41:45+00:00","dateModified":"2022-09-30T12:28:43+00:00","breadcrumb":{"@id":"https:\/\/dev.tps.travel\/fr\/stages-et-places-dapprentissage\/#breadcrumb"},"inLanguage":"fr-FR","potentialAction":[{"@type":"ReadAction","target":["https:\/\/dev.tps.travel\/fr\/stages-et-places-dapprentissage\/"]}]},{"@type":"BreadcrumbList","@id":"https:\/\/dev.tps.travel\/fr\/stages-et-places-dapprentissage\/#breadcrumb","itemListElement":[{"@type":"ListItem","position":1,"name":"Home","item":"https:\/\/dev.tps.travel\/fr\/"},{"@type":"ListItem","position":2,"name":"Stages et places d\u2019apprentissage"}]},{"@type":"WebSite","@id":"https:\/\/dev.tps.travel\/fr\/#website","url":"https:\/\/dev.tps.travel\/fr\/","name":"TPS","description":"TRAVEL PROFESSIONALS SWITZERLAND","publisher":{"@id":"https:\/\/dev.tps.travel\/fr\/#organization"},"potentialAction":[{"@type":"SearchAction","target":{"@type":"EntryPoint","urlTemplate":"https:\/\/dev.tps.travel\/fr\/?s={search_term_string}"},"query-input":"required name=search_term_string"}],"inLanguage":"fr-FR"},{"@type":"Organization","@id":"https:\/\/dev.tps.travel\/fr\/#organization","name":"TRAVEL PROFESSIONALS SWITZERLAND","url":"https:\/\/dev.tps.travel\/fr\/","logo":{"@type":"ImageObject","inLanguage":"fr-FR","@id":"https:\/\/dev.tps.travel\/fr\/#\/schema\/logo\/image\/","url":"https:\/\/dev.tps.travel\/wp-content\/uploads\/2022\/06\/logo-blau.jpg","contentUrl":"https:\/\/dev.tps.travel\/wp-content\/uploads\/2022\/06\/logo-blau.jpg","width":580,"height":380,"caption":"TRAVEL PROFESSIONALS SWITZERLAND"},"image":{"@id":"https:\/\/dev.tps.travel\/fr\/#\/schema\/logo\/image\/"}}]}},"_links":{"self":[{"href":"https:\/\/dev.tps.travel\/fr\/wp-json\/wp\/v2\/pages\/1475"}],"collection":[{"href":"https:\/\/dev.tps.travel\/fr\/wp-json\/wp\/v2\/pages"}],"about":[{"href":"https:\/\/dev.tps.travel\/fr\/wp-json\/wp\/v2\/types\/page"}],"author":[{"embeddable":true,"href":"https:\/\/dev.tps.travel\/fr\/wp-json\/wp\/v2\/users\/1"}],"replies":[{"embeddable":true,"href":"https:\/\/dev.tps.travel\/fr\/wp-json\/wp\/v2\/comments?post=1475"}],"version-history":[{"count":5,"href":"https:\/\/dev.tps.travel\/fr\/wp-json\/wp\/v2\/pages\/1475\/revisions"}],"predecessor-version":[{"id":7274,"href":"https:\/\/dev.tps.travel\/fr\/wp-json\/wp\/v2\/pages\/1475\/revisions\/7274"}],"wp:attachment":[{"href":"https:\/\/dev.tps.travel\/fr\/wp-json\/wp\/v2\/media?parent=1475"}],"curies":[{"name":"wp","href":"https:\/\/api.w.org\/{rel}","templated":true}]}}