{"id":1538,"date":"2022-07-25T18:09:26","date_gmt":"2022-07-25T16:09:26","guid":{"rendered":"https:\/\/tps.travel\/tps-news\/"},"modified":"2023-06-13T14:53:45","modified_gmt":"2023-06-13T12:53:45","slug":"actualites-tps","status":"publish","type":"page","link":"https:\/\/dev.tps.travel\/fr\/actualites-tps\/","title":{"rendered":"Actualit\u00e9s TPS"},"content":{"rendered":"<section class=\"wpb-content-wrapper\"><p>[vc_section el_class=\u00a0\u00bbbg-9&Prime;][vc_row][vc_column]<div class=\"breadcrumbs\"><label><\/label> <a href=\"https:\/\/dev.tps.travel\/fr\/\">Home<\/a><\/div><div class=\"stories-wrapper wpb_content_element\"><h1 class=\"entry-title text-center\">Actualit\u00e9s TPS<\/h1><div class=\"stories-slider news-list\"><div id=\"post-17222\" class=\"post-17222 story type-story status-publish hentry category-actualites-tps category-partage-dexperiences\"><a href=\"https:\/\/dev.tps.travel\/fr\/story\/umbrella-net-est-un-nouveau-partenaire-tps-silver-premium\/\"><figure class=\"img-box\" style=\"background-color: #ECF4FC\"><\/figure><\/a><div class=\"text-box\"><div class=\"post-meta\">Derni\u00e8re mise \u00e0 jour : 01.09.2023<\/div><h4 class=\"entry-title\"><a href=\"https:\/\/dev.tps.travel\/fr\/story\/umbrella-net-est-un-nouveau-partenaire-tps-silver-premium\/\">Umbrella.net est un nouveau partenaire TPS Silver Premium<\/a><\/h4><div><p>.<\/p><a href=\"https:\/\/dev.tps.travel\/fr\/story\/umbrella-net-est-un-nouveau-partenaire-tps-silver-premium\/\" class=\"more-link\">D\u00e9tails<\/a><\/div><\/div><\/div><div id=\"post-16427\" class=\"post-16427 story type-story status-publish has-post-thumbnail hentry category-actualites-tps category-partage-dexperiences\"><a href=\"https:\/\/dev.tps.travel\/fr\/story\/das-neue-datenschutzgesetz-1\/\"><figure class=\"img-box\" style=\"background-image: url(https:\/\/dev.tps.travel\/wp-content\/uploads\/2023\/08\/tps_logo_272.png)\"><\/figure><\/a><div class=\"text-box\"><div class=\"post-meta\">Derni\u00e8re mise \u00e0 jour : 06.09.2023<\/div><h4 class=\"entry-title\"><a href=\"https:\/\/dev.tps.travel\/fr\/story\/das-neue-datenschutzgesetz-1\/\">TPS informe sur la nouvelle loi suisse sur la protection des donn\u00e9es<\/a><\/h4><div><p>Les explications qui suivent visent \u00e0 faciliter la bonne compr\u00e9hension des mod\u00e8les de r\u00e9f\u00e9rence ci-joints. Ces mod\u00e8les sont r\u00e9dig\u00e9s.<\/p><a href=\"https:\/\/dev.tps.travel\/fr\/story\/das-neue-datenschutzgesetz-1\/\" class=\"more-link\">D\u00e9tails<\/a><\/div><\/div><\/div><div id=\"post-15550\" class=\"post-15550 story type-story status-publish has-post-thumbnail hentry category-actualites-tps\"><a href=\"https:\/\/dev.tps.travel\/fr\/story\/apercu-des-nouveaux-membres-du-tps-1\/\"><figure class=\"img-box\" style=\"background-image: url(https:\/\/dev.tps.travel\/wp-content\/uploads\/2023\/06\/tps_logo_272-1.png)\"><\/figure><\/a><div class=\"text-box\"><div class=\"post-meta\">Derni\u00e8re mise \u00e0 jour : 29.06.2023<\/div><h4 class=\"entry-title\"><a href=\"https:\/\/dev.tps.travel\/fr\/story\/apercu-des-nouveaux-membres-du-tps-1\/\">Aper\u00e7u des nouveaux membres du TPS<\/a><\/h4><div><p>\n\n\n\n\n\nivanmeyertours GmbH, Wangen an der Aare\nNova Reisen Frutigen AG, Frutigen\nLangnau Travel AG, Langnau i.E.\nReiseb\u00fcro Monami, Klosters\nrilex AG, Altdorf\nrilex AG,.<\/p><a href=\"https:\/\/dev.tps.travel\/fr\/story\/apercu-des-nouveaux-membres-du-tps-1\/\" class=\"more-link\">D\u00e9tails<\/a><\/div><\/div><\/div><div id=\"post-15270\" class=\"post-15270 story type-story status-publish has-post-thumbnail hentry category-actualites-tps\"><a href=\"https:\/\/dev.tps.travel\/fr\/story\/tps-generalversammlung-in-zuerich-kopie-2\/\"><figure class=\"img-box\" style=\"background-image: url(https:\/\/dev.tps.travel\/wp-content\/uploads\/2023\/06\/tps_logo_127-1.jpg)\"><\/figure><\/a><div class=\"text-box\"><div class=\"post-meta\">Derni\u00e8re mise \u00e0 jour : 18.08.2023<\/div><h4 class=\"entry-title\"><a href=\"https:\/\/dev.tps.travel\/fr\/story\/tps-generalversammlung-in-zuerich-kopie-2\/\">Assembl\u00e9e g\u00e9n\u00e9rale de TPS \u00e0 Zurich du 29 au 30 septembre 2023<\/a><\/h4><div><p>Vendredi 29 septembre 2023\n15.00h &#8211; 18.00h\u00a0 \u00a0 \u00a0 \u00a0 \u00a0Arriv\u00e9e individuelle et check-in aupr\u00e8s du bureau TPS dans le.<\/p><a href=\"https:\/\/dev.tps.travel\/fr\/story\/tps-generalversammlung-in-zuerich-kopie-2\/\" class=\"more-link\">D\u00e9tails<\/a><\/div><\/div><\/div><div id=\"post-14362\" class=\"post-14362 story type-story status-publish has-post-thumbnail hentry category-actualites-tps\"><a href=\"https:\/\/dev.tps.travel\/fr\/story\/nouveaux-partenaires-tps-premium\/\"><figure class=\"img-box\" style=\"background-image: url(https:\/\/dev.tps.travel\/wp-content\/uploads\/2023\/02\/shutterstock_1990944446-scaled-e1684663296597.jpg)\"><\/figure><\/a><div class=\"text-box\"><div class=\"post-meta\">Derni\u00e8re mise \u00e0 jour : 05.07.2023<\/div><h4 class=\"entry-title\"><a href=\"https:\/\/dev.tps.travel\/fr\/story\/nouveaux-partenaires-tps-premium\/\">Nouveaux partenaires TPS Premium<\/a><\/h4><div><p>Airline Premiumpartner\nAir France \/ KLM (Silver)\nLH Group (Gold)\nBritish Airways \/ Iberia (Silver)\nService &amp; Technology Premiumpartner\nHanseMerkur International AG (Silver)\nJPM Publications.<\/p><a href=\"https:\/\/dev.tps.travel\/fr\/story\/nouveaux-partenaires-tps-premium\/\" class=\"more-link\">D\u00e9tails<\/a><\/div><\/div><\/div><div id=\"post-13776\" class=\"post-13776 story type-story status-publish has-post-thumbnail hentry category-actualites-tps category-partage-dexperiences\"><a href=\"https:\/\/dev.tps.travel\/fr\/story\/50-de-reduction-sur-la-premiere-cotisation-a-la-fsv\/\"><figure class=\"img-box\" style=\"background-image: url(https:\/\/dev.tps.travel\/wp-content\/uploads\/2023\/05\/srv-fsv_logo-1.jpg)\"><\/figure><\/a><div class=\"text-box\"><div class=\"post-meta\">Derni\u00e8re mise \u00e0 jour : 03.08.2023<\/div><h4 class=\"entry-title\"><a href=\"https:\/\/dev.tps.travel\/fr\/story\/50-de-reduction-sur-la-premiere-cotisation-a-la-fsv\/\">50% de r\u00e9duction sur la premi\u00e8re cotisation \u00e0 la FSV<\/a><\/h4><div><p>Adh\u00e9rez d\u00e8s maintenant \u00e0 la F\u00e9d\u00e9ration Suisse du Voyage et profitez d&rsquo;une offre d&rsquo;entr\u00e9e sp\u00e9ciale. Les membres TPS qui.<\/p><a href=\"https:\/\/dev.tps.travel\/fr\/story\/50-de-reduction-sur-la-premiere-cotisation-a-la-fsv\/\" class=\"more-link\">D\u00e9tails<\/a><\/div><\/div><\/div><div id=\"post-13063\" class=\"post-13063 story type-story status-publish has-post-thumbnail hentry category-actualites-tps\"><a href=\"https:\/\/dev.tps.travel\/fr\/story\/roadshow-tps-au-loft-five-a-zurich-du-22-mars-2023\/\"><figure class=\"img-box\" style=\"background-image: url(https:\/\/dev.tps.travel\/wp-content\/uploads\/2023\/03\/sojxwpdrat4w0f9mg20230323055439.jpg)\"><\/figure><\/a><div class=\"text-box\"><div class=\"post-meta\">Derni\u00e8re mise \u00e0 jour : 27.03.2023<\/div><h4 class=\"entry-title\"><a href=\"https:\/\/dev.tps.travel\/fr\/story\/roadshow-tps-au-loft-five-a-zurich-du-22-mars-2023\/\">Roadshow TPS au Loft Five \u00e0 Zurich du 22 mars 2023<\/a><\/h4><div><p>Pour la premi\u00e8re fois depuis la premi\u00e8re assembl\u00e9e g\u00e9n\u00e9rale de la coop\u00e9rative en juin dernier, les membres de TPS.<\/p><a href=\"https:\/\/dev.tps.travel\/fr\/story\/roadshow-tps-au-loft-five-a-zurich-du-22-mars-2023\/\" class=\"more-link\">D\u00e9tails<\/a><\/div><\/div><\/div><div id=\"post-12921\" class=\"post-12921 story type-story status-publish has-post-thumbnail hentry category-actualites-tps\"><a href=\"https:\/\/dev.tps.travel\/fr\/story\/manta-voyages-augmente-la-commission-de-base-pour-les-membres-tps-a-115\/\"><figure class=\"img-box\" style=\"background-image: url(https:\/\/dev.tps.travel\/wp-content\/uploads\/2023\/03\/Manta_Logo_Slogan_DE_4C-1-e1681803971256.jpg)\"><\/figure><\/a><div class=\"text-box\"><div class=\"post-meta\">Derni\u00e8re mise \u00e0 jour : 27.03.2023<\/div><h4 class=\"entry-title\"><a href=\"https:\/\/dev.tps.travel\/fr\/story\/manta-voyages-augmente-la-commission-de-base-pour-les-membres-tps-a-115\/\">Manta Voyages augmente la commission de base pour les membres TPS \u00e0 11,5%.<\/a><\/h4><div><p>Tous les membres TPS recevront\u00a0 une commission de base d&rsquo;au minimum 11.5% \u00e0 partir d&rsquo;avril 2023.\nManta Voyages augmente sa.<\/p><a href=\"https:\/\/dev.tps.travel\/fr\/story\/manta-voyages-augmente-la-commission-de-base-pour-les-membres-tps-a-115\/\" class=\"more-link\">D\u00e9tails<\/a><\/div><\/div><\/div><div id=\"post-11579\" class=\"post-11579 story type-story status-publish has-post-thumbnail hentry category-actualites-tps\"><a href=\"https:\/\/dev.tps.travel\/fr\/story\/cheres-membres-de-tps\/\"><figure class=\"img-box\" style=\"background-image: url(https:\/\/dev.tps.travel\/wp-content\/uploads\/2023\/02\/image.png)\"><\/figure><\/a><div class=\"text-box\"><div class=\"post-meta\">Derni\u00e8re mise \u00e0 jour : 02.02.2023<\/div><h4 class=\"entry-title\"><a href=\"https:\/\/dev.tps.travel\/fr\/story\/cheres-membres-de-tps\/\">Ch\u00e8res membres de TPS<\/a><\/h4><div><p>Text auf Franz\u00f6sisch\n.<\/p><a href=\"https:\/\/dev.tps.travel\/fr\/story\/cheres-membres-de-tps\/\" class=\"more-link\">D\u00e9tails<\/a><\/div><\/div><\/div><div id=\"post-11386\" class=\"post-11386 story type-story status-publish has-post-thumbnail hentry category-actualites-tps\"><a href=\"https:\/\/dev.tps.travel\/fr\/story\/thomas-althaus-prend-direction-de-tps\/\"><figure class=\"img-box\" style=\"background-image: url(https:\/\/dev.tps.travel\/wp-content\/uploads\/2023\/01\/Portraitfoto-Thomas-Althaus-scaled.jpg)\"><\/figure><\/a><div class=\"text-box\"><div class=\"post-meta\">Derni\u00e8re mise \u00e0 jour : 13.01.2023<\/div><h4 class=\"entry-title\"><a href=\"https:\/\/dev.tps.travel\/fr\/story\/thomas-althaus-prend-direction-de-tps\/\">Thomas Althaus prend direction de TPS<\/a><\/h4><div><p>TPS se restructure!\nSonja Laborde et Kurt Eberhard transmettent la Direction op\u00e9rationnelle de TPS \u00e0 Thomas Althaus et continuent de.<\/p><a href=\"https:\/\/dev.tps.travel\/fr\/story\/thomas-althaus-prend-direction-de-tps\/\" class=\"more-link\">D\u00e9tails<\/a><\/div><\/div><\/div><div id=\"post-9276\" class=\"post-9276 story type-story status-publish has-post-thumbnail hentry category-actualites-tps category-partage-dexperiences\"><a href=\"https:\/\/dev.tps.travel\/fr\/story\/gros-plan-avec-koni\/\"><figure class=\"img-box\" style=\"background-image: url(https:\/\/dev.tps.travel\/wp-content\/uploads\/2022\/12\/image-6.png)\"><\/figure><\/a><div class=\"text-box\"><div class=\"post-meta\">Derni\u00e8re mise \u00e0 jour : 01.12.2022<\/div><h4 class=\"entry-title\"><a href=\"https:\/\/dev.tps.travel\/fr\/story\/gros-plan-avec-koni\/\">Gros plan avec Koni<\/a><\/h4><div><p>Qu&rsquo;il s&rsquo;agisse du lynx du Jura, de l&rsquo;\u00e9l\u00e9phant de l&rsquo;Okavango ou du phacoch\u00e8re du Ngorongoro, Koni K\u00f6lbl, administrateur de.<\/p><a href=\"https:\/\/dev.tps.travel\/fr\/story\/gros-plan-avec-koni\/\" class=\"more-link\">D\u00e9tails<\/a><\/div><\/div><\/div><div id=\"post-5427\" class=\"post-5427 story type-story status-publish has-post-thumbnail hentry category-actualites-tps\"><a href=\"https:\/\/dev.tps.travel\/fr\/story\/kurt-eberhard-co-praesident-tps-im-interview-mit-travel-inside\/\"><figure class=\"img-box\" style=\"background-image: url(https:\/\/dev.tps.travel\/wp-content\/uploads\/2022\/07\/Kurt-Eberhard-_-TPS-scaled.jpg)\"><\/figure><\/a><div class=\"text-box\"><div class=\"post-meta\">Derni\u00e8re mise \u00e0 jour : 05.09.2022<\/div><h4 class=\"entry-title\"><a href=\"https:\/\/dev.tps.travel\/fr\/story\/kurt-eberhard-co-praesident-tps-im-interview-mit-travel-inside\/\">Kurt Eberhard Co-Pr\u00e9sident TPS dans une Interview avec Travel Inside<\/a><\/h4><div><p>Dans une interview d\u00e9taill\u00e9e avec Travel Inside, Kurt Eberhard, co-pr\u00e9sident de TPS, fournit des informations sur l&rsquo;\u00e9tat actuel de.<\/p><a href=\"https:\/\/dev.tps.travel\/fr\/story\/kurt-eberhard-co-praesident-tps-im-interview-mit-travel-inside\/\" class=\"more-link\">D\u00e9tails<\/a><\/div><\/div><\/div><div id=\"post-3651\" class=\"post-3651 story type-story status-publish has-post-thumbnail hentry category-actualites-tps\"><a href=\"https:\/\/dev.tps.travel\/fr\/story\/interview-mit-david-lechot-in-der-zeitung-la-liberte\/\"><figure class=\"img-box\" style=\"background-image: url(https:\/\/dev.tps.travel\/wp-content\/uploads\/2022\/07\/David_Lechot2-1.jpg)\"><\/figure><\/a><div class=\"text-box\"><div class=\"post-meta\">Derni\u00e8re mise \u00e0 jour : 04.09.2022<\/div><h4 class=\"entry-title\"><a href=\"https:\/\/dev.tps.travel\/fr\/story\/interview-mit-david-lechot-in-der-zeitung-la-liberte\/\">Interview avec David L\u00e9chot dans La Libert\u00e9<\/a><\/h4><div><p>.<\/p><a href=\"https:\/\/dev.tps.travel\/fr\/story\/interview-mit-david-lechot-in-der-zeitung-la-liberte\/\" class=\"more-link\">D\u00e9tails<\/a><\/div><\/div><\/div><div id=\"post-3559\" class=\"post-3559 story type-story status-publish has-post-thumbnail hentry category-actualites-tps\"><a href=\"https:\/\/dev.tps.travel\/fr\/story\/post-2\/\"><figure class=\"img-box\" style=\"background-image: url(https:\/\/dev.tps.travel\/wp-content\/uploads\/2022\/06\/Sonja-Laborde-TPS.jpg)\"><\/figure><\/a><div class=\"text-box\"><div class=\"post-meta\">Derni\u00e8re mise \u00e0 jour : 05.09.2022<\/div><h4 class=\"entry-title\"><a href=\"https:\/\/dev.tps.travel\/fr\/story\/post-2\/\">Interview avec Sonja Laborde dans Le Temps<\/a><\/h4><div><p>.<\/p><a href=\"https:\/\/dev.tps.travel\/fr\/story\/post-2\/\" class=\"more-link\">D\u00e9tails<\/a><\/div><\/div><\/div><\/div><\/div>[\/vc_column][\/vc_row][\/vc_section]<\/p>\n<\/section>","protected":false},"excerpt":{"rendered":"<p>[vc_section el_class=\u00a0\u00bbbg-9&Prime;][vc_row][vc_column][\/vc_column][\/vc_row][\/vc_section]<\/p>\n","protected":false},"author":167,"featured_media":0,"parent":0,"menu_order":0,"comment_status":"closed","ping_status":"closed","template":"","meta":{"footnotes":""},"acf":[],"yoast_head":"<!-- This site is optimized with the Yoast SEO plugin v21.1 - https:\/\/yoast.com\/wordpress\/plugins\/seo\/ -->\n<title>Actualit\u00e9s TPS &ndash; TPS<\/title>\n<meta name=\"robots\" content=\"noindex, follow, max-snippet:-1, max-image-preview:large, max-video-preview:-1\" \/>\n<meta property=\"og:locale\" content=\"fr_FR\" \/>\n<meta property=\"og:type\" content=\"article\" \/>\n<meta property=\"og:title\" content=\"Actualit\u00e9s TPS &ndash; TPS\" \/>\n<meta property=\"og:description\" content=\"[vc_section el_class=\u00a0\u00bbbg-9&Prime;][vc_row][vc_column][\/vc_column][\/vc_row][\/vc_section]\" \/>\n<meta property=\"og:url\" content=\"https:\/\/dev.tps.travel\/fr\/actualites-tps\/\" \/>\n<meta property=\"og:site_name\" content=\"TPS\" \/>\n<meta property=\"article:modified_time\" content=\"2023-06-13T12:53:45+00:00\" \/>\n<meta property=\"og:image\" content=\"https:\/\/dev.tps.travel\/wp-content\/uploads\/2022\/06\/logo-blau.jpg\" \/>\n\t<meta property=\"og:image:width\" content=\"580\" \/>\n\t<meta property=\"og:image:height\" content=\"380\" \/>\n\t<meta property=\"og:image:type\" content=\"image\/jpeg\" \/>\n<meta name=\"twitter:card\" content=\"summary_large_image\" \/>\n<meta name=\"twitter:label1\" content=\"Dur\u00e9e de lecture estim\u00e9e\" \/>\n\t<meta name=\"twitter:data1\" content=\"1 minute\" \/>\n<script type=\"application\/ld+json\" class=\"yoast-schema-graph\">{\"@context\":\"https:\/\/schema.org\",\"@graph\":[{\"@type\":\"WebPage\",\"@id\":\"https:\/\/dev.tps.travel\/fr\/actualites-tps\/\",\"url\":\"https:\/\/dev.tps.travel\/fr\/actualites-tps\/\",\"name\":\"Actualit\u00e9s TPS &ndash; TPS\",\"isPartOf\":{\"@id\":\"https:\/\/dev.tps.travel\/fr\/#website\"},\"datePublished\":\"2022-07-25T16:09:26+00:00\",\"dateModified\":\"2023-06-13T12:53:45+00:00\",\"breadcrumb\":{\"@id\":\"https:\/\/dev.tps.travel\/fr\/actualites-tps\/#breadcrumb\"},\"inLanguage\":\"fr-FR\",\"potentialAction\":[{\"@type\":\"ReadAction\",\"target\":[\"https:\/\/dev.tps.travel\/fr\/actualites-tps\/\"]}]},{\"@type\":\"BreadcrumbList\",\"@id\":\"https:\/\/dev.tps.travel\/fr\/actualites-tps\/#breadcrumb\",\"itemListElement\":[{\"@type\":\"ListItem\",\"position\":1,\"name\":\"Home\",\"item\":\"https:\/\/dev.tps.travel\/fr\/\"},{\"@type\":\"ListItem\",\"position\":2,\"name\":\"Actualit\u00e9s TPS\"}]},{\"@type\":\"WebSite\",\"@id\":\"https:\/\/dev.tps.travel\/fr\/#website\",\"url\":\"https:\/\/dev.tps.travel\/fr\/\",\"name\":\"TPS\",\"description\":\"TRAVEL PROFESSIONALS SWITZERLAND\",\"publisher\":{\"@id\":\"https:\/\/dev.tps.travel\/fr\/#organization\"},\"potentialAction\":[{\"@type\":\"SearchAction\",\"target\":{\"@type\":\"EntryPoint\",\"urlTemplate\":\"https:\/\/dev.tps.travel\/fr\/?s={search_term_string}\"},\"query-input\":\"required name=search_term_string\"}],\"inLanguage\":\"fr-FR\"},{\"@type\":\"Organization\",\"@id\":\"https:\/\/dev.tps.travel\/fr\/#organization\",\"name\":\"TRAVEL PROFESSIONALS SWITZERLAND\",\"url\":\"https:\/\/dev.tps.travel\/fr\/\",\"logo\":{\"@type\":\"ImageObject\",\"inLanguage\":\"fr-FR\",\"@id\":\"https:\/\/dev.tps.travel\/fr\/#\/schema\/logo\/image\/\",\"url\":\"https:\/\/dev.tps.travel\/wp-content\/uploads\/2022\/06\/logo-blau.jpg\",\"contentUrl\":\"https:\/\/dev.tps.travel\/wp-content\/uploads\/2022\/06\/logo-blau.jpg\",\"width\":580,\"height\":380,\"caption\":\"TRAVEL PROFESSIONALS SWITZERLAND\"},\"image\":{\"@id\":\"https:\/\/dev.tps.travel\/fr\/#\/schema\/logo\/image\/\"}}]}<\/script>\n<!-- \/ Yoast SEO plugin. -->","yoast_head_json":{"title":"Actualit\u00e9s TPS &ndash; TPS","robots":{"index":"noindex","follow":"follow","max-snippet":"max-snippet:-1","max-image-preview":"max-image-preview:large","max-video-preview":"max-video-preview:-1"},"og_locale":"fr_FR","og_type":"article","og_title":"Actualit\u00e9s TPS &ndash; TPS","og_description":"[vc_section el_class=\u00a0\u00bbbg-9&Prime;][vc_row][vc_column][\/vc_column][\/vc_row][\/vc_section]","og_url":"https:\/\/dev.tps.travel\/fr\/actualites-tps\/","og_site_name":"TPS","article_modified_time":"2023-06-13T12:53:45+00:00","og_image":[{"width":580,"height":380,"url":"https:\/\/dev.tps.travel\/wp-content\/uploads\/2022\/06\/logo-blau.jpg","type":"image\/jpeg"}],"twitter_card":"summary_large_image","twitter_misc":{"Dur\u00e9e de lecture estim\u00e9e":"1 minute"},"schema":{"@context":"https:\/\/schema.org","@graph":[{"@type":"WebPage","@id":"https:\/\/dev.tps.travel\/fr\/actualites-tps\/","url":"https:\/\/dev.tps.travel\/fr\/actualites-tps\/","name":"Actualit\u00e9s TPS &ndash; TPS","isPartOf":{"@id":"https:\/\/dev.tps.travel\/fr\/#website"},"datePublished":"2022-07-25T16:09:26+00:00","dateModified":"2023-06-13T12:53:45+00:00","breadcrumb":{"@id":"https:\/\/dev.tps.travel\/fr\/actualites-tps\/#breadcrumb"},"inLanguage":"fr-FR","potentialAction":[{"@type":"ReadAction","target":["https:\/\/dev.tps.travel\/fr\/actualites-tps\/"]}]},{"@type":"BreadcrumbList","@id":"https:\/\/dev.tps.travel\/fr\/actualites-tps\/#breadcrumb","itemListElement":[{"@type":"ListItem","position":1,"name":"Home","item":"https:\/\/dev.tps.travel\/fr\/"},{"@type":"ListItem","position":2,"name":"Actualit\u00e9s TPS"}]},{"@type":"WebSite","@id":"https:\/\/dev.tps.travel\/fr\/#website","url":"https:\/\/dev.tps.travel\/fr\/","name":"TPS","description":"TRAVEL PROFESSIONALS SWITZERLAND","publisher":{"@id":"https:\/\/dev.tps.travel\/fr\/#organization"},"potentialAction":[{"@type":"SearchAction","target":{"@type":"EntryPoint","urlTemplate":"https:\/\/dev.tps.travel\/fr\/?s={search_term_string}"},"query-input":"required name=search_term_string"}],"inLanguage":"fr-FR"},{"@type":"Organization","@id":"https:\/\/dev.tps.travel\/fr\/#organization","name":"TRAVEL PROFESSIONALS SWITZERLAND","url":"https:\/\/dev.tps.travel\/fr\/","logo":{"@type":"ImageObject","inLanguage":"fr-FR","@id":"https:\/\/dev.tps.travel\/fr\/#\/schema\/logo\/image\/","url":"https:\/\/dev.tps.travel\/wp-content\/uploads\/2022\/06\/logo-blau.jpg","contentUrl":"https:\/\/dev.tps.travel\/wp-content\/uploads\/2022\/06\/logo-blau.jpg","width":580,"height":380,"caption":"TRAVEL PROFESSIONALS SWITZERLAND"},"image":{"@id":"https:\/\/dev.tps.travel\/fr\/#\/schema\/logo\/image\/"}}]}},"_links":{"self":[{"href":"https:\/\/dev.tps.travel\/fr\/wp-json\/wp\/v2\/pages\/1538"}],"collection":[{"href":"https:\/\/dev.tps.travel\/fr\/wp-json\/wp\/v2\/pages"}],"about":[{"href":"https:\/\/dev.tps.travel\/fr\/wp-json\/wp\/v2\/types\/page"}],"author":[{"embeddable":true,"href":"https:\/\/dev.tps.travel\/fr\/wp-json\/wp\/v2\/users\/167"}],"replies":[{"embeddable":true,"href":"https:\/\/dev.tps.travel\/fr\/wp-json\/wp\/v2\/comments?post=1538"}],"version-history":[{"count":6,"href":"https:\/\/dev.tps.travel\/fr\/wp-json\/wp\/v2\/pages\/1538\/revisions"}],"predecessor-version":[{"id":14989,"href":"https:\/\/dev.tps.travel\/fr\/wp-json\/wp\/v2\/pages\/1538\/revisions\/14989"}],"wp:attachment":[{"href":"https:\/\/dev.tps.travel\/fr\/wp-json\/wp\/v2\/media?parent=1538"}],"curies":[{"name":"wp","href":"https:\/\/api.w.org\/{rel}","templated":true}]}}