{"id":3508,"date":"2022-07-27T21:32:58","date_gmt":"2022-07-27T19:32:58","guid":{"rendered":"https:\/\/tps.travel\/?page_id=3508"},"modified":"2023-06-13T15:40:49","modified_gmt":"2023-06-13T13:40:49","slug":"partage-dexperiences","status":"publish","type":"page","link":"https:\/\/dev.tps.travel\/fr\/partage-dexperiences\/","title":{"rendered":"Partage d\u2019exp\u00e9riences \u2013 Good to know"},"content":{"rendered":"<section class=\"wpb-content-wrapper\"><p>[vc_section css=\u00a0\u00bb.vc_custom_1659351852085{padding-bottom: 0px !important;}\u00a0\u00bb][vc_row full_width=\u00a0\u00bbstretch_row_content_no_spaces\u00a0\u00bb][vc_column]<div class=\"custom-top-banner img-box \" style=\"background-image: url(https:\/\/dev.tps.travel\/wp-content\/uploads\/2022\/08\/Frau_auf_Safari_Ngorongor_shutterstock_1487888522.jpg)\"><div class=\"container relative\"><div class=\"text-box align-center\"><h1>Partage d\u2019exp\u00e9riences \u2013 Good to know<\/h1><\/div><\/div><\/div>[\/vc_column][\/vc_row][\/vc_section][vc_section el_class=\u00a0\u00bbbg-9&Prime; css=\u00a0\u00bb.vc_custom_1659351760968{padding-top: 30px !important;}\u00a0\u00bb][vc_row][vc_column]<div class=\"breadcrumbs\"><label><\/label> <a href=\"https:\/\/dev.tps.travel\/fr\/\">Home<\/a><\/div>[vc_column_text]Savoir c&rsquo;est pouvoir ! Etre bien inform\u00e9 repr\u00e9sente un avantage concurrentiel. Ici, nous publions r\u00e9guli\u00e8rement des articles int\u00e9ressants sur et pour l&rsquo;industrie du voyage. Il peut s&rsquo;agir de contributions d&rsquo;invit\u00e9s, d&rsquo;articles d\u00e9j\u00e0 parus dans les m\u00e9dias ou de nouvelles tr\u00e8s g\u00e9n\u00e9rales importantes et pertinentes concernant le monde du tourisme. Avez-vous quelque chose d&rsquo;int\u00e9ressant \u00e0 apporter ? Alors faites-le nous savoir.<\/p>\n<p>secretariat@tps.travel<br \/>\n+41 (0)21 799 44 66<br \/>\n+41 (0)44 771 19 50[\/vc_column_text]<div class=\"stories-wrapper wpb_content_element\"><h1 class=\"entry-title text-center\">Partage d\u2019exp\u00e9riences<\/h1><div class=\"stories-slider news-list\"><div id=\"post-17222\" class=\"post-17222 story type-story status-publish hentry category-actualites-tps category-partage-dexperiences\"><a href=\"https:\/\/dev.tps.travel\/fr\/story\/umbrella-net-est-un-nouveau-partenaire-tps-silver-premium\/\"><figure class=\"img-box\" style=\"background-color: #ECF4FC\"><\/figure><\/a><div class=\"text-box\"><div class=\"post-meta\">Derni\u00e8re mise \u00e0 jour : 01.09.2023<\/div><h4 class=\"entry-title\"><a href=\"https:\/\/dev.tps.travel\/fr\/story\/umbrella-net-est-un-nouveau-partenaire-tps-silver-premium\/\">Umbrella.net est un nouveau partenaire TPS Silver Premium<\/a><\/h4><div><p>.<\/p><a href=\"https:\/\/dev.tps.travel\/fr\/story\/umbrella-net-est-un-nouveau-partenaire-tps-silver-premium\/\" class=\"more-link\">D\u00e9tails<\/a><\/div><\/div><\/div><div id=\"post-16427\" class=\"post-16427 story type-story status-publish has-post-thumbnail hentry category-actualites-tps category-partage-dexperiences\"><a href=\"https:\/\/dev.tps.travel\/fr\/story\/das-neue-datenschutzgesetz-1\/\"><figure class=\"img-box\" style=\"background-image: url(https:\/\/dev.tps.travel\/wp-content\/uploads\/2023\/08\/tps_logo_272.png)\"><\/figure><\/a><div class=\"text-box\"><div class=\"post-meta\">Derni\u00e8re mise \u00e0 jour : 06.09.2023<\/div><h4 class=\"entry-title\"><a href=\"https:\/\/dev.tps.travel\/fr\/story\/das-neue-datenschutzgesetz-1\/\">TPS informe sur la nouvelle loi suisse sur la protection des donn\u00e9es<\/a><\/h4><div><p>Les explications qui suivent visent \u00e0 faciliter la bonne compr\u00e9hension des mod\u00e8les de r\u00e9f\u00e9rence ci-joints. Ces mod\u00e8les sont r\u00e9dig\u00e9s.<\/p><a href=\"https:\/\/dev.tps.travel\/fr\/story\/das-neue-datenschutzgesetz-1\/\" class=\"more-link\">D\u00e9tails<\/a><\/div><\/div><\/div><div id=\"post-15533\" class=\"post-15533 story type-story status-publish has-post-thumbnail hentry category-partage-dexperiences category-tps-news\"><a href=\"https:\/\/dev.tps.travel\/fr\/story\/club-med-2-famtrip-en-juin-2023\/\"><figure class=\"img-box\" style=\"background-image: url(https:\/\/dev.tps.travel\/wp-content\/uploads\/2023\/06\/CM_Logo_Noir.png)\"><\/figure><\/a><div class=\"text-box\"><div class=\"post-meta\">Derni\u00e8re mise \u00e0 jour : 29.06.2023<\/div><h4 class=\"entry-title\"><a href=\"https:\/\/dev.tps.travel\/fr\/story\/club-med-2-famtrip-en-juin-2023\/\">Club Med 2 FamTrip en juin 2023<\/a><\/h4><div><p>Ce magnifique week-end \u00e0 bord du Club Med 2 au d\u00e9part\/\u00e0 l&rsquo;arriv\u00e9e de Nice proposait deux escales \u00e0 Portofino.<\/p><a href=\"https:\/\/dev.tps.travel\/fr\/story\/club-med-2-famtrip-en-juin-2023\/\" class=\"more-link\">D\u00e9tails<\/a><\/div><\/div><\/div><div id=\"post-13409\" class=\"post-13409 story type-story status-publish has-post-thumbnail hentry category-partage-dexperiences\"><a href=\"https:\/\/dev.tps.travel\/fr\/story\/nouveaux-ecrans-led-pour-vitrines-2\/\"><figure class=\"img-box\" style=\"background-image: url(https:\/\/dev.tps.travel\/wp-content\/uploads\/2023\/04\/IMG_1632-1-scaled.jpg)\"><\/figure><\/a><div class=\"text-box\"><div class=\"post-meta\">Derni\u00e8re mise \u00e0 jour : 16.05.2023<\/div><h4 class=\"entry-title\"><a href=\"https:\/\/dev.tps.travel\/fr\/story\/nouveaux-ecrans-led-pour-vitrines-2\/\">Nouveaux \u00e9crans LED pour vitrines<\/a><\/h4><div><p>Depuis quelques semaines\u00a0 les vitrines de Let&rsquo;s go Tours, tourasia et Voyageplan sont \u00e9quip\u00e9es d&rsquo;\u00e9crans d\u2019affichage LED plus attrayants.<\/p><a href=\"https:\/\/dev.tps.travel\/fr\/story\/nouveaux-ecrans-led-pour-vitrines-2\/\" class=\"more-link\">D\u00e9tails<\/a><\/div><\/div><\/div><div id=\"post-13776\" class=\"post-13776 story type-story status-publish has-post-thumbnail hentry category-actualites-tps category-partage-dexperiences\"><a href=\"https:\/\/dev.tps.travel\/fr\/story\/50-de-reduction-sur-la-premiere-cotisation-a-la-fsv\/\"><figure class=\"img-box\" style=\"background-image: url(https:\/\/dev.tps.travel\/wp-content\/uploads\/2023\/05\/srv-fsv_logo-1.jpg)\"><\/figure><\/a><div class=\"text-box\"><div class=\"post-meta\">Derni\u00e8re mise \u00e0 jour : 03.08.2023<\/div><h4 class=\"entry-title\"><a href=\"https:\/\/dev.tps.travel\/fr\/story\/50-de-reduction-sur-la-premiere-cotisation-a-la-fsv\/\">50% de r\u00e9duction sur la premi\u00e8re cotisation \u00e0 la FSV<\/a><\/h4><div><p>Adh\u00e9rez d\u00e8s maintenant \u00e0 la F\u00e9d\u00e9ration Suisse du Voyage et profitez d&rsquo;une offre d&rsquo;entr\u00e9e sp\u00e9ciale. Les membres TPS qui.<\/p><a href=\"https:\/\/dev.tps.travel\/fr\/story\/50-de-reduction-sur-la-premiere-cotisation-a-la-fsv\/\" class=\"more-link\">D\u00e9tails<\/a><\/div><\/div><\/div><div id=\"post-9276\" class=\"post-9276 story type-story status-publish has-post-thumbnail hentry category-actualites-tps category-partage-dexperiences\"><a href=\"https:\/\/dev.tps.travel\/fr\/story\/gros-plan-avec-koni\/\"><figure class=\"img-box\" style=\"background-image: url(https:\/\/dev.tps.travel\/wp-content\/uploads\/2022\/12\/image-6.png)\"><\/figure><\/a><div class=\"text-box\"><div class=\"post-meta\">Derni\u00e8re mise \u00e0 jour : 01.12.2022<\/div><h4 class=\"entry-title\"><a href=\"https:\/\/dev.tps.travel\/fr\/story\/gros-plan-avec-koni\/\">Gros plan avec Koni<\/a><\/h4><div><p>Qu&rsquo;il s&rsquo;agisse du lynx du Jura, de l&rsquo;\u00e9l\u00e9phant de l&rsquo;Okavango ou du phacoch\u00e8re du Ngorongoro, Koni K\u00f6lbl, administrateur de.<\/p><a href=\"https:\/\/dev.tps.travel\/fr\/story\/gros-plan-avec-koni\/\" class=\"more-link\">D\u00e9tails<\/a><\/div><\/div><\/div><\/div><\/div>[\/vc_column][\/vc_row][vc_row][vc_column]<div class=\"text-center wpb_content_element\"><a href=\"https:\/\/tps.travel\/fr\/contact\/\" target=\"_self\" class=\"custom-btn alt\">Soumettre une contribution ou un input<\/a><\/div>[\/vc_column][\/vc_row][\/vc_section]<\/p>\n<\/section>","protected":false},"excerpt":{"rendered":"<p>[vc_section css=\u00a0\u00bb.vc_custom_1659351852085{padding-bottom: 0px !important;}\u00a0\u00bb][vc_row full_width=\u00a0\u00bbstretch_row_content_no_spaces\u00a0\u00bb][vc_column][\/vc_column][\/vc_row][\/vc_section][vc_section el_class=\u00a0\u00bbbg-9&Prime; css=\u00a0\u00bb.vc_custom_1659351760968{padding-top: 30px !important;}\u00a0\u00bb][vc_row][vc_column][vc_column_text]Savoir c&rsquo;est pouvoir ! Etre bien inform\u00e9 repr\u00e9sente un avantage concurrentiel. Ici, nous publions r\u00e9guli\u00e8rement des articles int\u00e9ressants sur et pour l&rsquo;industrie du voyage. Il peut s&rsquo;agir de contributions d&rsquo;invit\u00e9s, d&rsquo;articles d\u00e9j\u00e0 parus dans les m\u00e9dias ou de nouvelles tr\u00e8s g\u00e9n\u00e9rales importantes et pertinentes concernant le monde [&hellip;]<\/p>\n","protected":false},"author":167,"featured_media":0,"parent":0,"menu_order":0,"comment_status":"closed","ping_status":"closed","template":"","meta":{"footnotes":""},"acf":[],"yoast_head":"<!-- This site is optimized with the Yoast SEO plugin v21.1 - https:\/\/yoast.com\/wordpress\/plugins\/seo\/ -->\n<title>Partage d\u2019exp\u00e9riences \u2013 Good to know &ndash; TPS<\/title>\n<meta name=\"robots\" content=\"noindex, follow, max-snippet:-1, max-image-preview:large, max-video-preview:-1\" \/>\n<meta property=\"og:locale\" content=\"fr_FR\" \/>\n<meta property=\"og:type\" content=\"article\" \/>\n<meta property=\"og:title\" content=\"Partage d\u2019exp\u00e9riences \u2013 Good to know &ndash; TPS\" \/>\n<meta property=\"og:description\" content=\"[vc_section css=\u00a0\u00bb.vc_custom_1659351852085{padding-bottom: 0px !important;}\u00a0\u00bb][vc_row full_width=\u00a0\u00bbstretch_row_content_no_spaces\u00a0\u00bb][vc_column][\/vc_column][\/vc_row][\/vc_section][vc_section el_class=\u00a0\u00bbbg-9&Prime; css=\u00a0\u00bb.vc_custom_1659351760968{padding-top: 30px !important;}\u00a0\u00bb][vc_row][vc_column][vc_column_text]Savoir c&rsquo;est pouvoir ! Etre bien inform\u00e9 repr\u00e9sente un avantage concurrentiel. Ici, nous publions r\u00e9guli\u00e8rement des articles int\u00e9ressants sur et pour l&rsquo;industrie du voyage. Il peut s&rsquo;agir de contributions d&rsquo;invit\u00e9s, d&rsquo;articles d\u00e9j\u00e0 parus dans les m\u00e9dias ou de nouvelles tr\u00e8s g\u00e9n\u00e9rales importantes et pertinentes concernant le monde [&hellip;]\" \/>\n<meta property=\"og:url\" content=\"https:\/\/dev.tps.travel\/fr\/partage-dexperiences\/\" \/>\n<meta property=\"og:site_name\" content=\"TPS\" \/>\n<meta property=\"article:modified_time\" content=\"2023-06-13T13:40:49+00:00\" \/>\n<meta property=\"og:image\" content=\"https:\/\/dev.tps.travel\/wp-content\/uploads\/2022\/06\/logo-blau.jpg\" \/>\n\t<meta property=\"og:image:width\" content=\"580\" \/>\n\t<meta property=\"og:image:height\" content=\"380\" \/>\n\t<meta property=\"og:image:type\" content=\"image\/jpeg\" \/>\n<meta name=\"twitter:card\" content=\"summary_large_image\" \/>\n<meta name=\"twitter:label1\" content=\"Dur\u00e9e de lecture estim\u00e9e\" \/>\n\t<meta name=\"twitter:data1\" content=\"1 minute\" \/>\n<script type=\"application\/ld+json\" class=\"yoast-schema-graph\">{\"@context\":\"https:\/\/schema.org\",\"@graph\":[{\"@type\":\"WebPage\",\"@id\":\"https:\/\/dev.tps.travel\/fr\/partage-dexperiences\/\",\"url\":\"https:\/\/dev.tps.travel\/fr\/partage-dexperiences\/\",\"name\":\"Partage d\u2019exp\u00e9riences \u2013 Good to know &ndash; TPS\",\"isPartOf\":{\"@id\":\"https:\/\/dev.tps.travel\/fr\/#website\"},\"datePublished\":\"2022-07-27T19:32:58+00:00\",\"dateModified\":\"2023-06-13T13:40:49+00:00\",\"breadcrumb\":{\"@id\":\"https:\/\/dev.tps.travel\/fr\/partage-dexperiences\/#breadcrumb\"},\"inLanguage\":\"fr-FR\",\"potentialAction\":[{\"@type\":\"ReadAction\",\"target\":[\"https:\/\/dev.tps.travel\/fr\/partage-dexperiences\/\"]}]},{\"@type\":\"BreadcrumbList\",\"@id\":\"https:\/\/dev.tps.travel\/fr\/partage-dexperiences\/#breadcrumb\",\"itemListElement\":[{\"@type\":\"ListItem\",\"position\":1,\"name\":\"Home\",\"item\":\"https:\/\/dev.tps.travel\/fr\/\"},{\"@type\":\"ListItem\",\"position\":2,\"name\":\"Partage d\u2019exp\u00e9riences \u2013 Good to know\"}]},{\"@type\":\"WebSite\",\"@id\":\"https:\/\/dev.tps.travel\/fr\/#website\",\"url\":\"https:\/\/dev.tps.travel\/fr\/\",\"name\":\"TPS\",\"description\":\"TRAVEL PROFESSIONALS SWITZERLAND\",\"publisher\":{\"@id\":\"https:\/\/dev.tps.travel\/fr\/#organization\"},\"potentialAction\":[{\"@type\":\"SearchAction\",\"target\":{\"@type\":\"EntryPoint\",\"urlTemplate\":\"https:\/\/dev.tps.travel\/fr\/?s={search_term_string}\"},\"query-input\":\"required name=search_term_string\"}],\"inLanguage\":\"fr-FR\"},{\"@type\":\"Organization\",\"@id\":\"https:\/\/dev.tps.travel\/fr\/#organization\",\"name\":\"TRAVEL PROFESSIONALS SWITZERLAND\",\"url\":\"https:\/\/dev.tps.travel\/fr\/\",\"logo\":{\"@type\":\"ImageObject\",\"inLanguage\":\"fr-FR\",\"@id\":\"https:\/\/dev.tps.travel\/fr\/#\/schema\/logo\/image\/\",\"url\":\"https:\/\/dev.tps.travel\/wp-content\/uploads\/2022\/06\/logo-blau.jpg\",\"contentUrl\":\"https:\/\/dev.tps.travel\/wp-content\/uploads\/2022\/06\/logo-blau.jpg\",\"width\":580,\"height\":380,\"caption\":\"TRAVEL PROFESSIONALS SWITZERLAND\"},\"image\":{\"@id\":\"https:\/\/dev.tps.travel\/fr\/#\/schema\/logo\/image\/\"}}]}<\/script>\n<!-- \/ Yoast SEO plugin. -->","yoast_head_json":{"title":"Partage d\u2019exp\u00e9riences \u2013 Good to know &ndash; TPS","robots":{"index":"noindex","follow":"follow","max-snippet":"max-snippet:-1","max-image-preview":"max-image-preview:large","max-video-preview":"max-video-preview:-1"},"og_locale":"fr_FR","og_type":"article","og_title":"Partage d\u2019exp\u00e9riences \u2013 Good to know &ndash; TPS","og_description":"[vc_section css=\u00a0\u00bb.vc_custom_1659351852085{padding-bottom: 0px !important;}\u00a0\u00bb][vc_row full_width=\u00a0\u00bbstretch_row_content_no_spaces\u00a0\u00bb][vc_column][\/vc_column][\/vc_row][\/vc_section][vc_section el_class=\u00a0\u00bbbg-9&Prime; css=\u00a0\u00bb.vc_custom_1659351760968{padding-top: 30px !important;}\u00a0\u00bb][vc_row][vc_column][vc_column_text]Savoir c&rsquo;est pouvoir ! Etre bien inform\u00e9 repr\u00e9sente un avantage concurrentiel. Ici, nous publions r\u00e9guli\u00e8rement des articles int\u00e9ressants sur et pour l&rsquo;industrie du voyage. Il peut s&rsquo;agir de contributions d&rsquo;invit\u00e9s, d&rsquo;articles d\u00e9j\u00e0 parus dans les m\u00e9dias ou de nouvelles tr\u00e8s g\u00e9n\u00e9rales importantes et pertinentes concernant le monde [&hellip;]","og_url":"https:\/\/dev.tps.travel\/fr\/partage-dexperiences\/","og_site_name":"TPS","article_modified_time":"2023-06-13T13:40:49+00:00","og_image":[{"width":580,"height":380,"url":"https:\/\/dev.tps.travel\/wp-content\/uploads\/2022\/06\/logo-blau.jpg","type":"image\/jpeg"}],"twitter_card":"summary_large_image","twitter_misc":{"Dur\u00e9e de lecture estim\u00e9e":"1 minute"},"schema":{"@context":"https:\/\/schema.org","@graph":[{"@type":"WebPage","@id":"https:\/\/dev.tps.travel\/fr\/partage-dexperiences\/","url":"https:\/\/dev.tps.travel\/fr\/partage-dexperiences\/","name":"Partage d\u2019exp\u00e9riences \u2013 Good to know &ndash; TPS","isPartOf":{"@id":"https:\/\/dev.tps.travel\/fr\/#website"},"datePublished":"2022-07-27T19:32:58+00:00","dateModified":"2023-06-13T13:40:49+00:00","breadcrumb":{"@id":"https:\/\/dev.tps.travel\/fr\/partage-dexperiences\/#breadcrumb"},"inLanguage":"fr-FR","potentialAction":[{"@type":"ReadAction","target":["https:\/\/dev.tps.travel\/fr\/partage-dexperiences\/"]}]},{"@type":"BreadcrumbList","@id":"https:\/\/dev.tps.travel\/fr\/partage-dexperiences\/#breadcrumb","itemListElement":[{"@type":"ListItem","position":1,"name":"Home","item":"https:\/\/dev.tps.travel\/fr\/"},{"@type":"ListItem","position":2,"name":"Partage d\u2019exp\u00e9riences \u2013 Good to know"}]},{"@type":"WebSite","@id":"https:\/\/dev.tps.travel\/fr\/#website","url":"https:\/\/dev.tps.travel\/fr\/","name":"TPS","description":"TRAVEL PROFESSIONALS SWITZERLAND","publisher":{"@id":"https:\/\/dev.tps.travel\/fr\/#organization"},"potentialAction":[{"@type":"SearchAction","target":{"@type":"EntryPoint","urlTemplate":"https:\/\/dev.tps.travel\/fr\/?s={search_term_string}"},"query-input":"required name=search_term_string"}],"inLanguage":"fr-FR"},{"@type":"Organization","@id":"https:\/\/dev.tps.travel\/fr\/#organization","name":"TRAVEL PROFESSIONALS SWITZERLAND","url":"https:\/\/dev.tps.travel\/fr\/","logo":{"@type":"ImageObject","inLanguage":"fr-FR","@id":"https:\/\/dev.tps.travel\/fr\/#\/schema\/logo\/image\/","url":"https:\/\/dev.tps.travel\/wp-content\/uploads\/2022\/06\/logo-blau.jpg","contentUrl":"https:\/\/dev.tps.travel\/wp-content\/uploads\/2022\/06\/logo-blau.jpg","width":580,"height":380,"caption":"TRAVEL PROFESSIONALS SWITZERLAND"},"image":{"@id":"https:\/\/dev.tps.travel\/fr\/#\/schema\/logo\/image\/"}}]}},"_links":{"self":[{"href":"https:\/\/dev.tps.travel\/fr\/wp-json\/wp\/v2\/pages\/3508"}],"collection":[{"href":"https:\/\/dev.tps.travel\/fr\/wp-json\/wp\/v2\/pages"}],"about":[{"href":"https:\/\/dev.tps.travel\/fr\/wp-json\/wp\/v2\/types\/page"}],"author":[{"embeddable":true,"href":"https:\/\/dev.tps.travel\/fr\/wp-json\/wp\/v2\/users\/167"}],"replies":[{"embeddable":true,"href":"https:\/\/dev.tps.travel\/fr\/wp-json\/wp\/v2\/comments?post=3508"}],"version-history":[{"count":17,"href":"https:\/\/dev.tps.travel\/fr\/wp-json\/wp\/v2\/pages\/3508\/revisions"}],"predecessor-version":[{"id":15025,"href":"https:\/\/dev.tps.travel\/fr\/wp-json\/wp\/v2\/pages\/3508\/revisions\/15025"}],"wp:attachment":[{"href":"https:\/\/dev.tps.travel\/fr\/wp-json\/wp\/v2\/media?parent=3508"}],"curies":[{"name":"wp","href":"https:\/\/api.w.org\/{rel}","templated":true}]}}