{"id":422,"date":"2022-06-10T06:30:53","date_gmt":"2022-06-10T06:30:53","guid":{"rendered":"https:\/\/tps.travel\/vorstand\/"},"modified":"2023-09-03T10:26:51","modified_gmt":"2023-09-03T08:26:51","slug":"comite","status":"publish","type":"page","link":"https:\/\/dev.tps.travel\/fr\/comite\/","title":{"rendered":"Comit\u00e9"},"content":{"rendered":"<section class=\"wpb-content-wrapper\"><p>[vc_section css=\u00a0\u00bb.vc_custom_1654815415244{background-color: #ecf4fc !important;}\u00a0\u00bb][vc_row][vc_column]<div class=\"breadcrumbs\"><label><\/label> <a href=\"https:\/\/dev.tps.travel\/fr\/\">Home<\/a><\/div>[vc_custom_heading text=\u00a0\u00bbComit\u00e9 et Direction\u00a0\u00bb font_container=\u00a0\u00bbtag:h1|text_align:left\u00a0\u00bb use_theme_fonts=\u00a0\u00bbyes\u00a0\u00bb][vc_single_image image=\u00a0\u00bb17280&Prime; img_size=\u00a0\u00bbfull\u00a0\u00bb][\/vc_column][\/vc_row][vc_row][vc_column]<div class=\"text-center team-wrapper wpb_content_element\"><div class=\"text-box\"><h2 class=\"entry-title\">Team<\/h2><\/div><div class=\"team\"><div class=\"person\"><figure class=\"img-box\" style=\"background-image: url(https:\/\/dev.tps.travel\/wp-content\/uploads\/2022\/06\/Sonja-Laborde-TPS.jpg)\"><\/figure><h5>Sonja Laborde<\/h5><p>co-pr\u00e9sidente TPS, Cully (VD)<\/p><ul class=\"person-contact-list\"><li class=\"item-mail\"><a href=\"mailto: sonja.laborde@tps.travel\"><i class=\"icon-mail\"><\/i><\/a><\/li><\/ul><\/div><div class=\"person\"><figure class=\"img-box\" style=\"background-image: url(https:\/\/dev.tps.travel\/wp-content\/uploads\/2022\/09\/IMG_2234-1.jpg)\"><\/figure><h5>Kurt Eberhard<\/h5><p>co-pr\u00e9sident TPS, Kloten (ZH)<\/p><ul class=\"person-contact-list\"><li class=\"item-mail\"><a href=\"mailto:kurt.eberhard@tps.travel \"><i class=\"icon-mail\"><\/i><\/a><\/li><\/ul><\/div><div class=\"person\"><figure class=\"img-box\" style=\"background-image: url(https:\/\/dev.tps.travel\/wp-content\/uploads\/2023\/02\/Portraitfoto-Thomas-Althaus-1-scaled.jpg)\"><\/figure><h5>Thomas Althaus<\/h5><p>Directeur TPS, Kloten (ZH)<\/p><ul class=\"person-contact-list\"><li class=\"item-mail\"><a href=\"mailto:thomas.althaus@tps.travel\"><i class=\"icon-mail\"><\/i><\/a><\/li><li class=\"item-phone\"><a href=\"tel:+41 79 2169069\"><i class=\"icon-phone\"><\/i><\/a><\/li><\/ul><\/div><div class=\"person\"><figure class=\"img-box\" style=\"background-image: url(https:\/\/dev.tps.travel\/wp-content\/uploads\/2022\/06\/Florence-Inabnit1-002.jpeg)\"><\/figure><h5>Florence In\u00e4bnit<\/h5><p>co-propri\u00e9taire & co-g\u00e9rante, L'Esprit du voyage, Fribourg<\/p><ul class=\"person-contact-list\"><li class=\"item-mail\"><a href=\"mailto:florence@ev-fribourg.ch\"><i class=\"icon-mail\"><\/i><\/a><\/li><\/ul><\/div><div class=\"person\"><figure class=\"img-box\" style=\"background-image: url(https:\/\/dev.tps.travel\/wp-content\/uploads\/2022\/06\/Roger_Geissberger_KnechtReisen.jpg)\"><\/figure><h5>Roger Geissberger<\/h5><p>pr\u00e9sident Knecht Reisegruppe, Windisch (AG)<\/p><ul class=\"person-contact-list\"><li class=\"item-mail\"><a href=\"mailto:roger.geissberger@kencht-reisen.ch \"><i class=\"icon-mail\"><\/i><\/a><\/li><\/ul><\/div><div class=\"person\"><figure class=\"img-box\" style=\"background-image: url(https:\/\/dev.tps.travel\/wp-content\/uploads\/2022\/06\/David_Lechot2-2.jpg)\"><\/figure><h5>David L\u00e9chot<\/h5><p>propri\u00e9taire & g\u00e9rant d'Indalo Space, Fribourg<\/p><ul class=\"person-contact-list\"><li class=\"item-mail\"><a href=\"mailto:david.lechot@indalo.ch\"><i class=\"icon-mail\"><\/i><\/a><\/li><\/ul><\/div><div class=\"person\"><figure class=\"img-box\" style=\"background-image: url(https:\/\/dev.tps.travel\/wp-content\/uploads\/2022\/06\/Stephan-Roemer_Tourasia.jpg)\"><\/figure><h5>Stephan Roemer<\/h5><p>propri\u00e9taire et directeur g\u00e9n\u00e9ral de Tourasia, Wallisellen (ZH)<\/p><ul class=\"person-contact-list\"><li class=\"item-mail\"><a href=\"mailto:stephan.roemer@tourasia.ch \"><i class=\"icon-mail\"><\/i><\/a><\/li><\/ul><\/div><div class=\"person\"><figure class=\"img-box\" style=\"background-image: url(https:\/\/dev.tps.travel\/wp-content\/uploads\/2022\/06\/Koni_Koelbl_Travel_Solutions.jpg)\"><\/figure><h5>Koni Koelbl<\/h5><p>propri\u00e9taire et directeur g\u00e9n\u00e9ral Travel Solutions, Bremgarten (BE)<\/p><ul class=\"person-contact-list\"><li class=\"item-mail\"><a href=\"mailto:koni.koelbl@travel-solutions.ch \"><i class=\"icon-mail\"><\/i><\/a><\/li><\/ul><\/div><div class=\"person\"><figure class=\"img-box\" style=\"background-image: url(https:\/\/dev.tps.travel\/wp-content\/uploads\/2022\/06\/Michael_Mettler_Helbling.jpg)\"><\/figure><h5>Michael Mettler<\/h5><p>propri\u00e9taire et directeur g\u00e9n\u00e9ral de Helbling Reisen Gossau (SG)<\/p><ul class=\"person-contact-list\"><li class=\"item-mail\"><a href=\"mailto:michael.mettler@helbling-reisen.ch \"><i class=\"icon-mail\"><\/i><\/a><\/li><\/ul><\/div><div class=\"person\"><figure class=\"img-box\" style=\"background-image: url(https:\/\/dev.tps.travel\/wp-content\/uploads\/2022\/06\/Marcel-Gehring_LetsgoTours.jpg)\"><\/figure><h5>Marcel Gehring<\/h5><p>copropri\u00e9taire et directeur g\u00e9n\u00e9ral de Let's go Tours<\/p><ul class=\"person-contact-list\"><li class=\"item-mail\"><a href=\"mailto:mgehring@letsgo.ch \"><i class=\"icon-mail\"><\/i><\/a><\/li><\/ul><\/div><div class=\"person\"><figure class=\"img-box\" style=\"background-image: url(https:\/\/dev.tps.travel\/wp-content\/uploads\/2022\/06\/Alexandre_Python.jpg)\"><\/figure><h5>Alexandre Python<\/h5><p>propri\u00e9taire & directeur g\u00e9n\u00e9ral, Ad Gentes, Gen\u00e8ve<\/p><ul class=\"person-contact-list\"><li class=\"item-mail\"><a href=\"mailto:alexandre.python@ad-gentes.ch \"><i class=\"icon-mail\"><\/i><\/a><\/li><\/ul><\/div><div class=\"person\"><figure class=\"img-box\" style=\"background-image: url(https:\/\/dev.tps.travel\/wp-content\/uploads\/2022\/09\/Christine-Fournier2.jpg)\"><\/figure><h5>Christine Fournier<\/h5><p>Assistante de la direction<\/p><ul class=\"person-contact-list\"><li class=\"item-mail\"><a href=\"mailto:sercretariat@tps.travel\"><i class=\"icon-mail\"><\/i><\/a><\/li><\/ul><\/div><div class=\"person\"><figure class=\"img-box\" style=\"background-image: url(https:\/\/dev.tps.travel\/wp-content\/uploads\/2022\/09\/Gaby_Howald_TPS_1-scaled.jpg)\"><\/figure><h5>Gaby Howald<\/h5><p>Assistante de la direction<\/p><ul class=\"person-contact-list\"><li class=\"item-mail\"><a href=\"mailto:gaby.howald@tps.travel\"><i class=\"icon-mail\"><\/i><\/a><\/li><\/ul><\/div><\/div><\/div>[\/vc_column][\/vc_row][\/vc_section]<\/p>\n<\/section>","protected":false},"excerpt":{"rendered":"<p>[vc_section css=\u00a0\u00bb.vc_custom_1654815415244{background-color: #ecf4fc !important;}\u00a0\u00bb][vc_row][vc_column][vc_custom_heading text=\u00a0\u00bbComit\u00e9 et Direction\u00a0\u00bb font_container=\u00a0\u00bbtag:h1|text_align:left\u00a0\u00bb use_theme_fonts=\u00a0\u00bbyes\u00a0\u00bb][vc_single_image image=\u00a0\u00bb17280&Prime; img_size=\u00a0\u00bbfull\u00a0\u00bb][\/vc_column][\/vc_row][vc_row][vc_column][\/vc_column][\/vc_row][\/vc_section]<\/p>\n","protected":false},"author":1,"featured_media":0,"parent":0,"menu_order":0,"comment_status":"closed","ping_status":"closed","template":"","meta":{"footnotes":""},"acf":[],"yoast_head":"<!-- This site is optimized with the Yoast SEO plugin v21.1 - https:\/\/yoast.com\/wordpress\/plugins\/seo\/ -->\n<title>Comit\u00e9 &ndash; TPS<\/title>\n<meta name=\"robots\" content=\"noindex, follow, max-snippet:-1, max-image-preview:large, max-video-preview:-1\" \/>\n<meta property=\"og:locale\" content=\"fr_FR\" \/>\n<meta property=\"og:type\" content=\"article\" \/>\n<meta property=\"og:title\" content=\"Comit\u00e9 &ndash; TPS\" \/>\n<meta property=\"og:description\" content=\"[vc_section css=\u00a0\u00bb.vc_custom_1654815415244{background-color: #ecf4fc !important;}\u00a0\u00bb][vc_row][vc_column][vc_custom_heading text=\u00a0\u00bbComit\u00e9 et Direction\u00a0\u00bb font_container=\u00a0\u00bbtag:h1|text_align:left\u00a0\u00bb use_theme_fonts=\u00a0\u00bbyes\u00a0\u00bb][vc_single_image image=\u00a0\u00bb17280&Prime; img_size=\u00a0\u00bbfull\u00a0\u00bb][\/vc_column][\/vc_row][vc_row][vc_column][\/vc_column][\/vc_row][\/vc_section]\" \/>\n<meta property=\"og:url\" content=\"https:\/\/dev.tps.travel\/fr\/comite\/\" \/>\n<meta property=\"og:site_name\" content=\"TPS\" \/>\n<meta property=\"article:modified_time\" content=\"2023-09-03T08:26:51+00:00\" \/>\n<meta property=\"og:image\" content=\"https:\/\/dev.tps.travel\/wp-content\/uploads\/2022\/06\/logo-blau.jpg\" \/>\n\t<meta property=\"og:image:width\" content=\"580\" \/>\n\t<meta property=\"og:image:height\" content=\"380\" \/>\n\t<meta property=\"og:image:type\" content=\"image\/jpeg\" \/>\n<meta name=\"twitter:card\" content=\"summary_large_image\" \/>\n<meta name=\"twitter:label1\" content=\"Dur\u00e9e de lecture estim\u00e9e\" \/>\n\t<meta name=\"twitter:data1\" content=\"1 minute\" \/>\n<script type=\"application\/ld+json\" class=\"yoast-schema-graph\">{\"@context\":\"https:\/\/schema.org\",\"@graph\":[{\"@type\":\"WebPage\",\"@id\":\"https:\/\/dev.tps.travel\/fr\/comite\/\",\"url\":\"https:\/\/dev.tps.travel\/fr\/comite\/\",\"name\":\"Comit\u00e9 &ndash; TPS\",\"isPartOf\":{\"@id\":\"https:\/\/dev.tps.travel\/fr\/#website\"},\"datePublished\":\"2022-06-10T06:30:53+00:00\",\"dateModified\":\"2023-09-03T08:26:51+00:00\",\"breadcrumb\":{\"@id\":\"https:\/\/dev.tps.travel\/fr\/comite\/#breadcrumb\"},\"inLanguage\":\"fr-FR\",\"potentialAction\":[{\"@type\":\"ReadAction\",\"target\":[\"https:\/\/dev.tps.travel\/fr\/comite\/\"]}]},{\"@type\":\"BreadcrumbList\",\"@id\":\"https:\/\/dev.tps.travel\/fr\/comite\/#breadcrumb\",\"itemListElement\":[{\"@type\":\"ListItem\",\"position\":1,\"name\":\"Home\",\"item\":\"https:\/\/dev.tps.travel\/fr\/\"},{\"@type\":\"ListItem\",\"position\":2,\"name\":\"Comit\u00e9\"}]},{\"@type\":\"WebSite\",\"@id\":\"https:\/\/dev.tps.travel\/fr\/#website\",\"url\":\"https:\/\/dev.tps.travel\/fr\/\",\"name\":\"TPS\",\"description\":\"TRAVEL PROFESSIONALS SWITZERLAND\",\"publisher\":{\"@id\":\"https:\/\/dev.tps.travel\/fr\/#organization\"},\"potentialAction\":[{\"@type\":\"SearchAction\",\"target\":{\"@type\":\"EntryPoint\",\"urlTemplate\":\"https:\/\/dev.tps.travel\/fr\/?s={search_term_string}\"},\"query-input\":\"required name=search_term_string\"}],\"inLanguage\":\"fr-FR\"},{\"@type\":\"Organization\",\"@id\":\"https:\/\/dev.tps.travel\/fr\/#organization\",\"name\":\"TRAVEL PROFESSIONALS SWITZERLAND\",\"url\":\"https:\/\/dev.tps.travel\/fr\/\",\"logo\":{\"@type\":\"ImageObject\",\"inLanguage\":\"fr-FR\",\"@id\":\"https:\/\/dev.tps.travel\/fr\/#\/schema\/logo\/image\/\",\"url\":\"https:\/\/dev.tps.travel\/wp-content\/uploads\/2022\/06\/logo-blau.jpg\",\"contentUrl\":\"https:\/\/dev.tps.travel\/wp-content\/uploads\/2022\/06\/logo-blau.jpg\",\"width\":580,\"height\":380,\"caption\":\"TRAVEL PROFESSIONALS SWITZERLAND\"},\"image\":{\"@id\":\"https:\/\/dev.tps.travel\/fr\/#\/schema\/logo\/image\/\"}}]}<\/script>\n<!-- \/ Yoast SEO plugin. -->","yoast_head_json":{"title":"Comit\u00e9 &ndash; TPS","robots":{"index":"noindex","follow":"follow","max-snippet":"max-snippet:-1","max-image-preview":"max-image-preview:large","max-video-preview":"max-video-preview:-1"},"og_locale":"fr_FR","og_type":"article","og_title":"Comit\u00e9 &ndash; TPS","og_description":"[vc_section css=\u00a0\u00bb.vc_custom_1654815415244{background-color: #ecf4fc !important;}\u00a0\u00bb][vc_row][vc_column][vc_custom_heading text=\u00a0\u00bbComit\u00e9 et Direction\u00a0\u00bb font_container=\u00a0\u00bbtag:h1|text_align:left\u00a0\u00bb use_theme_fonts=\u00a0\u00bbyes\u00a0\u00bb][vc_single_image image=\u00a0\u00bb17280&Prime; img_size=\u00a0\u00bbfull\u00a0\u00bb][\/vc_column][\/vc_row][vc_row][vc_column][\/vc_column][\/vc_row][\/vc_section]","og_url":"https:\/\/dev.tps.travel\/fr\/comite\/","og_site_name":"TPS","article_modified_time":"2023-09-03T08:26:51+00:00","og_image":[{"width":580,"height":380,"url":"https:\/\/dev.tps.travel\/wp-content\/uploads\/2022\/06\/logo-blau.jpg","type":"image\/jpeg"}],"twitter_card":"summary_large_image","twitter_misc":{"Dur\u00e9e de lecture estim\u00e9e":"1 minute"},"schema":{"@context":"https:\/\/schema.org","@graph":[{"@type":"WebPage","@id":"https:\/\/dev.tps.travel\/fr\/comite\/","url":"https:\/\/dev.tps.travel\/fr\/comite\/","name":"Comit\u00e9 &ndash; TPS","isPartOf":{"@id":"https:\/\/dev.tps.travel\/fr\/#website"},"datePublished":"2022-06-10T06:30:53+00:00","dateModified":"2023-09-03T08:26:51+00:00","breadcrumb":{"@id":"https:\/\/dev.tps.travel\/fr\/comite\/#breadcrumb"},"inLanguage":"fr-FR","potentialAction":[{"@type":"ReadAction","target":["https:\/\/dev.tps.travel\/fr\/comite\/"]}]},{"@type":"BreadcrumbList","@id":"https:\/\/dev.tps.travel\/fr\/comite\/#breadcrumb","itemListElement":[{"@type":"ListItem","position":1,"name":"Home","item":"https:\/\/dev.tps.travel\/fr\/"},{"@type":"ListItem","position":2,"name":"Comit\u00e9"}]},{"@type":"WebSite","@id":"https:\/\/dev.tps.travel\/fr\/#website","url":"https:\/\/dev.tps.travel\/fr\/","name":"TPS","description":"TRAVEL PROFESSIONALS SWITZERLAND","publisher":{"@id":"https:\/\/dev.tps.travel\/fr\/#organization"},"potentialAction":[{"@type":"SearchAction","target":{"@type":"EntryPoint","urlTemplate":"https:\/\/dev.tps.travel\/fr\/?s={search_term_string}"},"query-input":"required name=search_term_string"}],"inLanguage":"fr-FR"},{"@type":"Organization","@id":"https:\/\/dev.tps.travel\/fr\/#organization","name":"TRAVEL PROFESSIONALS SWITZERLAND","url":"https:\/\/dev.tps.travel\/fr\/","logo":{"@type":"ImageObject","inLanguage":"fr-FR","@id":"https:\/\/dev.tps.travel\/fr\/#\/schema\/logo\/image\/","url":"https:\/\/dev.tps.travel\/wp-content\/uploads\/2022\/06\/logo-blau.jpg","contentUrl":"https:\/\/dev.tps.travel\/wp-content\/uploads\/2022\/06\/logo-blau.jpg","width":580,"height":380,"caption":"TRAVEL PROFESSIONALS SWITZERLAND"},"image":{"@id":"https:\/\/dev.tps.travel\/fr\/#\/schema\/logo\/image\/"}}]}},"_links":{"self":[{"href":"https:\/\/dev.tps.travel\/fr\/wp-json\/wp\/v2\/pages\/422"}],"collection":[{"href":"https:\/\/dev.tps.travel\/fr\/wp-json\/wp\/v2\/pages"}],"about":[{"href":"https:\/\/dev.tps.travel\/fr\/wp-json\/wp\/v2\/types\/page"}],"author":[{"embeddable":true,"href":"https:\/\/dev.tps.travel\/fr\/wp-json\/wp\/v2\/users\/1"}],"replies":[{"embeddable":true,"href":"https:\/\/dev.tps.travel\/fr\/wp-json\/wp\/v2\/comments?post=422"}],"version-history":[{"count":16,"href":"https:\/\/dev.tps.travel\/fr\/wp-json\/wp\/v2\/pages\/422\/revisions"}],"predecessor-version":[{"id":17284,"href":"https:\/\/dev.tps.travel\/fr\/wp-json\/wp\/v2\/pages\/422\/revisions\/17284"}],"wp:attachment":[{"href":"https:\/\/dev.tps.travel\/fr\/wp-json\/wp\/v2\/media?parent=422"}],"curies":[{"name":"wp","href":"https:\/\/api.w.org\/{rel}","templated":true}]}}