{"id":424,"date":"2022-06-09T09:32:42","date_gmt":"2022-06-09T07:32:42","guid":{"rendered":"https:\/\/tps.travel\/mitglied-werden\/"},"modified":"2022-08-04T12:06:37","modified_gmt":"2022-08-04T10:06:37","slug":"comment-adherer","status":"publish","type":"page","link":"https:\/\/dev.tps.travel\/fr\/comment-adherer\/","title":{"rendered":"Devenir membre TPS \u2013 Un investissement rentable"},"content":{"rendered":"<section class=\"wpb-content-wrapper\"><p>[vc_section el_class=\u00a0\u00bbbg-5&Prime;][vc_row full_width=\u00a0\u00bbstretch_row_content_no_spaces\u00a0\u00bb][vc_column]<div class=\"custom-top-banner img-box \" style=\"background-image: url(https:\/\/dev.tps.travel\/wp-content\/uploads\/2022\/08\/Mitglied_werden_shutterstock_1643578024.jpg)\"><div class=\"container relative\"><div class=\"text-box align-center\"><h1>Devenir membre TPS \u2013 Un investissement rentable<\/h1><\/div><\/div><\/div>[\/vc_column][\/vc_row][vc_row][vc_column]<div class=\"breadcrumbs\"><label><\/label> <a href=\"https:\/\/dev.tps.travel\/fr\/\">Home<\/a><\/div>[\/vc_column][\/vc_row][vc_row][vc_column][vc_column_text]Adh\u00e9rer et profiter est la devise de TPS. La souscription unique d&rsquo;un certificat coop\u00e9ratif et les faibles co\u00fbts annuels sont compens\u00e9s plusieurs fois par des commissions plus \u00e9lev\u00e9es et des conditions avantageuses de la part des fournisseurs. L&rsquo;\u00e9change avec des professionnels partageant les m\u00eames id\u00e9es lors d&rsquo;\u00e9v\u00e9nements communs, de cours de formation ou sur une plateforme interne ne sont que quelques-unes des excellentes raisons de nous rejoindre.[\/vc_column_text][vc_row_inner el_class=\u00a0\u00bbtablet-row vertical-center\u00a0\u00bb][vc_column_inner width=\u00a0\u00bb2\/3&Prime;]\n<div class=\"wpcf7 no-js\" id=\"wpcf7-f432-o1\" lang=\"en-US\" dir=\"ltr\">\n<div class=\"screen-reader-response\"><p role=\"status\" aria-live=\"polite\" aria-atomic=\"true\"><\/p> <ul><\/ul><\/div>\n<form action=\"\/fr\/wp-json\/wp\/v2\/pages\/424#wpcf7-f432-o1\" method=\"post\" class=\"wpcf7-form init\" aria-label=\"Contact form\" novalidate=\"novalidate\" data-status=\"init\">\n<div style=\"display: none;\">\n<input type=\"hidden\" name=\"_wpcf7\" value=\"432\" \/>\n<input type=\"hidden\" name=\"_wpcf7_version\" value=\"5.8\" \/>\n<input type=\"hidden\" name=\"_wpcf7_locale\" value=\"en_US\" \/>\n<input type=\"hidden\" name=\"_wpcf7_unit_tag\" value=\"wpcf7-f432-o1\" \/>\n<input type=\"hidden\" name=\"_wpcf7_container_post\" value=\"0\" \/>\n<input type=\"hidden\" name=\"_wpcf7_posted_data_hash\" value=\"\" \/>\n<\/div>\n<div class=\"wpcf7-response-output\" aria-hidden=\"true\"><\/div>\n<div class=\"wpcf7-inner-box\">\n\t<p><span class=\"wpcf7-form-control-wrap\" data-name=\"your-company\"><input size=\"40\" class=\"wpcf7-form-control wpcf7-text\" aria-invalid=\"false\" placeholder=\"Soci\u00e9t\u00e9\" value=\"\" type=\"text\" name=\"your-company\" \/><\/span><br \/>\n<span class=\"wpcf7-form-control-wrap\" data-name=\"your-subject\"><input size=\"40\" class=\"wpcf7-form-control wpcf7-text\" aria-invalid=\"false\" placeholder=\"Civilit\u00e9\" value=\"\" type=\"text\" name=\"your-subject\" \/><\/span><br \/>\n<span class=\"wpcf7-form-control-wrap\" data-name=\"your-name\"><input size=\"40\" maxlength=\"30\" minlength=\"2\" class=\"wpcf7-form-control wpcf7-text wpcf7-validates-as-required\" aria-required=\"true\" aria-invalid=\"false\" placeholder=\"Pr\u00e9nom *\" value=\"\" type=\"text\" name=\"your-name\" \/><\/span><br \/>\n<span class=\"wpcf7-form-control-wrap\" data-name=\"your-lastname\"><input size=\"40\" maxlength=\"30\" minlength=\"2\" class=\"wpcf7-form-control wpcf7-text wpcf7-validates-as-required\" aria-required=\"true\" aria-invalid=\"false\" placeholder=\"Nom *\" value=\"\" type=\"text\" name=\"your-lastname\" \/><\/span><br \/>\n<span class=\"wpcf7-form-control-wrap\" data-name=\"your-email\"><input size=\"40\" class=\"wpcf7-form-control wpcf7-email wpcf7-validates-as-required wpcf7-text wpcf7-validates-as-email\" aria-required=\"true\" aria-invalid=\"false\" placeholder=\"Adresse e-mail *\" value=\"\" type=\"email\" name=\"your-email\" \/><\/span><br \/>\n<span class=\"wpcf7-form-control-wrap\" data-name=\"your-goal\"><select class=\"wpcf7-form-control wpcf7-select custom-select\" aria-invalid=\"false\" name=\"your-goal\"><option value=\"\">Je suis int\u00e9ress\u00e9(e) par :<\/option><option value=\"l&#039;adh\u00e9sion en tant qu&#039;agence de voyage ou tour-op\u00e9rateur\">l&#039;adh\u00e9sion en tant qu&#039;agence de voyage ou tour-op\u00e9rateur<\/option><option value=\"l&#039;Adh\u00e9sion en tant que prestataire de service\">l&#039;Adh\u00e9sion en tant que prestataire de service<\/option><option value=\"Autres questions\/commentaires\">Autres questions\/commentaires<\/option><\/select><\/span><span id=\"wpcf7-69ddc9679f696-wrapper\" class=\"wpcf7-form-control-wrap email-wrap\" ><input type=\"hidden\" name=\"email-time-start\" value=\"1776142695\"><input type=\"hidden\" name=\"email-time-check\" value=\"4\"><label for=\"wpcf7-69ddc9679f696-field\" class=\"hp-message\">Please leave this field empty.<\/label><input id=\"wpcf7-69ddc9679f696-field\"  class=\"wpcf7-form-control wpcf7-text\" type=\"text\" name=\"email\" value=\"\" size=\"40\" tabindex=\"-1\" autocomplete=\"new-password\" \/><\/span><br \/>\n<span class=\"wpcf7-form-control-wrap\" data-name=\"your-message\"><textarea cols=\"40\" rows=\"4\" class=\"wpcf7-form-control wpcf7-textarea\" aria-invalid=\"false\" placeholder=\"Message\" name=\"your-message\"><\/textarea><\/span><br \/>\n<span class=\"wpcf7-form-control-wrap\" data-name=\"privacy\"><span class=\"wpcf7-form-control wpcf7-acceptance\"><span class=\"wpcf7-list-item\"><label><input type=\"checkbox\" name=\"privacy\" value=\"1\" aria-invalid=\"false\" \/><span class=\"wpcf7-list-item-label\">Veuillez accepter la <a href=\"\/fr\/datenschutz\/\" target=\"_blank\">d\u00e9claration de protection des donn\u00e9e<\/a>.<\/span><\/label><\/span><\/span><\/span>\n\t<\/p>\n<\/div>\n<div class=\"text-right\">\n\t<p><input class=\"wpcf7-form-control wpcf7-submit has-spinner custom-btn\" type=\"submit\" value=\"Envoyer\" \/>\n\t<\/p>\n<\/div>\n<\/form>\n<\/div>\n[\/vc_column_inner][vc_column_inner width=\u00a0\u00bb1\/3&Prime;][vc_column_text]<strong>Contact<\/strong>[\/vc_column_text]<ul class=\"contact-list\"><li class=\"item-adress\"><i class=\"icon-pin\"><\/i><span>TPS \u2013 Travel Professionals Switzerland<br \/>\nPlace du Temple 4<br \/>\nCH-1096 Cully (VD)<\/span><\/li><li class=\"item-mail\"><a href=\"mailto:secretariat@tps.travel\"><i class=\"icon-mail\"><\/i><span>secretariat@tps.travel<\/span><\/a><\/li><li class=\"item-phone\"><a href=\"tel:+41 21 799 44 66\"><i class=\"icon-phone\"><\/i><span>+41 21 799 44 66<\/span><\/a><\/li><\/ul>[vc_separator color=\u00a0\u00bbwhite\u00a0\u00bb border_width=\u00a0\u00bb2&Prime;]<ul class=\"contact-list\"><li class=\"item-adress\"><i class=\"icon-pin\"><\/i><span>TPS \u2013 Travel Professionals Switzerland<br \/>\nSchaffhauserstrasse 130<br \/>\nCH-8302 Kloten<\/span><\/li><li class=\"item-mail\"><a href=\"mailto:secretariat@tps.travel\"><i class=\"icon-mail\"><\/i><span>secretariat@tps.travel<\/span><\/a><\/li><li class=\"item-phone\"><a href=\"tel:+41 44 771 19 50\"><i class=\"icon-phone\"><\/i><span>+41 44 771 19 50<\/span><\/a><\/li><\/ul>[\/vc_column_inner][\/vc_row_inner][\/vc_column][\/vc_row][\/vc_section]<\/p>\n<\/section>","protected":false},"excerpt":{"rendered":"<p>[vc_section el_class=\u00a0\u00bbbg-5&Prime;][vc_row full_width=\u00a0\u00bbstretch_row_content_no_spaces\u00a0\u00bb][vc_column][\/vc_column][\/vc_row][vc_row][vc_column][\/vc_column][\/vc_row][vc_row][vc_column][vc_column_text]Adh\u00e9rer et profiter est la devise de TPS. La souscription unique d&rsquo;un certificat coop\u00e9ratif et les faibles co\u00fbts annuels sont compens\u00e9s plusieurs fois par des commissions plus \u00e9lev\u00e9es et des conditions avantageuses de la part des fournisseurs. L&rsquo;\u00e9change avec des professionnels partageant les m\u00eames id\u00e9es lors d&rsquo;\u00e9v\u00e9nements communs, de cours de formation ou [&hellip;]<\/p>\n","protected":false},"author":1,"featured_media":0,"parent":0,"menu_order":0,"comment_status":"closed","ping_status":"closed","template":"","meta":{"footnotes":""},"acf":[],"yoast_head":"<!-- This site is optimized with the Yoast SEO plugin v21.1 - https:\/\/yoast.com\/wordpress\/plugins\/seo\/ -->\n<title>Devenir membre TPS \u2013 Un investissement rentable &ndash; TPS<\/title>\n<meta name=\"robots\" content=\"noindex, follow, max-snippet:-1, max-image-preview:large, max-video-preview:-1\" \/>\n<meta property=\"og:locale\" content=\"fr_FR\" \/>\n<meta property=\"og:type\" content=\"article\" \/>\n<meta property=\"og:title\" content=\"Devenir membre TPS \u2013 Un investissement rentable &ndash; TPS\" \/>\n<meta property=\"og:description\" content=\"[vc_section el_class=\u00a0\u00bbbg-5&Prime;][vc_row full_width=\u00a0\u00bbstretch_row_content_no_spaces\u00a0\u00bb][vc_column][\/vc_column][\/vc_row][vc_row][vc_column][\/vc_column][\/vc_row][vc_row][vc_column][vc_column_text]Adh\u00e9rer et profiter est la devise de TPS. La souscription unique d&rsquo;un certificat coop\u00e9ratif et les faibles co\u00fbts annuels sont compens\u00e9s plusieurs fois par des commissions plus \u00e9lev\u00e9es et des conditions avantageuses de la part des fournisseurs. L&rsquo;\u00e9change avec des professionnels partageant les m\u00eames id\u00e9es lors d&rsquo;\u00e9v\u00e9nements communs, de cours de formation ou [&hellip;]\" \/>\n<meta property=\"og:url\" content=\"https:\/\/dev.tps.travel\/fr\/comment-adherer\/\" \/>\n<meta property=\"og:site_name\" content=\"TPS\" \/>\n<meta property=\"article:modified_time\" content=\"2022-08-04T10:06:37+00:00\" \/>\n<meta property=\"og:image\" content=\"https:\/\/dev.tps.travel\/wp-content\/uploads\/2022\/06\/logo-blau.jpg\" \/>\n\t<meta property=\"og:image:width\" content=\"580\" \/>\n\t<meta property=\"og:image:height\" content=\"380\" \/>\n\t<meta property=\"og:image:type\" content=\"image\/jpeg\" \/>\n<meta name=\"twitter:card\" content=\"summary_large_image\" \/>\n<meta name=\"twitter:label1\" content=\"Dur\u00e9e de lecture estim\u00e9e\" \/>\n\t<meta name=\"twitter:data1\" content=\"1 minute\" \/>\n<script type=\"application\/ld+json\" class=\"yoast-schema-graph\">{\"@context\":\"https:\/\/schema.org\",\"@graph\":[{\"@type\":\"WebPage\",\"@id\":\"https:\/\/dev.tps.travel\/fr\/comment-adherer\/\",\"url\":\"https:\/\/dev.tps.travel\/fr\/comment-adherer\/\",\"name\":\"Devenir membre TPS \u2013 Un investissement rentable &ndash; TPS\",\"isPartOf\":{\"@id\":\"https:\/\/dev.tps.travel\/fr\/#website\"},\"datePublished\":\"2022-06-09T07:32:42+00:00\",\"dateModified\":\"2022-08-04T10:06:37+00:00\",\"breadcrumb\":{\"@id\":\"https:\/\/dev.tps.travel\/fr\/comment-adherer\/#breadcrumb\"},\"inLanguage\":\"fr-FR\",\"potentialAction\":[{\"@type\":\"ReadAction\",\"target\":[\"https:\/\/dev.tps.travel\/fr\/comment-adherer\/\"]}]},{\"@type\":\"BreadcrumbList\",\"@id\":\"https:\/\/dev.tps.travel\/fr\/comment-adherer\/#breadcrumb\",\"itemListElement\":[{\"@type\":\"ListItem\",\"position\":1,\"name\":\"Home\",\"item\":\"https:\/\/dev.tps.travel\/fr\/\"},{\"@type\":\"ListItem\",\"position\":2,\"name\":\"Devenir membre TPS \u2013 Un investissement rentable\"}]},{\"@type\":\"WebSite\",\"@id\":\"https:\/\/dev.tps.travel\/fr\/#website\",\"url\":\"https:\/\/dev.tps.travel\/fr\/\",\"name\":\"TPS\",\"description\":\"TRAVEL PROFESSIONALS SWITZERLAND\",\"publisher\":{\"@id\":\"https:\/\/dev.tps.travel\/fr\/#organization\"},\"potentialAction\":[{\"@type\":\"SearchAction\",\"target\":{\"@type\":\"EntryPoint\",\"urlTemplate\":\"https:\/\/dev.tps.travel\/fr\/?s={search_term_string}\"},\"query-input\":\"required name=search_term_string\"}],\"inLanguage\":\"fr-FR\"},{\"@type\":\"Organization\",\"@id\":\"https:\/\/dev.tps.travel\/fr\/#organization\",\"name\":\"TRAVEL PROFESSIONALS SWITZERLAND\",\"url\":\"https:\/\/dev.tps.travel\/fr\/\",\"logo\":{\"@type\":\"ImageObject\",\"inLanguage\":\"fr-FR\",\"@id\":\"https:\/\/dev.tps.travel\/fr\/#\/schema\/logo\/image\/\",\"url\":\"https:\/\/dev.tps.travel\/wp-content\/uploads\/2022\/06\/logo-blau.jpg\",\"contentUrl\":\"https:\/\/dev.tps.travel\/wp-content\/uploads\/2022\/06\/logo-blau.jpg\",\"width\":580,\"height\":380,\"caption\":\"TRAVEL PROFESSIONALS SWITZERLAND\"},\"image\":{\"@id\":\"https:\/\/dev.tps.travel\/fr\/#\/schema\/logo\/image\/\"}}]}<\/script>\n<!-- \/ Yoast SEO plugin. -->","yoast_head_json":{"title":"Devenir membre TPS \u2013 Un investissement rentable &ndash; TPS","robots":{"index":"noindex","follow":"follow","max-snippet":"max-snippet:-1","max-image-preview":"max-image-preview:large","max-video-preview":"max-video-preview:-1"},"og_locale":"fr_FR","og_type":"article","og_title":"Devenir membre TPS \u2013 Un investissement rentable &ndash; TPS","og_description":"[vc_section el_class=\u00a0\u00bbbg-5&Prime;][vc_row full_width=\u00a0\u00bbstretch_row_content_no_spaces\u00a0\u00bb][vc_column][\/vc_column][\/vc_row][vc_row][vc_column][\/vc_column][\/vc_row][vc_row][vc_column][vc_column_text]Adh\u00e9rer et profiter est la devise de TPS. La souscription unique d&rsquo;un certificat coop\u00e9ratif et les faibles co\u00fbts annuels sont compens\u00e9s plusieurs fois par des commissions plus \u00e9lev\u00e9es et des conditions avantageuses de la part des fournisseurs. L&rsquo;\u00e9change avec des professionnels partageant les m\u00eames id\u00e9es lors d&rsquo;\u00e9v\u00e9nements communs, de cours de formation ou [&hellip;]","og_url":"https:\/\/dev.tps.travel\/fr\/comment-adherer\/","og_site_name":"TPS","article_modified_time":"2022-08-04T10:06:37+00:00","og_image":[{"width":580,"height":380,"url":"https:\/\/dev.tps.travel\/wp-content\/uploads\/2022\/06\/logo-blau.jpg","type":"image\/jpeg"}],"twitter_card":"summary_large_image","twitter_misc":{"Dur\u00e9e de lecture estim\u00e9e":"1 minute"},"schema":{"@context":"https:\/\/schema.org","@graph":[{"@type":"WebPage","@id":"https:\/\/dev.tps.travel\/fr\/comment-adherer\/","url":"https:\/\/dev.tps.travel\/fr\/comment-adherer\/","name":"Devenir membre TPS \u2013 Un investissement rentable &ndash; TPS","isPartOf":{"@id":"https:\/\/dev.tps.travel\/fr\/#website"},"datePublished":"2022-06-09T07:32:42+00:00","dateModified":"2022-08-04T10:06:37+00:00","breadcrumb":{"@id":"https:\/\/dev.tps.travel\/fr\/comment-adherer\/#breadcrumb"},"inLanguage":"fr-FR","potentialAction":[{"@type":"ReadAction","target":["https:\/\/dev.tps.travel\/fr\/comment-adherer\/"]}]},{"@type":"BreadcrumbList","@id":"https:\/\/dev.tps.travel\/fr\/comment-adherer\/#breadcrumb","itemListElement":[{"@type":"ListItem","position":1,"name":"Home","item":"https:\/\/dev.tps.travel\/fr\/"},{"@type":"ListItem","position":2,"name":"Devenir membre TPS \u2013 Un investissement rentable"}]},{"@type":"WebSite","@id":"https:\/\/dev.tps.travel\/fr\/#website","url":"https:\/\/dev.tps.travel\/fr\/","name":"TPS","description":"TRAVEL PROFESSIONALS SWITZERLAND","publisher":{"@id":"https:\/\/dev.tps.travel\/fr\/#organization"},"potentialAction":[{"@type":"SearchAction","target":{"@type":"EntryPoint","urlTemplate":"https:\/\/dev.tps.travel\/fr\/?s={search_term_string}"},"query-input":"required name=search_term_string"}],"inLanguage":"fr-FR"},{"@type":"Organization","@id":"https:\/\/dev.tps.travel\/fr\/#organization","name":"TRAVEL PROFESSIONALS SWITZERLAND","url":"https:\/\/dev.tps.travel\/fr\/","logo":{"@type":"ImageObject","inLanguage":"fr-FR","@id":"https:\/\/dev.tps.travel\/fr\/#\/schema\/logo\/image\/","url":"https:\/\/dev.tps.travel\/wp-content\/uploads\/2022\/06\/logo-blau.jpg","contentUrl":"https:\/\/dev.tps.travel\/wp-content\/uploads\/2022\/06\/logo-blau.jpg","width":580,"height":380,"caption":"TRAVEL PROFESSIONALS SWITZERLAND"},"image":{"@id":"https:\/\/dev.tps.travel\/fr\/#\/schema\/logo\/image\/"}}]}},"_links":{"self":[{"href":"https:\/\/dev.tps.travel\/fr\/wp-json\/wp\/v2\/pages\/424"}],"collection":[{"href":"https:\/\/dev.tps.travel\/fr\/wp-json\/wp\/v2\/pages"}],"about":[{"href":"https:\/\/dev.tps.travel\/fr\/wp-json\/wp\/v2\/types\/page"}],"author":[{"embeddable":true,"href":"https:\/\/dev.tps.travel\/fr\/wp-json\/wp\/v2\/users\/1"}],"replies":[{"embeddable":true,"href":"https:\/\/dev.tps.travel\/fr\/wp-json\/wp\/v2\/comments?post=424"}],"version-history":[{"count":16,"href":"https:\/\/dev.tps.travel\/fr\/wp-json\/wp\/v2\/pages\/424\/revisions"}],"predecessor-version":[{"id":3985,"href":"https:\/\/dev.tps.travel\/fr\/wp-json\/wp\/v2\/pages\/424\/revisions\/3985"}],"wp:attachment":[{"href":"https:\/\/dev.tps.travel\/fr\/wp-json\/wp\/v2\/media?parent=424"}],"curies":[{"name":"wp","href":"https:\/\/api.w.org\/{rel}","templated":true}]}}