{"id":5273,"date":"2022-08-31T22:30:52","date_gmt":"2022-08-31T20:30:52","guid":{"rendered":"https:\/\/tps.travel\/mitgliederbeitraege\/"},"modified":"2022-09-01T00:18:31","modified_gmt":"2022-08-31T22:18:31","slug":"contributions-des-membres","status":"publish","type":"page","link":"https:\/\/dev.tps.travel\/fr\/contributions-des-membres\/","title":{"rendered":"Contributions des membres"},"content":{"rendered":"<section class=\"wpb-content-wrapper\"><p>[vc_section el_class=\u00a0\u00bbbg-9&Prime;][vc_row][vc_column]<div class=\"breadcrumbs\"><label><\/label> <a href=\"https:\/\/dev.tps.travel\/fr\/\">Home<\/a><\/div><div class=\"stories-wrapper wpb_content_element\"><h1 class=\"entry-title text-center\">Contributions des membres<\/h1><div class=\"stories-slider news-list\"><div id=\"post-10238\" class=\"post-10238 story type-story status-publish has-post-thumbnail hentry\"><a href=\"https:\/\/dev.tps.travel\/fr\/story\/terres-sauvages-sa-safaris-du-monde-1\/\"><figure class=\"img-box\" style=\"background-image: url(https:\/\/dev.tps.travel\/wp-content\/uploads\/2022\/12\/TERRES_SAUVAGES_BLANC-1200X1200.jpg)\"><\/figure><\/a><div class=\"text-box\"><div class=\"post-meta\">Derni\u00e8re mise \u00e0 jour : 07.12.2022<\/div><h4 class=\"entry-title\"><a href=\"https:\/\/dev.tps.travel\/fr\/story\/terres-sauvages-sa-safaris-du-monde-1\/\">TERRES SAUVAGES SA &#8211; SAFARIS DU MONDE<\/a><\/h4><div><p>.<\/p><a href=\"https:\/\/dev.tps.travel\/fr\/story\/terres-sauvages-sa-safaris-du-monde-1\/\" class=\"more-link\">D\u00e9tails<\/a><\/div><\/div><\/div><div id=\"post-7477\" class=\"post-7477 story type-story status-publish has-post-thumbnail hentry\"><a href=\"https:\/\/dev.tps.travel\/fr\/story\/lausanne-voyages-1\/\"><figure class=\"img-box\" style=\"background-image: url(https:\/\/dev.tps.travel\/wp-content\/uploads\/2022\/10\/GDLV_Logo-1-1.jpg)\"><\/figure><\/a><div class=\"text-box\"><div class=\"post-meta\">Derni\u00e8re mise \u00e0 jour : 14.10.2022<\/div><h4 class=\"entry-title\"><a href=\"https:\/\/dev.tps.travel\/fr\/story\/lausanne-voyages-1\/\">Lausanne Voyages<\/a><\/h4><div><p>Laissez donc aux professionnels la t\u00e2che de prendre soin de vous.\n\n\nAlors qu&rsquo;il n&rsquo;a jamais \u00e9t\u00e9 aussi simple de r\u00e9server.<\/p><a href=\"https:\/\/dev.tps.travel\/fr\/story\/lausanne-voyages-1\/\" class=\"more-link\">D\u00e9tails<\/a><\/div><\/div><\/div><div id=\"post-5688\" class=\"post-5688 story type-story status-publish has-post-thumbnail hentry category-partage-dexperiences\"><a href=\"https:\/\/dev.tps.travel\/fr\/story\/die-reisezukunft-beginnt-in-gossau-1\/\"><figure class=\"img-box\" style=\"background-image: url(https:\/\/dev.tps.travel\/wp-content\/uploads\/2022\/09\/2022.06.28_Ansicht-fuer-newsletter2-2-scaled.jpg)\"><\/figure><\/a><div class=\"text-box\"><div class=\"post-meta\">Derni\u00e8re mise \u00e0 jour : 06.09.2022<\/div><h4 class=\"entry-title\"><a href=\"https:\/\/dev.tps.travel\/fr\/story\/die-reisezukunft-beginnt-in-gossau-1\/\">Die Reisezukunft beginnt in Gossau<\/a><\/h4><div><p>La pand\u00e9mie a durement touch\u00e9 l&rsquo;industrie du voyage. En ces temps agit\u00e9s, de nombreuses entreprises ont atteint les limites.<\/p><a href=\"https:\/\/dev.tps.travel\/fr\/story\/die-reisezukunft-beginnt-in-gossau-1\/\" class=\"more-link\">D\u00e9tails<\/a><\/div><\/div><\/div><\/div><\/div>[\/vc_column][\/vc_row][\/vc_section]<\/p>\n<\/section>","protected":false},"excerpt":{"rendered":"<p>[vc_section el_class=\u00a0\u00bbbg-9&Prime;][vc_row][vc_column][\/vc_column][\/vc_row][\/vc_section]<\/p>\n","protected":false},"author":1,"featured_media":0,"parent":0,"menu_order":0,"comment_status":"closed","ping_status":"closed","template":"","meta":{"footnotes":""},"acf":[],"yoast_head":"<!-- This site is optimized with the Yoast SEO plugin v21.1 - https:\/\/yoast.com\/wordpress\/plugins\/seo\/ -->\n<title>Contributions des membres &ndash; TPS<\/title>\n<meta name=\"robots\" content=\"noindex, follow, max-snippet:-1, max-image-preview:large, max-video-preview:-1\" \/>\n<meta property=\"og:locale\" content=\"fr_FR\" \/>\n<meta property=\"og:type\" content=\"article\" \/>\n<meta property=\"og:title\" content=\"Contributions des membres &ndash; TPS\" \/>\n<meta property=\"og:description\" content=\"[vc_section el_class=\u00a0\u00bbbg-9&Prime;][vc_row][vc_column][\/vc_column][\/vc_row][\/vc_section]\" \/>\n<meta property=\"og:url\" content=\"https:\/\/dev.tps.travel\/fr\/contributions-des-membres\/\" \/>\n<meta property=\"og:site_name\" content=\"TPS\" \/>\n<meta property=\"article:modified_time\" content=\"2022-08-31T22:18:31+00:00\" \/>\n<meta property=\"og:image\" content=\"https:\/\/dev.tps.travel\/wp-content\/uploads\/2022\/06\/logo-blau.jpg\" \/>\n\t<meta property=\"og:image:width\" content=\"580\" \/>\n\t<meta property=\"og:image:height\" content=\"380\" \/>\n\t<meta property=\"og:image:type\" content=\"image\/jpeg\" \/>\n<meta name=\"twitter:card\" content=\"summary_large_image\" \/>\n<meta name=\"twitter:label1\" content=\"Dur\u00e9e de lecture estim\u00e9e\" \/>\n\t<meta name=\"twitter:data1\" content=\"1 minute\" \/>\n<script type=\"application\/ld+json\" class=\"yoast-schema-graph\">{\"@context\":\"https:\/\/schema.org\",\"@graph\":[{\"@type\":\"WebPage\",\"@id\":\"https:\/\/dev.tps.travel\/fr\/contributions-des-membres\/\",\"url\":\"https:\/\/dev.tps.travel\/fr\/contributions-des-membres\/\",\"name\":\"Contributions des membres &ndash; TPS\",\"isPartOf\":{\"@id\":\"https:\/\/dev.tps.travel\/fr\/#website\"},\"datePublished\":\"2022-08-31T20:30:52+00:00\",\"dateModified\":\"2022-08-31T22:18:31+00:00\",\"breadcrumb\":{\"@id\":\"https:\/\/dev.tps.travel\/fr\/contributions-des-membres\/#breadcrumb\"},\"inLanguage\":\"fr-FR\",\"potentialAction\":[{\"@type\":\"ReadAction\",\"target\":[\"https:\/\/dev.tps.travel\/fr\/contributions-des-membres\/\"]}]},{\"@type\":\"BreadcrumbList\",\"@id\":\"https:\/\/dev.tps.travel\/fr\/contributions-des-membres\/#breadcrumb\",\"itemListElement\":[{\"@type\":\"ListItem\",\"position\":1,\"name\":\"Home\",\"item\":\"https:\/\/dev.tps.travel\/fr\/\"},{\"@type\":\"ListItem\",\"position\":2,\"name\":\"Contributions des membres\"}]},{\"@type\":\"WebSite\",\"@id\":\"https:\/\/dev.tps.travel\/fr\/#website\",\"url\":\"https:\/\/dev.tps.travel\/fr\/\",\"name\":\"TPS\",\"description\":\"TRAVEL PROFESSIONALS SWITZERLAND\",\"publisher\":{\"@id\":\"https:\/\/dev.tps.travel\/fr\/#organization\"},\"potentialAction\":[{\"@type\":\"SearchAction\",\"target\":{\"@type\":\"EntryPoint\",\"urlTemplate\":\"https:\/\/dev.tps.travel\/fr\/?s={search_term_string}\"},\"query-input\":\"required name=search_term_string\"}],\"inLanguage\":\"fr-FR\"},{\"@type\":\"Organization\",\"@id\":\"https:\/\/dev.tps.travel\/fr\/#organization\",\"name\":\"TRAVEL PROFESSIONALS SWITZERLAND\",\"url\":\"https:\/\/dev.tps.travel\/fr\/\",\"logo\":{\"@type\":\"ImageObject\",\"inLanguage\":\"fr-FR\",\"@id\":\"https:\/\/dev.tps.travel\/fr\/#\/schema\/logo\/image\/\",\"url\":\"https:\/\/dev.tps.travel\/wp-content\/uploads\/2022\/06\/logo-blau.jpg\",\"contentUrl\":\"https:\/\/dev.tps.travel\/wp-content\/uploads\/2022\/06\/logo-blau.jpg\",\"width\":580,\"height\":380,\"caption\":\"TRAVEL PROFESSIONALS SWITZERLAND\"},\"image\":{\"@id\":\"https:\/\/dev.tps.travel\/fr\/#\/schema\/logo\/image\/\"}}]}<\/script>\n<!-- \/ Yoast SEO plugin. -->","yoast_head_json":{"title":"Contributions des membres &ndash; TPS","robots":{"index":"noindex","follow":"follow","max-snippet":"max-snippet:-1","max-image-preview":"max-image-preview:large","max-video-preview":"max-video-preview:-1"},"og_locale":"fr_FR","og_type":"article","og_title":"Contributions des membres &ndash; TPS","og_description":"[vc_section el_class=\u00a0\u00bbbg-9&Prime;][vc_row][vc_column][\/vc_column][\/vc_row][\/vc_section]","og_url":"https:\/\/dev.tps.travel\/fr\/contributions-des-membres\/","og_site_name":"TPS","article_modified_time":"2022-08-31T22:18:31+00:00","og_image":[{"width":580,"height":380,"url":"https:\/\/dev.tps.travel\/wp-content\/uploads\/2022\/06\/logo-blau.jpg","type":"image\/jpeg"}],"twitter_card":"summary_large_image","twitter_misc":{"Dur\u00e9e de lecture estim\u00e9e":"1 minute"},"schema":{"@context":"https:\/\/schema.org","@graph":[{"@type":"WebPage","@id":"https:\/\/dev.tps.travel\/fr\/contributions-des-membres\/","url":"https:\/\/dev.tps.travel\/fr\/contributions-des-membres\/","name":"Contributions des membres &ndash; TPS","isPartOf":{"@id":"https:\/\/dev.tps.travel\/fr\/#website"},"datePublished":"2022-08-31T20:30:52+00:00","dateModified":"2022-08-31T22:18:31+00:00","breadcrumb":{"@id":"https:\/\/dev.tps.travel\/fr\/contributions-des-membres\/#breadcrumb"},"inLanguage":"fr-FR","potentialAction":[{"@type":"ReadAction","target":["https:\/\/dev.tps.travel\/fr\/contributions-des-membres\/"]}]},{"@type":"BreadcrumbList","@id":"https:\/\/dev.tps.travel\/fr\/contributions-des-membres\/#breadcrumb","itemListElement":[{"@type":"ListItem","position":1,"name":"Home","item":"https:\/\/dev.tps.travel\/fr\/"},{"@type":"ListItem","position":2,"name":"Contributions des membres"}]},{"@type":"WebSite","@id":"https:\/\/dev.tps.travel\/fr\/#website","url":"https:\/\/dev.tps.travel\/fr\/","name":"TPS","description":"TRAVEL PROFESSIONALS SWITZERLAND","publisher":{"@id":"https:\/\/dev.tps.travel\/fr\/#organization"},"potentialAction":[{"@type":"SearchAction","target":{"@type":"EntryPoint","urlTemplate":"https:\/\/dev.tps.travel\/fr\/?s={search_term_string}"},"query-input":"required name=search_term_string"}],"inLanguage":"fr-FR"},{"@type":"Organization","@id":"https:\/\/dev.tps.travel\/fr\/#organization","name":"TRAVEL PROFESSIONALS SWITZERLAND","url":"https:\/\/dev.tps.travel\/fr\/","logo":{"@type":"ImageObject","inLanguage":"fr-FR","@id":"https:\/\/dev.tps.travel\/fr\/#\/schema\/logo\/image\/","url":"https:\/\/dev.tps.travel\/wp-content\/uploads\/2022\/06\/logo-blau.jpg","contentUrl":"https:\/\/dev.tps.travel\/wp-content\/uploads\/2022\/06\/logo-blau.jpg","width":580,"height":380,"caption":"TRAVEL PROFESSIONALS SWITZERLAND"},"image":{"@id":"https:\/\/dev.tps.travel\/fr\/#\/schema\/logo\/image\/"}}]}},"_links":{"self":[{"href":"https:\/\/dev.tps.travel\/fr\/wp-json\/wp\/v2\/pages\/5273"}],"collection":[{"href":"https:\/\/dev.tps.travel\/fr\/wp-json\/wp\/v2\/pages"}],"about":[{"href":"https:\/\/dev.tps.travel\/fr\/wp-json\/wp\/v2\/types\/page"}],"author":[{"embeddable":true,"href":"https:\/\/dev.tps.travel\/fr\/wp-json\/wp\/v2\/users\/1"}],"replies":[{"embeddable":true,"href":"https:\/\/dev.tps.travel\/fr\/wp-json\/wp\/v2\/comments?post=5273"}],"version-history":[{"count":1,"href":"https:\/\/dev.tps.travel\/fr\/wp-json\/wp\/v2\/pages\/5273\/revisions"}],"predecessor-version":[{"id":5274,"href":"https:\/\/dev.tps.travel\/fr\/wp-json\/wp\/v2\/pages\/5273\/revisions\/5274"}],"wp:attachment":[{"href":"https:\/\/dev.tps.travel\/fr\/wp-json\/wp\/v2\/media?parent=5273"}],"curies":[{"name":"wp","href":"https:\/\/api.w.org\/{rel}","templated":true}]}}